{"id":983,"date":"2024-08-19T15:01:45","date_gmt":"2024-08-19T12:01:45","guid":{"rendered":"https:\/\/setterirkdernegi.com.tr\/?page_id=983"},"modified":"2025-03-19T12:15:58","modified_gmt":"2025-03-19T09:15:58","slug":"hakkimizda","status":"publish","type":"page","link":"https:\/\/setterirkdernegi.com.tr\/index.php\/hakkimizda\/","title":{"rendered":"Hakk\u0131m\u0131zda"},"content":{"rendered":"\t\t<div data-elementor-type=\"wp-page\" data-elementor-id=\"983\" class=\"elementor elementor-983\">\n\t\t\t\t<div class=\"elementor-element elementor-element-366751e e-con-full e-flex e-con e-parent\" data-id=\"366751e\" data-element_type=\"container\" data-settings=\"{&quot;background_background&quot;:&quot;classic&quot;}\">\n\t\t<div class=\"elementor-element elementor-element-f2c2935 e-con-full e-flex e-con e-child\" data-id=\"f2c2935\" data-element_type=\"container\">\n\t\t\t\t<div class=\"elementor-element elementor-element-f7ea07c elementor-widget elementor-widget-image\" data-id=\"f7ea07c\" data-element_type=\"widget\" data-widget_type=\"image.default\">\n\t\t\t\t<div class=\"elementor-widget-container\">\n\t\t\t\t\t\t\t\t\t\t\t\t\t\t\t<img decoding=\"async\" src=\"https:\/\/setterirkdernegi.com.tr\/wp-content\/uploads\/elementor\/thumbs\/turk_bayrak-1-ra8lmdu8dcp813in32dv3u69lkiur40xscp2bqukig.png\" title=\"turk_bayrak\" alt=\"turk_bayrak\" class=\"elementor-animation-pulse-shrink\" loading=\"lazy\" \/>\t\t\t\t\t\t\t\t\t\t\t\t\t\t\t<\/div>\n\t\t\t\t<\/div>\n\t\t\t\t<div class=\"elementor-element elementor-element-f90c1a9 elementor-widget elementor-widget-image\" data-id=\"f90c1a9\" data-element_type=\"widget\" data-widget_type=\"image.default\">\n\t\t\t\t<div class=\"elementor-widget-container\">\n\t\t\t\t\t\t\t\t\t\t\t\t\t\t\t\t<a href=\"https:\/\/www.kif.org.tr\" target=\"_blank\">\n\t\t\t\t\t\t\t<img decoding=\"async\" src=\"https:\/\/setterirkdernegi.com.tr\/wp-content\/uploads\/elementor\/thumbs\/kif_logo-1-ra8look12ruges6ho25179atvh75kh5bfq3sk3fxaw.png\" title=\"kif_logo\" alt=\"kif_logo\" class=\"elementor-animation-pulse-shrink\" loading=\"lazy\" \/>\t\t\t\t\t\t\t\t<\/a>\n\t\t\t\t\t\t\t\t\t\t\t\t\t\t\t<\/div>\n\t\t\t\t<\/div>\n\t\t\t\t<div class=\"elementor-element elementor-element-df20517 elementor-widget elementor-widget-image\" data-id=\"df20517\" data-element_type=\"widget\" data-widget_type=\"image.default\">\n\t\t\t\t<div class=\"elementor-widget-container\">\n\t\t\t\t\t\t\t\t\t\t\t\t\t\t\t\t<a href=\"https:\/\/www.fci.be\/en\/\" target=\"_blank\">\n\t\t\t\t\t\t\t<img decoding=\"async\" src=\"https:\/\/setterirkdernegi.com.tr\/wp-content\/uploads\/elementor\/thumbs\/fci-1-ra8llqc9mht1yugrwa86vi3qqxqoeofnd4dxbtteu0.png\" title=\"fci\" alt=\"fci\" class=\"elementor-animation-pulse-shrink\" loading=\"lazy\" \/>\t\t\t\t\t\t\t\t<\/a>\n\t\t\t\t\t\t\t\t\t\t\t\t\t\t\t<\/div>\n\t\t\t\t<\/div>\n\t\t\t\t<div class=\"elementor-element elementor-element-0084690 elementor-widget elementor-widget-image\" data-id=\"0084690\" data-element_type=\"widget\" data-widget_type=\"image.default\">\n\t\t\t\t<div class=\"elementor-widget-container\">\n\t\t\t\t\t\t\t\t\t\t\t\t\t\t\t\t<a href=\"https:\/\/www.facebook.com\/profile.php?id=100081815889256&#038;sk=about\" target=\"_blank\">\n\t\t\t\t\t\t\t<img decoding=\"async\" src=\"https:\/\/setterirkdernegi.com.tr\/wp-content\/uploads\/elementor\/thumbs\/engiliz_club-1-ra8locc4lxdq7uo8neuvsudu5gvdsest21mhbhy1js.png\" title=\"engiliz_club\" alt=\"engiliz_club\" class=\"elementor-animation-pulse-shrink\" loading=\"lazy\" \/>\t\t\t\t\t\t\t\t<\/a>\n\t\t\t\t\t\t\t\t\t\t\t\t\t\t\t<\/div>\n\t\t\t\t<\/div>\n\t\t\t\t<\/div>\n\t\t\t\t<\/div>\n\t\t<div class=\"elementor-element elementor-element-4dbbca6 e-flex e-con-boxed e-con e-parent\" data-id=\"4dbbca6\" data-element_type=\"container\">\n\t\t\t\t\t<div class=\"e-con-inner\">\n\t\t\t\t<div class=\"elementor-element elementor-element-09d54d1 elementor-widget elementor-widget-spacer\" data-id=\"09d54d1\" data-element_type=\"widget\" data-widget_type=\"spacer.default\">\n\t\t\t\t<div class=\"elementor-widget-container\">\n\t\t\t\t\t\t\t<div class=\"elementor-spacer\">\n\t\t\t<div class=\"elementor-spacer-inner\"><\/div>\n\t\t<\/div>\n\t\t\t\t\t\t<\/div>\n\t\t\t\t<\/div>\n\t\t\t\t\t<\/div>\n\t\t\t\t<\/div>\n\t\t<div class=\"elementor-element elementor-element-d395119 e-flex e-con-boxed e-con e-parent\" data-id=\"d395119\" data-element_type=\"container\">\n\t\t\t\t\t<div class=\"e-con-inner\">\n\t\t\t\t<div class=\"elementor-element elementor-element-9187f2c elementor-widget elementor-widget-heading\" data-id=\"9187f2c\" data-element_type=\"widget\" data-widget_type=\"heading.default\">\n\t\t\t\t<div class=\"elementor-widget-container\">\n\t\t\t\t\t<h2 class=\"elementor-heading-title elementor-size-default\">HAKKIMIZDA<\/h2>\t\t\t\t<\/div>\n\t\t\t\t<\/div>\n\t\t\t\t<div class=\"elementor-element elementor-element-eada44d elementor-widget elementor-widget-text-editor\" data-id=\"eada44d\" data-element_type=\"widget\" data-widget_type=\"text-editor.default\">\n\t\t\t\t<div class=\"elementor-widget-container\">\n\t\t\t\t\t\t\t\t\t<p style=\"font-weight: 400;\">Setter Club \u0130stanbul 2009 y\u0131l\u0131nda \u00fclkemizdeki setter \u0131rklar\u0131n\u0131n sahiplerini bir\u00e7at\u0131 alt\u0131nda toplamak, \u0131rk\u0131n sa\u011fl\u0131\u011f\u0131 a\u00e7\u0131s\u0131ndan, \u00fclkemizdeki gen havuzunu geli\u015ftirmek y\u00f6n\u00fcnde \u00e7al\u0131\u015fma ve ara\u015ft\u0131rmalar yapmak, bu y\u00f6nde gelen talepleri de\u011ferlendirmek ve \u00e7\u00f6z\u00fcm \u00fcretmek,\u0131rk \u00f6zelliklerini suiistimal edecek ki\u015fileri engelleyip, \u0131rk\u0131n do\u011fru ki\u015filer taraf\u0131ndan sahiplenilmesini sa\u011flamak, \u00fcretim \u00e7iftliklerine \u0131rk standartlar\u0131 hakk\u0131nda ve \u00fcretim (\u00e7iftle\u015ftirme) asamas\u0131nda bilgi deste\u011fi sa\u011flamak, bu \u0131rka sahip ki\u015filerden gelebilecek; beslenme, sa\u011fl\u0131k, kar\u0131nma ko\u015fullan, e\u011fitim ve sosyalizasyon gibi sorular ve sorunlar hakk\u0131nda yard\u0131mc\u0131 olmak, avc\u0131l\u0131k ve avlanma konular\u0131nda setter k\u00f6peklerinin kullan\u0131lmas\u0131nda avc\u0131lar\u0131 bilin\u00e7lendirmede katk\u0131da bulunmak, ilgili kisi, kurum ve kurulu\u015flara, setter k\u00f6peklerini hangi \u015fekillerde ve en verimli bir bi\u00e7imde bulabilecekleri, kullanabilecekleri, ve bakabilecekleri hususunda destek ve te\u015fvikte bulunmak, Avrupa Birli\u011fi Standartlar\u0131nda \u00fcretim ve hayat ko\u015fullar\u0131n\u0131n sa\u011flanmas\u0131 ve insan haklar\u0131 ve demokrasi \u00e7er\u00e7evesinde en optimum sonu\u00e7lara ulas\u0131lmas\u0131 konusunda \u00e7al\u0131\u015fmalar, e\u011fitimler, hizmetler, dan\u0131\u015fmanl\u0131klar, \u00fc\u00e7\u00fcnc\u00fc kurulu\u015flardan hizmet alarak tan\u0131t\u0131m ve geli\u015fim \u00e7al\u0131\u015fmalar\u0131, g\u00f6rsel, isitsel ve yaz\u0131l\u0131 yay\u0131mlar d\u00fczenlenmesi, gibi konularda aktif olarak faaliyet g\u00f6stermek, setter \u0131rk\u0131n\u0131, b\u00fct\u00fcn standartlar\u0131yla; T\u00fcrkiye&#8217;de korumak, \u00fcretimini te\u015fvik etmek, kullan\u0131m alanlar\u0131 V&#8217; hakk\u0131nda ger\u00e7ek ve t\u00fczel kisi, kurum ve kurulu\u015flar\u0131 bilgilendirmek ve geli\u015ftirmek, setter \u0131rklar\u0131 hususunda bilimsel ara\u015ft\u0131rmalar yapmak, makaleler yazmak, panellere ve konferanslara kat\u0131lmak amac\u0131yla kurulmu\u015ftur.<\/p>\t\t\t\t\t\t\t\t<\/div>\n\t\t\t\t<\/div>\n\t\t\t\t\t<\/div>\n\t\t\t\t<\/div>\n\t\t\t\t<\/div>\n\t\t","protected":false},"excerpt":{"rendered":"<p>HAKKIMIZDA Setter Club \u0130stanbul 2009 y\u0131l\u0131nda \u00fclkemizdeki setter \u0131rklar\u0131n\u0131n sahiplerini bir\u00e7at\u0131 alt\u0131nda toplamak, \u0131rk\u0131n sa\u011fl\u0131\u011f\u0131 a\u00e7\u0131s\u0131ndan, \u00fclkemizdeki gen havuzunu geli\u015ftirmek y\u00f6n\u00fcnde \u00e7al\u0131\u015fma ve ara\u015ft\u0131rmalar yapmak, bu y\u00f6nde gelen talepleri de\u011ferlendirmek [&hellip;]<\/p>\n","protected":false},"author":1,"featured_media":0,"parent":0,"menu_order":0,"comment_status":"closed","ping_status":"closed","template":"elementor_header_footer","meta":{"_price":"","_stock":"","_tribe_ticket_header":"","_tribe_default_ticket_provider":"","_tribe_ticket_capacity":"0","_ticket_start_date":"","_ticket_end_date":"","_tribe_ticket_show_description":"","_tribe_ticket_show_not_going":false,"_tribe_ticket_use_global_stock":"","_tribe_ticket_global_stock_level":"","_global_stock_mode":"","_global_stock_cap":"","_tribe_rsvp_for_event":"","_tribe_ticket_going_count":"","_tribe_ticket_not_going_count":"","_tribe_tickets_list":"[]","_tribe_ticket_has_attendee_info_fields":false,"_mc_calendar":[],"footnotes":"","_tec_slr_enabled":"","_tec_slr_layout":""},"class_list":["post-983","page","type-page","status-publish","hentry"],"ticketed":false,"_links":{"self":[{"href":"https:\/\/setterirkdernegi.com.tr\/index.php\/wp-json\/wp\/v2\/pages\/983","targetHints":{"allow":["GET"]}}],"collection":[{"href":"https:\/\/setterirkdernegi.com.tr\/index.php\/wp-json\/wp\/v2\/pages"}],"about":[{"href":"https:\/\/setterirkdernegi.com.tr\/index.php\/wp-json\/wp\/v2\/types\/page"}],"author":[{"embeddable":true,"href":"https:\/\/setterirkdernegi.com.tr\/index.php\/wp-json\/wp\/v2\/users\/1"}],"replies":[{"embeddable":true,"href":"https:\/\/setterirkdernegi.com.tr\/index.php\/wp-json\/wp\/v2\/comments?post=983"}],"version-history":[{"count":60,"href":"https:\/\/setterirkdernegi.com.tr\/index.php\/wp-json\/wp\/v2\/pages\/983\/revisions"}],"predecessor-version":[{"id":2663,"href":"https:\/\/setterirkdernegi.com.tr\/index.php\/wp-json\/wp\/v2\/pages\/983\/revisions\/2663"}],"wp:attachment":[{"href":"https:\/\/setterirkdernegi.com.tr\/index.php\/wp-json\/wp\/v2\/media?parent=983"}],"curies":[{"name":"wp","href":"https:\/\/api.w.org\/{rel}","templated":true}]}}