{"id":1861,"date":"2024-08-23T14:08:07","date_gmt":"2024-08-23T11:08:07","guid":{"rendered":"https:\/\/setterirkdernegi.com.tr\/?page_id=1861"},"modified":"2024-08-23T14:40:59","modified_gmt":"2024-08-23T11:40:59","slug":"yarisma-kurallari","status":"publish","type":"page","link":"https:\/\/setterirkdernegi.com.tr\/index.php\/yarisma-kurallari\/","title":{"rendered":"Yar\u0131\u015fma Kurallar\u0131"},"content":{"rendered":"\t\t<div data-elementor-type=\"wp-page\" data-elementor-id=\"1861\" class=\"elementor elementor-1861\">\n\t\t\t\t<div class=\"elementor-element elementor-element-366751e e-con-full e-flex e-con e-parent\" data-id=\"366751e\" data-element_type=\"container\" data-settings=\"{&quot;background_background&quot;:&quot;classic&quot;}\">\n\t\t<div class=\"elementor-element elementor-element-0d1eba9 e-con-full e-flex e-con e-child\" data-id=\"0d1eba9\" data-element_type=\"container\">\n\t\t\t\t<div class=\"elementor-element elementor-element-57fe8df elementor-widget elementor-widget-image\" data-id=\"57fe8df\" data-element_type=\"widget\" data-widget_type=\"image.default\">\n\t\t\t\t<div class=\"elementor-widget-container\">\n\t\t\t\t\t\t\t\t\t\t\t\t\t\t\t<img decoding=\"async\" src=\"https:\/\/setterirkdernegi.com.tr\/wp-content\/uploads\/elementor\/thumbs\/turk_bayrak-1-ra8lmdu8dcp813in32dv3u69lkiur40xscp2bqukig.png\" title=\"turk_bayrak\" alt=\"turk_bayrak\" class=\"elementor-animation-pulse-shrink\" loading=\"lazy\" \/>\t\t\t\t\t\t\t\t\t\t\t\t\t\t\t<\/div>\n\t\t\t\t<\/div>\n\t\t\t\t<div class=\"elementor-element elementor-element-099ae33 elementor-widget elementor-widget-image\" data-id=\"099ae33\" data-element_type=\"widget\" data-widget_type=\"image.default\">\n\t\t\t\t<div class=\"elementor-widget-container\">\n\t\t\t\t\t\t\t\t\t\t\t\t\t\t\t\t<a href=\"https:\/\/www.kif.org.tr\" target=\"_blank\">\n\t\t\t\t\t\t\t<img decoding=\"async\" src=\"https:\/\/setterirkdernegi.com.tr\/wp-content\/uploads\/elementor\/thumbs\/kif_logo-1-ra8look12ruges6ho25179atvh75kh5bfq3sk3fxaw.png\" title=\"kif_logo\" alt=\"kif_logo\" class=\"elementor-animation-pulse-shrink\" loading=\"lazy\" \/>\t\t\t\t\t\t\t\t<\/a>\n\t\t\t\t\t\t\t\t\t\t\t\t\t\t\t<\/div>\n\t\t\t\t<\/div>\n\t\t\t\t<div class=\"elementor-element elementor-element-b56cc74 elementor-widget elementor-widget-image\" data-id=\"b56cc74\" data-element_type=\"widget\" data-widget_type=\"image.default\">\n\t\t\t\t<div class=\"elementor-widget-container\">\n\t\t\t\t\t\t\t\t\t\t\t\t\t\t\t\t<a href=\"https:\/\/www.fci.be\/en\/\" target=\"_blank\">\n\t\t\t\t\t\t\t<img decoding=\"async\" src=\"https:\/\/setterirkdernegi.com.tr\/wp-content\/uploads\/elementor\/thumbs\/fci-1-ra8llqc9mht1yugrwa86vi3qqxqoeofnd4dxbtteu0.png\" title=\"fci\" alt=\"fci\" class=\"elementor-animation-pulse-shrink\" loading=\"lazy\" \/>\t\t\t\t\t\t\t\t<\/a>\n\t\t\t\t\t\t\t\t\t\t\t\t\t\t\t<\/div>\n\t\t\t\t<\/div>\n\t\t\t\t<div class=\"elementor-element elementor-element-4793db5 elementor-widget elementor-widget-image\" data-id=\"4793db5\" data-element_type=\"widget\" data-widget_type=\"image.default\">\n\t\t\t\t<div class=\"elementor-widget-container\">\n\t\t\t\t\t\t\t\t\t\t\t\t\t\t\t\t<a href=\"https:\/\/www.facebook.com\/profile.php?id=100081815889256&#038;sk=about\" target=\"_blank\">\n\t\t\t\t\t\t\t<img decoding=\"async\" src=\"https:\/\/setterirkdernegi.com.tr\/wp-content\/uploads\/elementor\/thumbs\/engiliz_club-1-ra8locc4lxdq7uo8neuvsudu5gvdsest21mhbhy1js.png\" title=\"engiliz_club\" alt=\"engiliz_club\" class=\"elementor-animation-pulse-shrink\" loading=\"lazy\" \/>\t\t\t\t\t\t\t\t<\/a>\n\t\t\t\t\t\t\t\t\t\t\t\t\t\t\t<\/div>\n\t\t\t\t<\/div>\n\t\t\t\t<\/div>\n\t\t\t\t<\/div>\n\t\t<div class=\"elementor-element elementor-element-a780eb1 e-flex e-con-boxed e-con e-parent\" data-id=\"a780eb1\" data-element_type=\"container\">\n\t\t\t\t\t<div class=\"e-con-inner\">\n\t\t\t\t<div class=\"elementor-element elementor-element-0ac82fe elementor-widget elementor-widget-spacer\" data-id=\"0ac82fe\" data-element_type=\"widget\" data-widget_type=\"spacer.default\">\n\t\t\t\t<div class=\"elementor-widget-container\">\n\t\t\t\t\t\t\t<div class=\"elementor-spacer\">\n\t\t\t<div class=\"elementor-spacer-inner\"><\/div>\n\t\t<\/div>\n\t\t\t\t\t\t<\/div>\n\t\t\t\t<\/div>\n\t\t\t\t\t<\/div>\n\t\t\t\t<\/div>\n\t\t<div class=\"elementor-element elementor-element-10a5a33 e-flex e-con-boxed e-con e-parent\" data-id=\"10a5a33\" data-element_type=\"container\">\n\t\t\t\t\t<div class=\"e-con-inner\">\n\t\t\t\t<div class=\"elementor-element elementor-element-459f5c1 elementor-widget elementor-widget-heading\" data-id=\"459f5c1\" data-element_type=\"widget\" data-widget_type=\"heading.default\">\n\t\t\t\t<div class=\"elementor-widget-container\">\n\t\t\t\t\t<h2 class=\"elementor-heading-title elementor-size-default\">YARI\u015eMA KURALLARI<\/h2>\t\t\t\t<\/div>\n\t\t\t\t<\/div>\n\t\t\t\t\t<\/div>\n\t\t\t\t<\/div>\n\t\t<div class=\"elementor-element elementor-element-9dec7ab e-con-full e-flex e-con e-parent\" data-id=\"9dec7ab\" data-element_type=\"container\">\n\t\t<div class=\"elementor-element elementor-element-33b1f2d e-con-full e-flex e-con e-child\" data-id=\"33b1f2d\" data-element_type=\"container\">\n\t\t\t\t<div class=\"elementor-element elementor-element-2c6a700 elementor-widget elementor-widget-text-editor\" data-id=\"2c6a700\" data-element_type=\"widget\" data-widget_type=\"text-editor.default\">\n\t\t\t\t<div class=\"elementor-widget-container\">\n\t\t\t\t\t\t\t\t\t<p><strong>Yar\u0131\u015fma S\u00fcreci ve Kurallar\u0131 CAC-CACIB<\/strong><br \/><strong>1) Yar\u0131\u015fmaya k\u00f6pe\u011fimi nas\u0131l kaydedebilirim?<\/strong><br \/>https:\/\/www.kif.org.tr\/user\/auth\/login\u00a0sitesinden \u00fcyelik giri\u015fi yaparak \u201cOnline Yar\u0131\u015fma Ba\u015fvurusu\u201d sekmesine t\u0131klay\u0131n\u0131z. Bu sayfada yar\u0131\u015fmaya kat\u0131lacak k\u00f6pe\u011finizi se\u00e7iniz. Ard\u0131ndan kat\u0131laca\u011f\u0131n\u0131z yar\u0131\u015fmalar\u0131 da se\u00e7tikten sonra bu \u015fovda hangi s\u0131n\u0131fta yer almak istedi\u011finizi i\u015faretleyiniz.<br \/>\u00d6deme i\u015fleminizi ister kredi kart\u0131 ile ister Iban numaras\u0131 ile yapabilirsiniz. Iban numaras\u0131 ile i\u015flem yapan yar\u0131\u015fmac\u0131lar \u00fccreti yat\u0131r\u0131rken a\u00e7\u0131klama b\u00f6l\u00fcm\u00fcne kat\u0131laca\u011f\u0131 yar\u0131\u015fman\u0131n ad\u0131n\u0131 yazmal\u0131d\u0131r. E\u011fer birden fazla k\u00f6pek varsa k\u0131sa isimleriyle yaz\u0131lmas\u0131 yeterlidir. Daha sonra dekontunu show@kif.org.tr adresine g\u00f6ndermelidir.<br \/><strong>2) Zaman \u00c7izelgeli Yar\u0131\u015fma Program\u0131 Nedir?<\/strong><br \/>Yar\u0131\u015fmadan iki ya da \u00fc\u00e7 g\u00fcn \u00f6nce web sitemizde duyurular b\u00f6l\u00fcm\u00fcnde ve Facebook sayfam\u0131zda \u201chttps:\/\/www.facebook.com\/Turkiye.KIF\u201d Zaman Ak\u0131\u015f \u00c7izelgesi yay\u0131nlan\u0131r. Bu \u00e7izelgeye g\u00f6re hangi k\u00f6pek \u0131rklar\u0131n\u0131n saat ka\u00e7 ile ka\u00e7 aras\u0131nda, hangi ringde ve hangi hakem taraf\u0131ndan de\u011ferlendirilece\u011fi yaz\u0131l\u0131r.<br \/><strong>3) Yar\u0131\u015fma g\u00fcn\u00fc ne yapmam gerekiyor?<\/strong><br \/>Alana geldikten sonra Ana Masa tabelas\u0131 yazan masaya u\u011frayarak yar\u0131\u015fma numaran\u0131z\u0131 alman\u0131z gerekmektedir. Numaran\u0131z\u0131 ald\u0131ktan sonra ringlerin bulundu\u011fu yere ge\u00e7ersiniz. Her ringin yan\u0131nda b\u00fcy\u00fck numaralar ile ka\u00e7 numaral\u0131 ring oldu\u011fu yazar. Buradan bulundu\u011funuz ringe ge\u00e7erek asistanlar taraf\u0131ndan k\u00f6pe\u011finizin numaras\u0131n\u0131n \u00e7a\u011fr\u0131lmas\u0131n\u0131 bekleyebilirsiniz. Ay\u0131ca her ringin yan\u0131nda zaman ak\u0131\u015f \u00e7izelgesi bulunur. Buradan da s\u0131ran\u0131z\u0131 takip edebilirsiniz.<br \/><strong>4) K\u00f6pe\u011fim de\u011ferlendirildikten sonra ne yapmam gerekiyor?\u00a0<\/strong><br \/>K\u00f6pe\u011finiz s\u0131n\u0131f\u0131ndaki ve ayn\u0131 cinsiyetteki di\u011fer k\u00f6peklerle birlikte hakem taraf\u0131ndan de\u011ferlendirildikten sonra notunu ve varsa bulundu\u011fu s\u0131n\u0131f\u0131n unvan\u0131n\u0131 alarak ringin d\u0131\u015f\u0131nda bekler. E\u011fer herhangi bir unvan almad\u0131ysa k\u00f6pek i\u00e7in yar\u0131\u015fma bitmi\u015ftir.<\/p><ul><li>Her \u0131rkta di\u015fi\/erkek k\u00f6pekler \u00f6nce kendi aralar\u0131nda ayr\u0131 ayr\u0131 girmi\u015f oldu\u011fu s\u0131n\u0131flar i\u00e7inde yar\u0131\u015f\u0131rlar.<\/li><li>Hakem de\u011ferlendirmesi sonras\u0131 De\u011ferlendirme ka\u011f\u0131d\u0131n\u0131z\u0131 ring masas\u0131ndan almay\u0131 unutmay\u0131n\u0131z! Bu evrak daha sonra \u015fampiyonluk belgesi alabilmeniz i\u00e7in \u00e7ok \u00f6nemlidir.\u00a0<\/li><\/ul>\t\t\t\t\t\t\t\t<\/div>\n\t\t\t\t<\/div>\n\t\t\t\t<\/div>\n\t\t<div class=\"elementor-element elementor-element-ce5ed9f e-con-full e-flex e-con e-child\" data-id=\"ce5ed9f\" data-element_type=\"container\">\n\t\t\t\t<div class=\"elementor-element elementor-element-bd8437e elementor-widget elementor-widget-image\" data-id=\"bd8437e\" data-element_type=\"widget\" data-widget_type=\"image.default\">\n\t\t\t\t<div class=\"elementor-widget-container\">\n\t\t\t\t\t\t\t\t\t\t\t\t\t\t\t<img fetchpriority=\"high\" decoding=\"async\" width=\"564\" height=\"643\" src=\"https:\/\/setterirkdernegi.com.tr\/wp-content\/uploads\/2024\/08\/yarisma_kurallari_1.jpg\" class=\"attachment-large size-large wp-image-1866\" alt=\"\" srcset=\"https:\/\/setterirkdernegi.com.tr\/wp-content\/uploads\/2024\/08\/yarisma_kurallari_1.jpg 564w, https:\/\/setterirkdernegi.com.tr\/wp-content\/uploads\/2024\/08\/yarisma_kurallari_1-263x300.jpg 263w\" sizes=\"(max-width: 564px) 100vw, 564px\" \/>\t\t\t\t\t\t\t\t\t\t\t\t\t\t\t<\/div>\n\t\t\t\t<\/div>\n\t\t\t\t<\/div>\n\t\t\t\t<\/div>\n\t\t<div class=\"elementor-element elementor-element-5346b73 e-con-full e-flex e-con e-parent\" data-id=\"5346b73\" data-element_type=\"container\">\n\t\t<div class=\"elementor-element elementor-element-614036e e-con-full e-flex e-con e-child\" data-id=\"614036e\" data-element_type=\"container\">\n\t\t\t\t<div class=\"elementor-element elementor-element-422626d elementor-widget elementor-widget-image\" data-id=\"422626d\" data-element_type=\"widget\" data-widget_type=\"image.default\">\n\t\t\t\t<div class=\"elementor-widget-container\">\n\t\t\t\t\t\t\t\t\t\t\t\t\t\t\t<img decoding=\"async\" width=\"564\" height=\"853\" src=\"https:\/\/setterirkdernegi.com.tr\/wp-content\/uploads\/2024\/08\/yarisma_kurallari_2.jpg\" class=\"attachment-large size-large wp-image-1871\" alt=\"\" srcset=\"https:\/\/setterirkdernegi.com.tr\/wp-content\/uploads\/2024\/08\/yarisma_kurallari_2.jpg 564w, https:\/\/setterirkdernegi.com.tr\/wp-content\/uploads\/2024\/08\/yarisma_kurallari_2-198x300.jpg 198w\" sizes=\"(max-width: 564px) 100vw, 564px\" \/>\t\t\t\t\t\t\t\t\t\t\t\t\t\t\t<\/div>\n\t\t\t\t<\/div>\n\t\t\t\t<div class=\"elementor-element elementor-element-6ba113f elementor-widget elementor-widget-image\" data-id=\"6ba113f\" data-element_type=\"widget\" data-widget_type=\"image.default\">\n\t\t\t\t<div class=\"elementor-widget-container\">\n\t\t\t\t\t\t\t\t\t\t\t\t\t\t\t<img decoding=\"async\" width=\"564\" height=\"423\" src=\"https:\/\/setterirkdernegi.com.tr\/wp-content\/uploads\/2024\/08\/yarisma_kurallari_3.jpg\" class=\"attachment-large size-large wp-image-1870\" alt=\"\" srcset=\"https:\/\/setterirkdernegi.com.tr\/wp-content\/uploads\/2024\/08\/yarisma_kurallari_3.jpg 564w, https:\/\/setterirkdernegi.com.tr\/wp-content\/uploads\/2024\/08\/yarisma_kurallari_3-300x225.jpg 300w\" sizes=\"(max-width: 564px) 100vw, 564px\" \/>\t\t\t\t\t\t\t\t\t\t\t\t\t\t\t<\/div>\n\t\t\t\t<\/div>\n\t\t\t\t<\/div>\n\t\t<div class=\"elementor-element elementor-element-6ea63c6 e-con-full e-flex e-con e-child\" data-id=\"6ea63c6\" data-element_type=\"container\">\n\t\t\t\t<div class=\"elementor-element elementor-element-182e5c1 elementor-widget__width-initial elementor-widget elementor-widget-text-editor\" data-id=\"182e5c1\" data-element_type=\"widget\" data-widget_type=\"text-editor.default\">\n\t\t\t\t<div class=\"elementor-widget-container\">\n\t\t\t\t\t\t\t\t\t<p><strong>A) Baby S\u0131n\u0131f\u0131ndaki K\u00f6pekler i\u00e7in Yar\u0131\u015fma Ak\u0131\u015f\u0131<\/strong><\/p><ul><li>3-6 ay aras\u0131ndaki k\u00f6peklerin kat\u0131labildi\u011fi s\u0131n\u0131ft\u0131r.<\/li><li>Erkek ve di\u015fi k\u00f6pekler kendi aras\u0131nda ayr\u0131 ayr\u0131 yar\u0131\u015f\u0131r.<\/li><li>Erkek\/Di\u015fi k\u00f6pekler aras\u0131nda \u00c7ok Umut Verici 1 alan k\u00f6pekler birlikte ringe \u00e7\u0131kar. Ve bu \u00c7ok Umut Verici 1 alan erkek\/di\u015fi k\u00f6pekler aras\u0131ndan Irk\u0131n En iyi Bebek K\u00f6pe\u011fi belirlenir.<\/li><li>Her \u0131rktan Best Baby alan k\u00f6pekler cinsiyet ayr\u0131m\u0131 olmaks\u0131z\u0131n BIS ringine \u00e7\u0131kar. \u00a0<\/li><li>Baby s\u0131n\u0131f\u0131nda en iyi \u00fc\u00e7 k\u00f6pek belirlenir (BABY BIS) ve bu s\u0131n\u0131f i\u00e7in yar\u0131\u015fma tamamlan\u0131r.<\/li><\/ul><p>\u00a0<\/p><p><strong>B) Puppy S\u0131n\u0131f\u0131ndaki K\u00f6pekler i\u00e7in Yar\u0131\u015fma Ak\u0131\u015f\u0131<\/strong><\/p><ul><li>6-9 ay aras\u0131ndaki k\u00f6peklerin kat\u0131labildi\u011fi s\u0131n\u0131ft\u0131r.<\/li><li>Erkek ve di\u015fi k\u00f6pekler kendi aras\u0131nda ayr\u0131 ayr\u0131 yar\u0131\u015f\u0131r.<\/li><li>Erkek\/Di\u015fi k\u00f6pekler aras\u0131nda \u00c7ok Umut Verici 1 alan k\u00f6pekler birlikte ringe \u00e7\u0131kar. Ve bu \u00c7ok<\/li><li>Umut Verici 1 alan erkek k\u00f6pekler aras\u0131ndan Irk\u0131n En iyi \u00c7ok Gen\u00e7 K\u00f6pe\u011fi belirlenir.<\/li><li>Her \u0131rktan Best Puppy alan k\u00f6pekler cinsiyet ayr\u0131m\u0131 olmaks\u0131z\u0131n BIS ringine \u00e7\u0131kar.<\/li><li>Puppy s\u0131n\u0131f\u0131nda en iyi \u00fc\u00e7 k\u00f6pek belirlenir (BIS) ve bu s\u0131n\u0131f i\u00e7in yar\u0131\u015fma tamamlan\u0131r.<\/li><\/ul><p><strong>C) \u00a0Junior S\u0131n\u0131f\u0131ndaki K\u00f6pekler i\u00e7in Yar\u0131\u015fma Ak\u0131\u015f\u0131<\/strong><\/p><ul><li>9-18 ay aras\u0131ndaki k\u00f6peklerin kat\u0131labildi\u011fi s\u0131n\u0131ft\u0131r.<\/li><li>Her \u0131rkta di\u015fi ve erkek olmak \u00fczere ayr\u0131 ayr\u0131 yar\u0131\u015f\u0131r. M\u00fckemmel 1 alan di\u015fi ve erkek k\u00f6pekler JCAC ile \u00f6d\u00fcllendirilir.<\/li><li>JCAC unvan\u0131 her \u0131rkta bir di\u015fi ve bir erkek k\u00f6pe\u011fe verilir.<\/li><li>Hakem, JCAC alan k\u00f6pekler aras\u0131nda Irk\u0131n En \u0130yi Gen\u00e7 k\u00f6pe\u011fini belirler. (JBOB)<\/li><li>Buradan sadece her \u0131rkta di\u015fi erkek fark etmeksizin bir k\u00f6pek JBOB alarak JBIS ringine kat\u0131l\u0131r.<\/li><li>Ringler tamamland\u0131ktan sonra BIS ringi kurulur. Ve anons sonras\u0131 Junior BIS k\u00f6pekleri ringe \u00e7\u0131kmak i\u00e7in s\u0131raya ge\u00e7er.<\/li><li>JBIS Ringinde en iyi \u00fc\u00e7 k\u00f6pek belirlenir ve bu s\u0131n\u0131f i\u00e7in yar\u0131\u015fma tamamlanm\u0131\u015f olur.<\/li><li>Not: JBOB olan k\u00f6pek ayn\u0131 zamanda BOB da olabilir.<\/li><\/ul><p><strong>D) Intermadiate-Open-Champion-Working S\u0131n\u0131f\u0131ndaki K\u00f6pekler i\u00e7in Yar\u0131\u015fma Ak\u0131\u015f\u0131<\/strong><\/p><ul><li>Bu d\u00f6rt s\u0131n\u0131fta yar\u0131\u015fan k\u00f6pekler her \u0131rkta di\u015fi ve erkek olmak \u00fczere s\u0131n\u0131flar i\u00e7inde cinsiyetine g\u00f6re yar\u0131\u015f\u0131r.<\/li><li>M\u00fckemmel 1 alan di\u015fi ve erkek k\u00f6pekler CAC unvan\u0131 ile \u00f6d\u00fcllendirilir.<\/li><li>CAC, bir \u0131rk i\u00e7in her s\u0131n\u0131fta bir di\u015fi ve bir erkek k\u00f6pe\u011fe verilir.<\/li><li>Hakem, CAC ve JCAC alan k\u00f6pekler aras\u0131nda Irk\u0131n En \u0130yi K\u00f6pe\u011fini belirler. (BOB) Buradan her \u0131rkta di\u015fi, erkek ve s\u0131n\u0131f fark etmeksizin sadece bir k\u00f6pek BOB alarak BIS ringine kat\u0131l\u0131r.<\/li><li>Ringler tamamland\u0131ktan sonra BIS ringi kurulur. Ve anons sonras\u0131 BOB alan k\u00f6pekler \u0131rk gruplar\u0131nda yar\u0131\u015fmak i\u00e7in s\u0131raya ge\u00e7er.<\/li><li>BIS Ringinde gruplar\u0131nda birinci olan k\u00f6pekler aras\u0131nda\u00a0en iyi \u00fc\u00e7 k\u00f6pek belirlenir ve b\u00fct\u00fcn yar\u0131\u015fma bitmi\u015f olur. Final BIS ringi ile kapan\u0131r. \u00a0<\/li><\/ul><p><strong>E) Veteran S\u0131n\u0131f\u0131ndaki K\u00f6pekler i\u00e7in Yar\u0131\u015fma Ak\u0131\u015f\u0131<\/strong><\/p><ul><li>8 ya\u015f ve \u00fczeri olan k\u00f6peklerin kat\u0131ld\u0131\u011f\u0131 s\u0131n\u0131ft\u0131r.<\/li><li>Ayr\u0131 ayr\u0131 yar\u0131\u015fan di\u015fi ve erkek k\u00f6peklerden M\u00fckemmel 1 alan k\u00f6pekler, birlikte tekrar ringe \u00e7\u0131kar.<\/li><li>Ard\u0131ndan di\u015fi ve erkek k\u00f6pekte Irk\u0131n En \u0130yi Ya\u015fl\u0131 K\u00f6pe\u011fi belirlenir.<\/li><li>Best Veteran alan k\u00f6pekler b\u00fct\u00fcn ringler bittikten sonra BIS Ringinde ilgili grubun anons edilmesini bekler.<\/li><li>K\u00f6pekler i\u00e7eri al\u0131nd\u0131ktan sonra hakem taraf\u0131ndan en iyi ilk \u00fc\u00e7 k\u00f6pek belirlenir.<\/li><li>B\u00f6ylece Veteran s\u0131n\u0131f\u0131 i\u00e7in yar\u0131\u015fma tamamlanm\u0131\u015f olur.<br \/><strong>Not: VBOB olan k\u00f6pek ayn\u0131 zamanda BOB da olabilir.<\/strong><\/li><\/ul>\t\t\t\t\t\t\t\t<\/div>\n\t\t\t\t<\/div>\n\t\t\t\t<\/div>\n\t\t\t\t<\/div>\n\t\t\t\t<\/div>\n\t\t","protected":false},"excerpt":{"rendered":"<p>YARI\u015eMA KURALLARI Yar\u0131\u015fma S\u00fcreci ve Kurallar\u0131 CAC-CACIB1) Yar\u0131\u015fmaya k\u00f6pe\u011fimi nas\u0131l kaydedebilirim?https:\/\/www.kif.org.tr\/user\/auth\/login\u00a0sitesinden \u00fcyelik giri\u015fi yaparak \u201cOnline Yar\u0131\u015fma Ba\u015fvurusu\u201d sekmesine t\u0131klay\u0131n\u0131z. Bu sayfada yar\u0131\u015fmaya kat\u0131lacak k\u00f6pe\u011finizi se\u00e7iniz. Ard\u0131ndan kat\u0131laca\u011f\u0131n\u0131z yar\u0131\u015fmalar\u0131 da se\u00e7tikten [&hellip;]<\/p>\n","protected":false},"author":1,"featured_media":0,"parent":0,"menu_order":0,"comment_status":"closed","ping_status":"closed","template":"elementor_header_footer","meta":{"_price":"","_stock":"","_tribe_ticket_header":"","_tribe_default_ticket_provider":"","_tribe_ticket_capacity":"0","_ticket_start_date":"","_ticket_end_date":"","_tribe_ticket_show_description":"","_tribe_ticket_show_not_going":false,"_tribe_ticket_use_global_stock":"","_tribe_ticket_global_stock_level":"","_global_stock_mode":"","_global_stock_cap":"","_tribe_rsvp_for_event":"","_tribe_ticket_going_count":"","_tribe_ticket_not_going_count":"","_tribe_tickets_list":"[]","_tribe_ticket_has_attendee_info_fields":false,"_mc_calendar":[],"footnotes":"","_tec_slr_enabled":"","_tec_slr_layout":""},"class_list":["post-1861","page","type-page","status-publish","hentry"],"ticketed":false,"_links":{"self":[{"href":"https:\/\/setterirkdernegi.com.tr\/index.php\/wp-json\/wp\/v2\/pages\/1861","targetHints":{"allow":["GET"]}}],"collection":[{"href":"https:\/\/setterirkdernegi.com.tr\/index.php\/wp-json\/wp\/v2\/pages"}],"about":[{"href":"https:\/\/setterirkdernegi.com.tr\/index.php\/wp-json\/wp\/v2\/types\/page"}],"author":[{"embeddable":true,"href":"https:\/\/setterirkdernegi.com.tr\/index.php\/wp-json\/wp\/v2\/users\/1"}],"replies":[{"embeddable":true,"href":"https:\/\/setterirkdernegi.com.tr\/index.php\/wp-json\/wp\/v2\/comments?post=1861"}],"version-history":[{"count":19,"href":"https:\/\/setterirkdernegi.com.tr\/index.php\/wp-json\/wp\/v2\/pages\/1861\/revisions"}],"predecessor-version":[{"id":1888,"href":"https:\/\/setterirkdernegi.com.tr\/index.php\/wp-json\/wp\/v2\/pages\/1861\/revisions\/1888"}],"wp:attachment":[{"href":"https:\/\/setterirkdernegi.com.tr\/index.php\/wp-json\/wp\/v2\/media?parent=1861"}],"curies":[{"name":"wp","href":"https:\/\/api.w.org\/{rel}","templated":true}]}}