{"id":1675,"date":"2024-08-22T18:54:49","date_gmt":"2024-08-22T15:54:49","guid":{"rendered":"https:\/\/setterirkdernegi.com.tr\/?page_id=1675"},"modified":"2025-05-02T17:28:49","modified_gmt":"2025-05-02T14:28:49","slug":"yarisma-takvimi","status":"publish","type":"page","link":"https:\/\/setterirkdernegi.com.tr\/index.php\/yarisma-takvimi\/","title":{"rendered":"Yar\u0131\u015fma Takvimi"},"content":{"rendered":"\t\t<div data-elementor-type=\"wp-page\" data-elementor-id=\"1675\" class=\"elementor elementor-1675\">\n\t\t\t\t<div class=\"elementor-element elementor-element-366751e e-con-full e-flex e-con e-parent\" data-id=\"366751e\" data-element_type=\"container\" data-settings=\"{&quot;background_background&quot;:&quot;classic&quot;}\">\n\t\t<div class=\"elementor-element elementor-element-0d1eba9 e-con-full e-flex e-con e-child\" data-id=\"0d1eba9\" data-element_type=\"container\">\n\t\t\t\t<div class=\"elementor-element elementor-element-57fe8df elementor-widget elementor-widget-image\" data-id=\"57fe8df\" data-element_type=\"widget\" data-widget_type=\"image.default\">\n\t\t\t\t<div class=\"elementor-widget-container\">\n\t\t\t\t\t\t\t\t\t\t\t\t\t\t\t<img decoding=\"async\" src=\"https:\/\/setterirkdernegi.com.tr\/wp-content\/uploads\/elementor\/thumbs\/turk_bayrak-1-ra8lmdu8dcp813in32dv3u69lkiur40xscp2bqukig.png\" title=\"turk_bayrak\" alt=\"turk_bayrak\" class=\"elementor-animation-pulse-shrink\" loading=\"lazy\" \/>\t\t\t\t\t\t\t\t\t\t\t\t\t\t\t<\/div>\n\t\t\t\t<\/div>\n\t\t\t\t<div class=\"elementor-element elementor-element-099ae33 elementor-widget elementor-widget-image\" data-id=\"099ae33\" data-element_type=\"widget\" data-widget_type=\"image.default\">\n\t\t\t\t<div class=\"elementor-widget-container\">\n\t\t\t\t\t\t\t\t\t\t\t\t\t\t\t\t<a href=\"https:\/\/www.kif.org.tr\" target=\"_blank\">\n\t\t\t\t\t\t\t<img decoding=\"async\" src=\"https:\/\/setterirkdernegi.com.tr\/wp-content\/uploads\/elementor\/thumbs\/kif_logo-1-ra8look12ruges6ho25179atvh75kh5bfq3sk3fxaw.png\" title=\"kif_logo\" alt=\"kif_logo\" class=\"elementor-animation-pulse-shrink\" loading=\"lazy\" \/>\t\t\t\t\t\t\t\t<\/a>\n\t\t\t\t\t\t\t\t\t\t\t\t\t\t\t<\/div>\n\t\t\t\t<\/div>\n\t\t\t\t<div class=\"elementor-element elementor-element-b56cc74 elementor-widget elementor-widget-image\" data-id=\"b56cc74\" data-element_type=\"widget\" data-widget_type=\"image.default\">\n\t\t\t\t<div class=\"elementor-widget-container\">\n\t\t\t\t\t\t\t\t\t\t\t\t\t\t\t\t<a href=\"https:\/\/www.fci.be\/en\/\" target=\"_blank\">\n\t\t\t\t\t\t\t<img decoding=\"async\" src=\"https:\/\/setterirkdernegi.com.tr\/wp-content\/uploads\/elementor\/thumbs\/fci-1-ra8llqc9mht1yugrwa86vi3qqxqoeofnd4dxbtteu0.png\" title=\"fci\" alt=\"fci\" class=\"elementor-animation-pulse-shrink\" loading=\"lazy\" \/>\t\t\t\t\t\t\t\t<\/a>\n\t\t\t\t\t\t\t\t\t\t\t\t\t\t\t<\/div>\n\t\t\t\t<\/div>\n\t\t\t\t<div class=\"elementor-element elementor-element-4793db5 elementor-widget elementor-widget-image\" data-id=\"4793db5\" data-element_type=\"widget\" data-widget_type=\"image.default\">\n\t\t\t\t<div class=\"elementor-widget-container\">\n\t\t\t\t\t\t\t\t\t\t\t\t\t\t\t\t<a href=\"https:\/\/www.facebook.com\/profile.php?id=100081815889256&#038;sk=about\" target=\"_blank\">\n\t\t\t\t\t\t\t<img decoding=\"async\" src=\"https:\/\/setterirkdernegi.com.tr\/wp-content\/uploads\/elementor\/thumbs\/engiliz_club-1-ra8locc4lxdq7uo8neuvsudu5gvdsest21mhbhy1js.png\" title=\"engiliz_club\" alt=\"engiliz_club\" class=\"elementor-animation-pulse-shrink\" loading=\"lazy\" \/>\t\t\t\t\t\t\t\t<\/a>\n\t\t\t\t\t\t\t\t\t\t\t\t\t\t\t<\/div>\n\t\t\t\t<\/div>\n\t\t\t\t<\/div>\n\t\t\t\t<\/div>\n\t\t<div class=\"elementor-element elementor-element-30b05ee e-flex e-con-boxed e-con e-parent\" data-id=\"30b05ee\" data-element_type=\"container\">\n\t\t\t\t\t<div class=\"e-con-inner\">\n\t\t\t\t<div class=\"elementor-element elementor-element-4206e48 elementor-widget elementor-widget-heading\" data-id=\"4206e48\" data-element_type=\"widget\" data-widget_type=\"heading.default\">\n\t\t\t\t<div class=\"elementor-widget-container\">\n\t\t\t\t\t<h2 class=\"elementor-heading-title elementor-size-default\">SETTER CLUB \u0130STANBUL 2025 YARI\u015e TAKV\u0130M\u0130<\/h2>\t\t\t\t<\/div>\n\t\t\t\t<\/div>\n\t\t\t\t<div class=\"elementor-element elementor-element-124df3f elementor-widget elementor-widget-heading\" data-id=\"124df3f\" data-element_type=\"widget\" data-widget_type=\"heading.default\">\n\t\t\t\t<div class=\"elementor-widget-container\">\n\t\t\t\t\t<h2 class=\"elementor-heading-title elementor-size-default\">N\u0130SAN 2025<\/h2>\t\t\t\t<\/div>\n\t\t\t\t<\/div>\n\t\t\t\t<div class=\"elementor-element elementor-element-861c5c8 elementor-widget elementor-widget-text-editor\" data-id=\"861c5c8\" data-element_type=\"widget\" data-widget_type=\"text-editor.default\">\n\t\t\t\t<div class=\"elementor-widget-container\">\n\t\t\t\t\t\t\t\t\t<p><strong>BALIKES\u0130R \/ 06 N\u0130SAN 2025<\/strong> \/ YE\u015e\u0130L G\u00d6NEN AVCILILAR DERNE\u011e\u0130 \/ MERA \/ IRK STANDARTLARI YARI\u015eMASI<\/p>\t\t\t\t\t\t\t\t<\/div>\n\t\t\t\t<\/div>\n\t\t\t\t<div class=\"elementor-element elementor-element-6f37007 elementor-widget-divider--view-line elementor-widget elementor-widget-divider\" data-id=\"6f37007\" data-element_type=\"widget\" data-widget_type=\"divider.default\">\n\t\t\t\t<div class=\"elementor-widget-container\">\n\t\t\t\t\t\t\t<div class=\"elementor-divider\">\n\t\t\t<span class=\"elementor-divider-separator\">\n\t\t\t\t\t\t<\/span>\n\t\t<\/div>\n\t\t\t\t\t\t<\/div>\n\t\t\t\t<\/div>\n\t\t\t\t<div class=\"elementor-element elementor-element-8f6f1e4 elementor-widget elementor-widget-text-editor\" data-id=\"8f6f1e4\" data-element_type=\"widget\" data-widget_type=\"text-editor.default\">\n\t\t\t\t<div class=\"elementor-widget-container\">\n\t\t\t\t\t\t\t\t\t<p><strong>YOZGAT SORGUN \/ 12-13 N\u0130SAN 2025 <\/strong>\/ SCI YAZ KUPASI \/ MERA \/ IRK STANDARTLARI YARI\u015eMASI<\/p>\t\t\t\t\t\t\t\t<\/div>\n\t\t\t\t<\/div>\n\t\t\t\t<div class=\"elementor-element elementor-element-c4de9e7 elementor-widget-divider--view-line elementor-widget elementor-widget-divider\" data-id=\"c4de9e7\" data-element_type=\"widget\" data-widget_type=\"divider.default\">\n\t\t\t\t<div class=\"elementor-widget-container\">\n\t\t\t\t\t\t\t<div class=\"elementor-divider\">\n\t\t\t<span class=\"elementor-divider-separator\">\n\t\t\t\t\t\t<\/span>\n\t\t<\/div>\n\t\t\t\t\t\t<\/div>\n\t\t\t\t<\/div>\n\t\t\t\t<div class=\"elementor-element elementor-element-7362ac9 elementor-widget elementor-widget-text-editor\" data-id=\"7362ac9\" data-element_type=\"widget\" data-widget_type=\"text-editor.default\">\n\t\t\t\t<div class=\"elementor-widget-container\">\n\t\t\t\t\t\t\t\t\t<p><strong>SAKARYA \/ 20 N\u0130SAN 2025 <\/strong>\/ KUZEY AVCILAR GRUBU \/ MERA \/ IRK STANDARTLARI YARI\u015eMASI<\/p>\t\t\t\t\t\t\t\t<\/div>\n\t\t\t\t<\/div>\n\t\t\t\t<div class=\"elementor-element elementor-element-c86c1e8 elementor-widget-divider--view-line elementor-widget elementor-widget-divider\" data-id=\"c86c1e8\" data-element_type=\"widget\" data-widget_type=\"divider.default\">\n\t\t\t\t<div class=\"elementor-widget-container\">\n\t\t\t\t\t\t\t<div class=\"elementor-divider\">\n\t\t\t<span class=\"elementor-divider-separator\">\n\t\t\t\t\t\t<\/span>\n\t\t<\/div>\n\t\t\t\t\t\t<\/div>\n\t\t\t\t<\/div>\n\t\t\t\t<div class=\"elementor-element elementor-element-14d1fd2 elementor-widget elementor-widget-text-editor\" data-id=\"14d1fd2\" data-element_type=\"widget\" data-widget_type=\"text-editor.default\">\n\t\t\t\t<div class=\"elementor-widget-container\">\n\t\t\t\t\t\t\t\t\t<p><strong>\u00c7ORLU \/ 26-27 N\u0130SAN 2025 <\/strong>\/ SCI YAZ KUPASI \u00a0\/ MERA \/ IRK STANDARTLARI YARI\u015eMASI<\/p>\t\t\t\t\t\t\t\t<\/div>\n\t\t\t\t<\/div>\n\t\t\t\t<div class=\"elementor-element elementor-element-0680520 elementor-widget-divider--view-line elementor-widget elementor-widget-divider\" data-id=\"0680520\" data-element_type=\"widget\" data-widget_type=\"divider.default\">\n\t\t\t\t<div class=\"elementor-widget-container\">\n\t\t\t\t\t\t\t<div class=\"elementor-divider\">\n\t\t\t<span class=\"elementor-divider-separator\">\n\t\t\t\t\t\t<\/span>\n\t\t<\/div>\n\t\t\t\t\t\t<\/div>\n\t\t\t\t<\/div>\n\t\t\t\t<div class=\"elementor-element elementor-element-ebbb863 elementor-widget elementor-widget-heading\" data-id=\"ebbb863\" data-element_type=\"widget\" data-widget_type=\"heading.default\">\n\t\t\t\t<div class=\"elementor-widget-container\">\n\t\t\t\t\t<h2 class=\"elementor-heading-title elementor-size-default\">MAYIS 2025<\/h2>\t\t\t\t<\/div>\n\t\t\t\t<\/div>\n\t\t\t\t<div class=\"elementor-element elementor-element-318aa26 elementor-widget elementor-widget-text-editor\" data-id=\"318aa26\" data-element_type=\"widget\" data-widget_type=\"text-editor.default\">\n\t\t\t\t<div class=\"elementor-widget-container\">\n\t\t\t\t\t\t\t\t\t<p><strong>BURSA \/ 04 MAYIS 2025 <\/strong>\/ YEN\u0130\u015eEH\u0130R AVCILAR DERNE\u011e\u0130 I \u00a0\/ MERA \/ IRK STANDARTLARI YARI\u015eMASI<\/p>\t\t\t\t\t\t\t\t<\/div>\n\t\t\t\t<\/div>\n\t\t\t\t<div class=\"elementor-element elementor-element-8fe8ac4 elementor-widget-divider--view-line elementor-widget elementor-widget-divider\" data-id=\"8fe8ac4\" data-element_type=\"widget\" data-widget_type=\"divider.default\">\n\t\t\t\t<div class=\"elementor-widget-container\">\n\t\t\t\t\t\t\t<div class=\"elementor-divider\">\n\t\t\t<span class=\"elementor-divider-separator\">\n\t\t\t\t\t\t<\/span>\n\t\t<\/div>\n\t\t\t\t\t\t<\/div>\n\t\t\t\t<\/div>\n\t\t\t\t<div class=\"elementor-element elementor-element-006ed63 elementor-widget elementor-widget-text-editor\" data-id=\"006ed63\" data-element_type=\"widget\" data-widget_type=\"text-editor.default\">\n\t\t\t\t<div class=\"elementor-widget-container\">\n\t\t\t\t\t\t\t\t\t<p><strong>\u00c7ORLU \/ 10 MAYIS 2025 <\/strong>\/ \u201cSCI DERBY T\u00dcRK\u0130YE\u201d \u00a0\/ MERA \/ IRK STANDARTLARI YARI\u015eMASI<\/p>\t\t\t\t\t\t\t\t<\/div>\n\t\t\t\t<\/div>\n\t\t\t\t<div class=\"elementor-element elementor-element-b7dd31b elementor-widget-divider--view-line elementor-widget elementor-widget-divider\" data-id=\"b7dd31b\" data-element_type=\"widget\" data-widget_type=\"divider.default\">\n\t\t\t\t<div class=\"elementor-widget-container\">\n\t\t\t\t\t\t\t<div class=\"elementor-divider\">\n\t\t\t<span class=\"elementor-divider-separator\">\n\t\t\t\t\t\t<\/span>\n\t\t<\/div>\n\t\t\t\t\t\t<\/div>\n\t\t\t\t<\/div>\n\t\t\t\t<div class=\"elementor-element elementor-element-38b2bf4 elementor-widget elementor-widget-text-editor\" data-id=\"38b2bf4\" data-element_type=\"widget\" data-widget_type=\"text-editor.default\">\n\t\t\t\t<div class=\"elementor-widget-container\">\n\t\t\t\t\t\t\t\t\t<p><strong>\u00c7ORLU \/ 11 MAYIS 2025 <\/strong>\/ \u00c7ORLU AVCILARI DERNE\u011e\u0130 \u00a0\/ MERA \/ IRK STANDARTLARI YARI\u015eMASI<\/p>\t\t\t\t\t\t\t\t<\/div>\n\t\t\t\t<\/div>\n\t\t\t\t<div class=\"elementor-element elementor-element-1f7b9c4 elementor-widget-divider--view-line elementor-widget elementor-widget-divider\" data-id=\"1f7b9c4\" data-element_type=\"widget\" data-widget_type=\"divider.default\">\n\t\t\t\t<div class=\"elementor-widget-container\">\n\t\t\t\t\t\t\t<div class=\"elementor-divider\">\n\t\t\t<span class=\"elementor-divider-separator\">\n\t\t\t\t\t\t<\/span>\n\t\t<\/div>\n\t\t\t\t\t\t<\/div>\n\t\t\t\t<\/div>\n\t\t\t\t<div class=\"elementor-element elementor-element-794f047 elementor-widget elementor-widget-text-editor\" data-id=\"794f047\" data-element_type=\"widget\" data-widget_type=\"text-editor.default\">\n\t\t\t\t<div class=\"elementor-widget-container\">\n\t\t\t\t\t\t\t\t\t<p><strong>ZONGULDAK \/ 18 MAYIS 2025 <\/strong>\/ DEVREK AVCILARI KUL\u00dcB\u00dc \/ MERA \/ IRK STANDARTLARI YARI\u015eMASI<\/p>\t\t\t\t\t\t\t\t<\/div>\n\t\t\t\t<\/div>\n\t\t\t\t<div class=\"elementor-element elementor-element-b808fd3 elementor-widget elementor-widget-text-editor\" data-id=\"b808fd3\" data-element_type=\"widget\" data-widget_type=\"text-editor.default\">\n\t\t\t\t<div class=\"elementor-widget-container\">\n\t\t\t\t\t\t\t\t\t<p><strong>\u00c7ORLU \/ 24-25 MAYIS 2025 <\/strong>\/ \u201cSCI YAZ KUPASI\u201d \/ MERA \/ IRK STANDARTLARI YARI\u015eMASI<\/p>\t\t\t\t\t\t\t\t<\/div>\n\t\t\t\t<\/div>\n\t\t\t\t<div class=\"elementor-element elementor-element-563e4fb elementor-widget-divider--view-line elementor-widget elementor-widget-divider\" data-id=\"563e4fb\" data-element_type=\"widget\" data-widget_type=\"divider.default\">\n\t\t\t\t<div class=\"elementor-widget-container\">\n\t\t\t\t\t\t\t<div class=\"elementor-divider\">\n\t\t\t<span class=\"elementor-divider-separator\">\n\t\t\t\t\t\t<\/span>\n\t\t<\/div>\n\t\t\t\t\t\t<\/div>\n\t\t\t\t<\/div>\n\t\t\t\t<div class=\"elementor-element elementor-element-3565b31 elementor-widget elementor-widget-text-editor\" data-id=\"3565b31\" data-element_type=\"widget\" data-widget_type=\"text-editor.default\">\n\t\t\t\t<div class=\"elementor-widget-container\">\n\t\t\t\t\t\t\t\t\t<p><strong>SAKARYA \/ 31 MAYIS &#8211; 1 HAZ\u0130RAN 2025 <\/strong>\/ FER\u0130ZL\u0130 AVCILARI KUL\u00dcB\u00dc \/ MERA \/ IRK STANDARTLARI YARI\u015eMASI<\/p>\t\t\t\t\t\t\t\t<\/div>\n\t\t\t\t<\/div>\n\t\t\t\t<div class=\"elementor-element elementor-element-6630efe elementor-widget-divider--view-line elementor-widget elementor-widget-divider\" data-id=\"6630efe\" data-element_type=\"widget\" data-widget_type=\"divider.default\">\n\t\t\t\t<div class=\"elementor-widget-container\">\n\t\t\t\t\t\t\t<div class=\"elementor-divider\">\n\t\t\t<span class=\"elementor-divider-separator\">\n\t\t\t\t\t\t<\/span>\n\t\t<\/div>\n\t\t\t\t\t\t<\/div>\n\t\t\t\t<\/div>\n\t\t\t\t<div class=\"elementor-element elementor-element-0e3d5f1 elementor-widget elementor-widget-heading\" data-id=\"0e3d5f1\" data-element_type=\"widget\" data-widget_type=\"heading.default\">\n\t\t\t\t<div class=\"elementor-widget-container\">\n\t\t\t\t\t<h2 class=\"elementor-heading-title elementor-size-default\">HAZ\u0130RAN 2025<\/h2>\t\t\t\t<\/div>\n\t\t\t\t<\/div>\n\t\t\t\t<div class=\"elementor-element elementor-element-62a2166 elementor-widget elementor-widget-text-editor\" data-id=\"62a2166\" data-element_type=\"widget\" data-widget_type=\"text-editor.default\">\n\t\t\t\t<div class=\"elementor-widget-container\">\n\t\t\t\t\t\t\t\t\t<p><strong>ORDU \/ 14-15 HAZ\u0130RAN 2025 <\/strong>\/ YILDIZLAR GE\u00c7\u0130D\u0130 \/ MERA \/ IRK STANDARTLARI YARI\u015eMASI<\/p>\t\t\t\t\t\t\t\t<\/div>\n\t\t\t\t<\/div>\n\t\t\t\t<div class=\"elementor-element elementor-element-dd2f1de elementor-widget-divider--view-line elementor-widget elementor-widget-divider\" data-id=\"dd2f1de\" data-element_type=\"widget\" data-widget_type=\"divider.default\">\n\t\t\t\t<div class=\"elementor-widget-container\">\n\t\t\t\t\t\t\t<div class=\"elementor-divider\">\n\t\t\t<span class=\"elementor-divider-separator\">\n\t\t\t\t\t\t<\/span>\n\t\t<\/div>\n\t\t\t\t\t\t<\/div>\n\t\t\t\t<\/div>\n\t\t\t\t<div class=\"elementor-element elementor-element-8b4c4a0 elementor-widget elementor-widget-text-editor\" data-id=\"8b4c4a0\" data-element_type=\"widget\" data-widget_type=\"text-editor.default\">\n\t\t\t\t<div class=\"elementor-widget-container\">\n\t\t\t\t\t\t\t\t\t<p><strong>\u00c7ORLU \/ 20-21 HAZ\u0130RAN 2025 <\/strong>\/ \u201cSCI YAZ KUPASI\u201d \/ MERA \/ IRK STANDARTLARI YARI\u015eMASI<\/p>\t\t\t\t\t\t\t\t<\/div>\n\t\t\t\t<\/div>\n\t\t\t\t<div class=\"elementor-element elementor-element-e9464bb elementor-widget-divider--view-line elementor-widget elementor-widget-divider\" data-id=\"e9464bb\" data-element_type=\"widget\" data-widget_type=\"divider.default\">\n\t\t\t\t<div class=\"elementor-widget-container\">\n\t\t\t\t\t\t\t<div class=\"elementor-divider\">\n\t\t\t<span class=\"elementor-divider-separator\">\n\t\t\t\t\t\t<\/span>\n\t\t<\/div>\n\t\t\t\t\t\t<\/div>\n\t\t\t\t<\/div>\n\t\t\t\t<div class=\"elementor-element elementor-element-dd56cc0 elementor-widget elementor-widget-heading\" data-id=\"dd56cc0\" data-element_type=\"widget\" data-widget_type=\"heading.default\">\n\t\t\t\t<div class=\"elementor-widget-container\">\n\t\t\t\t\t<h2 class=\"elementor-heading-title elementor-size-default\">TEMMUZ 2025<\/h2>\t\t\t\t<\/div>\n\t\t\t\t<\/div>\n\t\t\t\t<div class=\"elementor-element elementor-element-76b7c6c elementor-widget elementor-widget-text-editor\" data-id=\"76b7c6c\" data-element_type=\"widget\" data-widget_type=\"text-editor.default\">\n\t\t\t\t<div class=\"elementor-widget-container\">\n\t\t\t\t\t\t\t\t\t<p><strong>SAKARYA \/ 12-13 TEMMUZ 2025 <\/strong>\/ \u201cSCI KARAG\u00d6L CENNET\u0130\u201d \/ MERA YARI\u015eMASI<\/p>\t\t\t\t\t\t\t\t<\/div>\n\t\t\t\t<\/div>\n\t\t\t\t<div class=\"elementor-element elementor-element-e6612bd elementor-widget-divider--view-line elementor-widget elementor-widget-divider\" data-id=\"e6612bd\" data-element_type=\"widget\" data-widget_type=\"divider.default\">\n\t\t\t\t<div class=\"elementor-widget-container\">\n\t\t\t\t\t\t\t<div class=\"elementor-divider\">\n\t\t\t<span class=\"elementor-divider-separator\">\n\t\t\t\t\t\t<\/span>\n\t\t<\/div>\n\t\t\t\t\t\t<\/div>\n\t\t\t\t<\/div>\n\t\t\t\t<div class=\"elementor-element elementor-element-f6a4212 elementor-widget elementor-widget-heading\" data-id=\"f6a4212\" data-element_type=\"widget\" data-widget_type=\"heading.default\">\n\t\t\t\t<div class=\"elementor-widget-container\">\n\t\t\t\t\t<h2 class=\"elementor-heading-title elementor-size-default\">ARALIK 2025<\/h2>\t\t\t\t<\/div>\n\t\t\t\t<\/div>\n\t\t\t\t<div class=\"elementor-element elementor-element-ed79c1c elementor-widget-divider--view-line elementor-widget elementor-widget-divider\" data-id=\"ed79c1c\" data-element_type=\"widget\" data-widget_type=\"divider.default\">\n\t\t\t\t<div class=\"elementor-widget-container\">\n\t\t\t\t\t\t\t<div class=\"elementor-divider\">\n\t\t\t<span class=\"elementor-divider-separator\">\n\t\t\t\t\t\t<\/span>\n\t\t<\/div>\n\t\t\t\t\t\t<\/div>\n\t\t\t\t<\/div>\n\t\t\t\t<div class=\"elementor-element elementor-element-86d425d elementor-widget elementor-widget-heading\" data-id=\"86d425d\" data-element_type=\"widget\" data-widget_type=\"heading.default\">\n\t\t\t\t<div class=\"elementor-widget-container\">\n\t\t\t\t\t<h2 class=\"elementor-heading-title elementor-size-default\">12-13-14 ARALIK 2025 \/ AVRUPA CULLUK\n\u015eAMP\u0130YONASI<\/h2>\t\t\t\t<\/div>\n\t\t\t\t<\/div>\n\t\t\t\t<div class=\"elementor-element elementor-element-0ad574d elementor-widget elementor-widget-spacer\" data-id=\"0ad574d\" data-element_type=\"widget\" data-widget_type=\"spacer.default\">\n\t\t\t\t<div class=\"elementor-widget-container\">\n\t\t\t\t\t\t\t<div class=\"elementor-spacer\">\n\t\t\t<div class=\"elementor-spacer-inner\"><\/div>\n\t\t<\/div>\n\t\t\t\t\t\t<\/div>\n\t\t\t\t<\/div>\n\t\t\t\t\t<\/div>\n\t\t\t\t<\/div>\n\t\t\t\t<\/div>\n\t\t","protected":false},"excerpt":{"rendered":"<p>SETTER CLUB \u0130STANBUL 2025 YARI\u015e TAKV\u0130M\u0130 N\u0130SAN 2025 BALIKES\u0130R \/ 06 N\u0130SAN 2025 \/ YE\u015e\u0130L G\u00d6NEN AVCILILAR DERNE\u011e\u0130 \/ MERA \/ IRK STANDARTLARI YARI\u015eMASI YOZGAT SORGUN \/ 12-13 N\u0130SAN 2025 [&hellip;]<\/p>\n","protected":false},"author":1,"featured_media":0,"parent":0,"menu_order":0,"comment_status":"closed","ping_status":"closed","template":"elementor_header_footer","meta":{"_price":"","_stock":"","_tribe_ticket_header":"","_tribe_default_ticket_provider":"","_tribe_ticket_capacity":"0","_ticket_start_date":"","_ticket_end_date":"","_tribe_ticket_show_description":"","_tribe_ticket_show_not_going":false,"_tribe_ticket_use_global_stock":"","_tribe_ticket_global_stock_level":"","_global_stock_mode":"","_global_stock_cap":"","_tribe_rsvp_for_event":"","_tribe_ticket_going_count":"","_tribe_ticket_not_going_count":"","_tribe_tickets_list":"[]","_tribe_ticket_has_attendee_info_fields":false,"_mc_calendar":[],"footnotes":"","_tec_slr_enabled":"","_tec_slr_layout":""},"class_list":["post-1675","page","type-page","status-publish","hentry"],"ticketed":false,"_links":{"self":[{"href":"https:\/\/setterirkdernegi.com.tr\/index.php\/wp-json\/wp\/v2\/pages\/1675","targetHints":{"allow":["GET"]}}],"collection":[{"href":"https:\/\/setterirkdernegi.com.tr\/index.php\/wp-json\/wp\/v2\/pages"}],"about":[{"href":"https:\/\/setterirkdernegi.com.tr\/index.php\/wp-json\/wp\/v2\/types\/page"}],"author":[{"embeddable":true,"href":"https:\/\/setterirkdernegi.com.tr\/index.php\/wp-json\/wp\/v2\/users\/1"}],"replies":[{"embeddable":true,"href":"https:\/\/setterirkdernegi.com.tr\/index.php\/wp-json\/wp\/v2\/comments?post=1675"}],"version-history":[{"count":34,"href":"https:\/\/setterirkdernegi.com.tr\/index.php\/wp-json\/wp\/v2\/pages\/1675\/revisions"}],"predecessor-version":[{"id":2615,"href":"https:\/\/setterirkdernegi.com.tr\/index.php\/wp-json\/wp\/v2\/pages\/1675\/revisions\/2615"}],"wp:attachment":[{"href":"https:\/\/setterirkdernegi.com.tr\/index.php\/wp-json\/wp\/v2\/media?parent=1675"}],"curies":[{"name":"wp","href":"https:\/\/api.w.org\/{rel}","templated":true}]}}