{"id":1626,"date":"2024-08-22T17:56:54","date_gmt":"2024-08-22T14:56:54","guid":{"rendered":"https:\/\/setterirkdernegi.com.tr\/?page_id=1626"},"modified":"2025-05-02T16:06:21","modified_gmt":"2025-05-02T13:06:21","slug":"uretim-ucretleri","status":"publish","type":"page","link":"https:\/\/setterirkdernegi.com.tr\/index.php\/uretim-ucretleri\/","title":{"rendered":"\u00dcretim \u00dccretleri"},"content":{"rendered":"\t\t<div data-elementor-type=\"wp-page\" data-elementor-id=\"1626\" class=\"elementor elementor-1626\">\n\t\t\t\t<div class=\"elementor-element elementor-element-366751e e-con-full e-flex e-con e-parent\" data-id=\"366751e\" data-element_type=\"container\" data-settings=\"{&quot;background_background&quot;:&quot;classic&quot;}\">\n\t\t<div class=\"elementor-element elementor-element-68caf19 e-con-full e-flex e-con e-child\" data-id=\"68caf19\" data-element_type=\"container\">\n\t\t\t\t<div class=\"elementor-element elementor-element-e19a730 elementor-widget elementor-widget-image\" data-id=\"e19a730\" data-element_type=\"widget\" data-widget_type=\"image.default\">\n\t\t\t\t<div class=\"elementor-widget-container\">\n\t\t\t\t\t\t\t\t\t\t\t\t\t\t\t<img decoding=\"async\" src=\"https:\/\/setterirkdernegi.com.tr\/wp-content\/uploads\/elementor\/thumbs\/turk_bayrak-1-ra8lmdu8dcp813in32dv3u69lkiur40xscp2bqukig.png\" title=\"turk_bayrak\" alt=\"turk_bayrak\" class=\"elementor-animation-pulse-shrink\" loading=\"lazy\" \/>\t\t\t\t\t\t\t\t\t\t\t\t\t\t\t<\/div>\n\t\t\t\t<\/div>\n\t\t\t\t<div class=\"elementor-element elementor-element-b055387 elementor-widget elementor-widget-image\" data-id=\"b055387\" data-element_type=\"widget\" data-widget_type=\"image.default\">\n\t\t\t\t<div class=\"elementor-widget-container\">\n\t\t\t\t\t\t\t\t\t\t\t\t\t\t\t\t<a href=\"https:\/\/www.kif.org.tr\" target=\"_blank\">\n\t\t\t\t\t\t\t<img decoding=\"async\" src=\"https:\/\/setterirkdernegi.com.tr\/wp-content\/uploads\/elementor\/thumbs\/kif_logo-1-ra8look12ruges6ho25179atvh75kh5bfq3sk3fxaw.png\" title=\"kif_logo\" alt=\"kif_logo\" class=\"elementor-animation-pulse-shrink\" loading=\"lazy\" \/>\t\t\t\t\t\t\t\t<\/a>\n\t\t\t\t\t\t\t\t\t\t\t\t\t\t\t<\/div>\n\t\t\t\t<\/div>\n\t\t\t\t<div class=\"elementor-element elementor-element-4e61e97 elementor-widget elementor-widget-image\" data-id=\"4e61e97\" data-element_type=\"widget\" data-widget_type=\"image.default\">\n\t\t\t\t<div class=\"elementor-widget-container\">\n\t\t\t\t\t\t\t\t\t\t\t\t\t\t\t\t<a href=\"https:\/\/www.fci.be\/en\/\" target=\"_blank\">\n\t\t\t\t\t\t\t<img decoding=\"async\" src=\"https:\/\/setterirkdernegi.com.tr\/wp-content\/uploads\/elementor\/thumbs\/fci-1-ra8llqc9mht1yugrwa86vi3qqxqoeofnd4dxbtteu0.png\" title=\"fci\" alt=\"fci\" class=\"elementor-animation-pulse-shrink\" loading=\"lazy\" \/>\t\t\t\t\t\t\t\t<\/a>\n\t\t\t\t\t\t\t\t\t\t\t\t\t\t\t<\/div>\n\t\t\t\t<\/div>\n\t\t\t\t<div class=\"elementor-element elementor-element-c670d03 elementor-widget elementor-widget-image\" data-id=\"c670d03\" data-element_type=\"widget\" data-widget_type=\"image.default\">\n\t\t\t\t<div class=\"elementor-widget-container\">\n\t\t\t\t\t\t\t\t\t\t\t\t\t\t\t\t<a href=\"https:\/\/www.facebook.com\/profile.php?id=100081815889256&#038;sk=about\" target=\"_blank\">\n\t\t\t\t\t\t\t<img decoding=\"async\" src=\"https:\/\/setterirkdernegi.com.tr\/wp-content\/uploads\/elementor\/thumbs\/engiliz_club-1-ra8locc4lxdq7uo8neuvsudu5gvdsest21mhbhy1js.png\" title=\"engiliz_club\" alt=\"engiliz_club\" class=\"elementor-animation-pulse-shrink\" loading=\"lazy\" \/>\t\t\t\t\t\t\t\t<\/a>\n\t\t\t\t\t\t\t\t\t\t\t\t\t\t\t<\/div>\n\t\t\t\t<\/div>\n\t\t\t\t<\/div>\n\t\t\t\t<\/div>\n\t\t<div class=\"elementor-element elementor-element-eaf488a e-flex e-con-boxed e-con e-parent\" data-id=\"eaf488a\" data-element_type=\"container\">\n\t\t\t\t\t<div class=\"e-con-inner\">\n\t\t\t\t<div class=\"elementor-element elementor-element-4f02ae1 elementor-widget elementor-widget-spacer\" data-id=\"4f02ae1\" data-element_type=\"widget\" data-widget_type=\"spacer.default\">\n\t\t\t\t<div class=\"elementor-widget-container\">\n\t\t\t\t\t\t\t<div class=\"elementor-spacer\">\n\t\t\t<div class=\"elementor-spacer-inner\"><\/div>\n\t\t<\/div>\n\t\t\t\t\t\t<\/div>\n\t\t\t\t<\/div>\n\t\t\t\t\t<\/div>\n\t\t\t\t<\/div>\n\t\t<div class=\"elementor-element elementor-element-47d5f8a e-flex e-con-boxed e-con e-parent\" data-id=\"47d5f8a\" data-element_type=\"container\">\n\t\t\t\t\t<div class=\"e-con-inner\">\n\t\t\t\t<div class=\"elementor-element elementor-element-2d50f92 elementor-widget elementor-widget-heading\" data-id=\"2d50f92\" data-element_type=\"widget\" data-widget_type=\"heading.default\">\n\t\t\t\t<div class=\"elementor-widget-container\">\n\t\t\t\t\t<h2 class=\"elementor-heading-title elementor-size-default\">\u00dcretim \u00dccretleri<\/h2>\t\t\t\t<\/div>\n\t\t\t\t<\/div>\n\t\t\t\t\t<\/div>\n\t\t\t\t<\/div>\n\t\t<div class=\"elementor-element elementor-element-8e0c7c7 e-con-full e-flex e-con e-parent\" data-id=\"8e0c7c7\" data-element_type=\"container\">\n\t\t<div class=\"elementor-element elementor-element-ac32ef3 e-con-full e-flex e-con e-child\" data-id=\"ac32ef3\" data-element_type=\"container\">\n\t\t\t\t<div class=\"elementor-element elementor-element-10961fd elementor-widget__width-initial elementor-widget elementor-widget-sina_counter\" data-id=\"10961fd\" data-element_type=\"widget\" data-widget_type=\"sina_counter.default\">\n\t\t\t\t<div class=\"elementor-widget-container\">\n\t\t\t\t\t\t\t<div class=\"sina-counter\">\n\t\t\t\t\t\t\t<div class=\"sina-counter-icon\">\n\t\t\t\t\t<i class=\"fa fa-user\"><\/i>\n\t\t\t\t<\/div>\n\t\t\t\n\t\t\t\t\t\t\t<h3 class=\"sina-counter-title\">Irk De\u011ferlendirmesi<\/h3>\t\t\t\n\t\t\t\t\t\t\t<div class=\"sina-counter-number-wrap\">\n\t\t\t\t\t\n\t\t\t\t\t<span class=\"sina-counter-number\"\n\t\t\t\t\tdata-duration=\"2000\"\n\t\t\t\t\tdata-to-value=\"1000\"\n\t\t\t\t\tdata-delimiter=\",\">\n\t\t\t\t\t\t990\t\t\t\t\t<\/span>\n\n\t\t\t\t\t\t\t\t\t<\/div>\n\t\t\t\n\t\t\t\t\t<\/div><!-- .sina-counter -->\n\t\t\t\t\t\t<\/div>\n\t\t\t\t<\/div>\n\t\t\t\t<\/div>\n\t\t\t\t<\/div>\n\t\t<div class=\"elementor-element elementor-element-7d040e1 e-grid e-con-boxed e-con e-parent\" data-id=\"7d040e1\" data-element_type=\"container\">\n\t\t\t\t\t<div class=\"e-con-inner\">\n\t\t<div class=\"elementor-element elementor-element-a72ba35 e-con-full e-flex e-con e-child\" data-id=\"a72ba35\" data-element_type=\"container\">\n\t\t\t\t<div class=\"elementor-element elementor-element-487e42e elementor-widget__width-initial elementor-widget elementor-widget-sina_counter\" data-id=\"487e42e\" data-element_type=\"widget\" data-widget_type=\"sina_counter.default\">\n\t\t\t\t<div class=\"elementor-widget-container\">\n\t\t\t\t\t\t\t<div class=\"sina-counter\">\n\t\t\t\t\t\t\t<div class=\"sina-counter-icon\">\n\t\t\t\t\t<i class=\"fa fa-user\"><\/i>\n\t\t\t\t<\/div>\n\t\t\t\n\t\t\t\t\t\t\t<h3 class=\"sina-counter-title\">E\u015fle\u015fme<br>\u00dccreti<\/h3>\t\t\t\n\t\t\t\t\t\t\t<div class=\"sina-counter-number-wrap\">\n\t\t\t\t\t\n\t\t\t\t\t<span class=\"sina-counter-number\"\n\t\t\t\t\tdata-duration=\"2000\"\n\t\t\t\t\tdata-to-value=\"1000\"\n\t\t\t\t\tdata-delimiter=\",\">\n\t\t\t\t\t\t980\t\t\t\t\t<\/span>\n\n\t\t\t\t\t\t\t\t\t<\/div>\n\t\t\t\n\t\t\t\t\t<\/div><!-- .sina-counter -->\n\t\t\t\t\t\t<\/div>\n\t\t\t\t<\/div>\n\t\t\t\t<\/div>\n\t\t<div class=\"elementor-element elementor-element-2c5abf9 e-con-full e-flex e-con e-child\" data-id=\"2c5abf9\" data-element_type=\"container\">\n\t\t\t\t<div class=\"elementor-element elementor-element-2329bbf elementor-widget__width-initial elementor-widget elementor-widget-sina_counter\" data-id=\"2329bbf\" data-element_type=\"widget\" data-widget_type=\"sina_counter.default\">\n\t\t\t\t<div class=\"elementor-widget-container\">\n\t\t\t\t\t\t\t<div class=\"sina-counter\">\n\t\t\t\t\t\t\t<div class=\"sina-counter-icon\">\n\t\t\t\t\t<i class=\"fa fa-user\"><\/i>\n\t\t\t\t<\/div>\n\t\t\t\n\t\t\t\t\t\t\t<h3 class=\"sina-counter-title\">\u00dcyelik<br>Giri\u015fi<\/h3>\t\t\t\n\t\t\t\t\t\t\t<div class=\"sina-counter-number-wrap\">\n\t\t\t\t\t\n\t\t\t\t\t<span class=\"sina-counter-number\"\n\t\t\t\t\tdata-duration=\"2000\"\n\t\t\t\t\tdata-to-value=\"1000\"\n\t\t\t\t\tdata-delimiter=\",\">\n\t\t\t\t\t\t990\t\t\t\t\t<\/span>\n\n\t\t\t\t\t\t\t\t\t<\/div>\n\t\t\t\n\t\t\t\t\t<\/div><!-- .sina-counter -->\n\t\t\t\t\t\t<\/div>\n\t\t\t\t<\/div>\n\t\t\t\t<\/div>\n\t\t<div class=\"elementor-element elementor-element-be1bb0f e-con-full e-flex e-con e-child\" data-id=\"be1bb0f\" data-element_type=\"container\">\n\t\t\t\t<div class=\"elementor-element elementor-element-94e47be elementor-widget__width-initial elementor-widget elementor-widget-sina_counter\" data-id=\"94e47be\" data-element_type=\"widget\" data-widget_type=\"sina_counter.default\">\n\t\t\t\t<div class=\"elementor-widget-container\">\n\t\t\t\t\t\t\t<div class=\"sina-counter\">\n\t\t\t\t\t\t\t<div class=\"sina-counter-icon\">\n\t\t\t\t\t<i class=\"fa fa-user\"><\/i>\n\t\t\t\t<\/div>\n\t\t\t\n\t\t\t\t\t\t\t<h3 class=\"sina-counter-title\">Bir Y\u0131ll\u0131k Aidat<\/h3>\t\t\t\n\t\t\t\t\t\t\t<div class=\"sina-counter-number-wrap\">\n\t\t\t\t\t\n\t\t\t\t\t<span class=\"sina-counter-number\"\n\t\t\t\t\tdata-duration=\"2000\"\n\t\t\t\t\tdata-to-value=\"300\"\n\t\t\t\t\tdata-delimiter=\",\">\n\t\t\t\t\t\t290\t\t\t\t\t<\/span>\n\n\t\t\t\t\t\t\t\t\t<\/div>\n\t\t\t\n\t\t\t\t\t<\/div><!-- .sina-counter -->\n\t\t\t\t\t\t<\/div>\n\t\t\t\t<\/div>\n\t\t\t\t<\/div>\n\t\t\t\t\t<\/div>\n\t\t\t\t<\/div>\n\t\t<div class=\"elementor-element elementor-element-3fc5052 e-flex e-con-boxed e-con e-parent\" data-id=\"3fc5052\" data-element_type=\"container\">\n\t\t\t\t\t<div class=\"e-con-inner\">\n\t\t\t\t<div class=\"elementor-element elementor-element-7ce9e22 elementor-widget elementor-widget-spacer\" data-id=\"7ce9e22\" data-element_type=\"widget\" data-widget_type=\"spacer.default\">\n\t\t\t\t<div class=\"elementor-widget-container\">\n\t\t\t\t\t\t\t<div class=\"elementor-spacer\">\n\t\t\t<div class=\"elementor-spacer-inner\"><\/div>\n\t\t<\/div>\n\t\t\t\t\t\t<\/div>\n\t\t\t\t<\/div>\n\t\t\t\t\t<\/div>\n\t\t\t\t<\/div>\n\t\t<div class=\"elementor-element elementor-element-010dfe4 e-con-full e-flex e-con e-parent\" data-id=\"010dfe4\" data-element_type=\"container\">\n\t\t\t\t<\/div>\n\t\t<div class=\"elementor-element elementor-element-dc45344 e-flex e-con-boxed e-con e-parent\" data-id=\"dc45344\" data-element_type=\"container\">\n\t\t\t\t\t<div class=\"e-con-inner\">\n\t\t\t\t<div class=\"elementor-element elementor-element-4b72fb9 elementor-widget elementor-widget-spacer\" data-id=\"4b72fb9\" data-element_type=\"widget\" data-widget_type=\"spacer.default\">\n\t\t\t\t<div class=\"elementor-widget-container\">\n\t\t\t\t\t\t\t<div class=\"elementor-spacer\">\n\t\t\t<div class=\"elementor-spacer-inner\"><\/div>\n\t\t<\/div>\n\t\t\t\t\t\t<\/div>\n\t\t\t\t<\/div>\n\t\t\t\t\t<\/div>\n\t\t\t\t<\/div>\n\t\t\t\t<\/div>\n\t\t","protected":false},"excerpt":{"rendered":"<p>\u00dcretim \u00dccretleri Irk De\u011ferlendirmesi 990 E\u015fle\u015fme\u00dccreti 980 \u00dcyelikGiri\u015fi 990 Bir Y\u0131ll\u0131k Aidat 290<\/p>\n","protected":false},"author":1,"featured_media":0,"parent":0,"menu_order":0,"comment_status":"closed","ping_status":"closed","template":"elementor_header_footer","meta":{"_price":"","_stock":"","_tribe_ticket_header":"","_tribe_default_ticket_provider":"","_tribe_ticket_capacity":"0","_ticket_start_date":"","_ticket_end_date":"","_tribe_ticket_show_description":"","_tribe_ticket_show_not_going":false,"_tribe_ticket_use_global_stock":"","_tribe_ticket_global_stock_level":"","_global_stock_mode":"","_global_stock_cap":"","_tribe_rsvp_for_event":"","_tribe_ticket_going_count":"","_tribe_ticket_not_going_count":"","_tribe_tickets_list":"[]","_tribe_ticket_has_attendee_info_fields":false,"_mc_calendar":[],"footnotes":"","_tec_slr_enabled":"","_tec_slr_layout":""},"class_list":["post-1626","page","type-page","status-publish","hentry"],"ticketed":false,"_links":{"self":[{"href":"https:\/\/setterirkdernegi.com.tr\/index.php\/wp-json\/wp\/v2\/pages\/1626","targetHints":{"allow":["GET"]}}],"collection":[{"href":"https:\/\/setterirkdernegi.com.tr\/index.php\/wp-json\/wp\/v2\/pages"}],"about":[{"href":"https:\/\/setterirkdernegi.com.tr\/index.php\/wp-json\/wp\/v2\/types\/page"}],"author":[{"embeddable":true,"href":"https:\/\/setterirkdernegi.com.tr\/index.php\/wp-json\/wp\/v2\/users\/1"}],"replies":[{"embeddable":true,"href":"https:\/\/setterirkdernegi.com.tr\/index.php\/wp-json\/wp\/v2\/comments?post=1626"}],"version-history":[{"count":34,"href":"https:\/\/setterirkdernegi.com.tr\/index.php\/wp-json\/wp\/v2\/pages\/1626\/revisions"}],"predecessor-version":[{"id":2577,"href":"https:\/\/setterirkdernegi.com.tr\/index.php\/wp-json\/wp\/v2\/pages\/1626\/revisions\/2577"}],"wp:attachment":[{"href":"https:\/\/setterirkdernegi.com.tr\/index.php\/wp-json\/wp\/v2\/media?parent=1626"}],"curies":[{"name":"wp","href":"https:\/\/api.w.org\/{rel}","templated":true}]}}