{"id":1584,"date":"2024-08-22T17:03:50","date_gmt":"2024-08-22T14:03:50","guid":{"rendered":"https:\/\/setterirkdernegi.com.tr\/?page_id=1584"},"modified":"2024-08-28T14:25:42","modified_gmt":"2024-08-28T11:25:42","slug":"uretim-kurallari","status":"publish","type":"page","link":"https:\/\/setterirkdernegi.com.tr\/index.php\/uretim-kurallari\/","title":{"rendered":"\u00dcretim Kurallar\u0131"},"content":{"rendered":"\t\t<div data-elementor-type=\"wp-page\" data-elementor-id=\"1584\" class=\"elementor elementor-1584\">\n\t\t\t\t<div class=\"elementor-element elementor-element-95507b7 e-con-full e-flex e-con e-parent\" data-id=\"95507b7\" data-element_type=\"container\">\n\t\t<div class=\"elementor-element elementor-element-e70a024 e-con-full e-flex e-con e-child\" data-id=\"e70a024\" data-element_type=\"container\">\n\t\t\t\t<div class=\"elementor-element elementor-element-8820d1d elementor-widget elementor-widget-image\" data-id=\"8820d1d\" data-element_type=\"widget\" data-widget_type=\"image.default\">\n\t\t\t\t<div class=\"elementor-widget-container\">\n\t\t\t\t\t\t\t\t\t\t\t\t\t\t\t<img decoding=\"async\" src=\"https:\/\/setterirkdernegi.com.tr\/wp-content\/uploads\/elementor\/thumbs\/turk_bayrak-1-ra8lmdu8dcp813in32dv3u69lkiur40xscp2bqukig.png\" title=\"turk_bayrak\" alt=\"turk_bayrak\" class=\"elementor-animation-pulse-shrink\" loading=\"lazy\" \/>\t\t\t\t\t\t\t\t\t\t\t\t\t\t\t<\/div>\n\t\t\t\t<\/div>\n\t\t\t\t<div class=\"elementor-element elementor-element-a3646b0 elementor-widget elementor-widget-image\" data-id=\"a3646b0\" data-element_type=\"widget\" data-widget_type=\"image.default\">\n\t\t\t\t<div class=\"elementor-widget-container\">\n\t\t\t\t\t\t\t\t\t\t\t\t\t\t\t\t<a href=\"https:\/\/www.kif.org.tr\" target=\"_blank\">\n\t\t\t\t\t\t\t<img decoding=\"async\" src=\"https:\/\/setterirkdernegi.com.tr\/wp-content\/uploads\/elementor\/thumbs\/kif_logo-1-ra8look12ruges6ho25179atvh75kh5bfq3sk3fxaw.png\" title=\"kif_logo\" alt=\"kif_logo\" class=\"elementor-animation-pulse-shrink\" loading=\"lazy\" \/>\t\t\t\t\t\t\t\t<\/a>\n\t\t\t\t\t\t\t\t\t\t\t\t\t\t\t<\/div>\n\t\t\t\t<\/div>\n\t\t\t\t<div class=\"elementor-element elementor-element-e4677b1 elementor-widget elementor-widget-image\" data-id=\"e4677b1\" data-element_type=\"widget\" data-widget_type=\"image.default\">\n\t\t\t\t<div class=\"elementor-widget-container\">\n\t\t\t\t\t\t\t\t\t\t\t\t\t\t\t\t<a href=\"https:\/\/www.fci.be\/en\/\" target=\"_blank\">\n\t\t\t\t\t\t\t<img decoding=\"async\" src=\"https:\/\/setterirkdernegi.com.tr\/wp-content\/uploads\/elementor\/thumbs\/fci-1-ra8llqc9mht1yugrwa86vi3qqxqoeofnd4dxbtteu0.png\" title=\"fci\" alt=\"fci\" class=\"elementor-animation-pulse-shrink\" loading=\"lazy\" \/>\t\t\t\t\t\t\t\t<\/a>\n\t\t\t\t\t\t\t\t\t\t\t\t\t\t\t<\/div>\n\t\t\t\t<\/div>\n\t\t\t\t<div class=\"elementor-element elementor-element-9643751 elementor-widget elementor-widget-image\" data-id=\"9643751\" data-element_type=\"widget\" data-widget_type=\"image.default\">\n\t\t\t\t<div class=\"elementor-widget-container\">\n\t\t\t\t\t\t\t\t\t\t\t\t\t\t\t\t<a href=\"https:\/\/www.facebook.com\/profile.php?id=100081815889256&#038;sk=about\" target=\"_blank\">\n\t\t\t\t\t\t\t<img decoding=\"async\" src=\"https:\/\/setterirkdernegi.com.tr\/wp-content\/uploads\/elementor\/thumbs\/engiliz_club-1-ra8locc4lxdq7uo8neuvsudu5gvdsest21mhbhy1js.png\" title=\"engiliz_club\" alt=\"engiliz_club\" class=\"elementor-animation-pulse-shrink\" loading=\"lazy\" \/>\t\t\t\t\t\t\t\t<\/a>\n\t\t\t\t\t\t\t\t\t\t\t\t\t\t\t<\/div>\n\t\t\t\t<\/div>\n\t\t\t\t<\/div>\n\t\t\t\t<\/div>\n\t\t<div class=\"elementor-element elementor-element-78d2403 e-flex e-con-boxed e-con e-parent\" data-id=\"78d2403\" data-element_type=\"container\">\n\t\t\t\t\t<div class=\"e-con-inner\">\n\t\t\t\t<div class=\"elementor-element elementor-element-c8e3d0d elementor-widget elementor-widget-spacer\" data-id=\"c8e3d0d\" data-element_type=\"widget\" data-widget_type=\"spacer.default\">\n\t\t\t\t<div class=\"elementor-widget-container\">\n\t\t\t\t\t\t\t<div class=\"elementor-spacer\">\n\t\t\t<div class=\"elementor-spacer-inner\"><\/div>\n\t\t<\/div>\n\t\t\t\t\t\t<\/div>\n\t\t\t\t<\/div>\n\t\t\t\t\t<\/div>\n\t\t\t\t<\/div>\n\t\t<div class=\"elementor-element elementor-element-32d86f4 e-con-full e-flex e-con e-parent\" data-id=\"32d86f4\" data-element_type=\"container\">\n\t\t<div class=\"elementor-element elementor-element-d658b68 e-con-full e-flex e-con e-child\" data-id=\"d658b68\" data-element_type=\"container\">\n\t\t\t\t<div class=\"elementor-element elementor-element-a8d5076 elementor-widget__width-initial elementor-widget-mobile__width-inherit elementor-widget elementor-widget-text-editor\" data-id=\"a8d5076\" data-element_type=\"widget\" data-widget_type=\"text-editor.default\">\n\t\t\t\t<div class=\"elementor-widget-container\">\n\t\t\t\t\t\t\t\t\t<p>Bu \u00fcretim izni y\u00f6nergesi, \u00fclkemizde KIF \u00dcyesi Dernekler ve KIF Soyk\u00fct\u00fc\u011f\u00fc\u2019ne kay\u0131tl\u0131 bulunan k\u00f6pekler i\u00e7in ge\u00e7erlidir.\u00a0<\/p><p>\u00dclkemizde k\u00f6pek \u00fcretimi, Federasyonumuz taraf\u0131ndan kabul edilebilmesi i\u00e7in, soy k\u00fct\u00fc\u011f\u00fcm\u00fcze kay\u0131tl\u0131, \u0131rk standard\u0131 de\u011ferlendirmesinden en az \u201c\u0130Y\u0130\u201d alm\u0131\u015f, iyi huylu, sa\u011fl\u0131kl\u0131, genetik bozuklu\u011fu olmayan FCI taraf\u0131ndan kabul edilmi\u015f \u0131rklara mensup k\u00f6pekler ile yap\u0131labilir.<\/p><p>T\u00fcm T\u00fcrkiye i\u00e7in FCI ve \u00fcyesi ulusal kinoloji organizasyonlar\u0131 taraf\u0131ndan tan\u0131nacak tek soy k\u00fct\u00fc\u011f\u00fc vard\u0131r ve bu soy k\u00fct\u00fc\u011f\u00fcn\u00fc KIF tutar.<\/p><p><strong>II. T\u00dcRK\u0130YE\u2019DE KIF \u00c7ATISI ALTINDA K\u00d6PEK \u00dcRET\u0130M\u0130<\/strong><\/p><p>\u00dclkemizde KIF \u00e7at\u0131s\u0131 alt\u0131nda yap\u0131lacak k\u00f6pek \u00fcretimi, i\u015fbu \u201cKIF \u00dcRET\u0130M \u0130ZN\u0130 Y\u00d6NERGES\u0130\u201d kurallar\u0131na g\u00f6re ger\u00e7ekle\u015ftirilir. \u00dcretecekleri yavrular\u0131n KIF taraf\u0131ndan d\u00fczenlenmi\u015f Soy K\u00fct\u00fc\u011f\u00fc Belgesi (a\u015fa\u011f\u0131da k\u0131saca SKB olacak an\u0131lacakt\u0131r) sahibi olmas\u0131n\u0131 isteyen \u00fcretici ve k\u00f6pek sahipleri, i\u015fbu y\u00f6netmeli\u011fin a\u015fa\u011f\u0131daki maddeleri ile belirlenen ve ileride KIF Y\u00f6netim Kurulu karar ya da kararlar\u0131 ile de\u011fi\u015ftirilebilecek ya da eklenecek t\u00fcm kurallara eksiksiz ve ko\u015fulsuz uymak zorundad\u0131rlar.\u00a0<\/p><p>KIF Soy K\u00fct\u00fc\u011f\u00fc, Soy K\u00fct\u00fc\u011f\u00fc Belgeleri (SKB) ve konu ile ilgili t\u00fcm ayr\u0131nt\u0131lar, KIF \u0130\u00e7 y\u00f6nergesi ile belirlenmi\u015f bulunmaktad\u0131r.<\/p>\t\t\t\t\t\t\t\t<\/div>\n\t\t\t\t<\/div>\n\t\t\t\t<\/div>\n\t\t<div class=\"elementor-element elementor-element-030cf81 e-con-full e-flex e-con e-child\" data-id=\"030cf81\" data-element_type=\"container\">\n\t\t\t\t<div class=\"elementor-element elementor-element-60a84cd elementor-widget__width-initial elementor-widget elementor-widget-image\" data-id=\"60a84cd\" data-element_type=\"widget\" data-widget_type=\"image.default\">\n\t\t\t\t<div class=\"elementor-widget-container\">\n\t\t\t\t\t\t\t\t\t\t\t\t\t\t\t<img decoding=\"async\" src=\"https:\/\/setterirkdernegi.com.tr\/wp-content\/uploads\/2024\/08\/yavru-kopek.tif\" class=\"attachment-full size-full wp-image-1586\" alt=\"\" \/>\t\t\t\t\t\t\t\t\t\t\t\t\t\t\t<\/div>\n\t\t\t\t<\/div>\n\t\t\t\t<\/div>\n\t\t\t\t<\/div>\n\t\t<div class=\"elementor-element elementor-element-806e1ad e-con-full e-flex e-con e-parent\" data-id=\"806e1ad\" data-element_type=\"container\">\n\t\t\t\t<div class=\"elementor-element elementor-element-730849f elementor-widget__width-inherit elementor-widget-mobile__width-inherit elementor-widget elementor-widget-text-editor\" data-id=\"730849f\" data-element_type=\"widget\" data-widget_type=\"text-editor.default\">\n\t\t\t\t<div class=\"elementor-widget-container\">\n\t\t\t\t\t\t\t\t\t<p><strong>\u00dcRET\u0130MDE KULLANILACAK K\u00d6PEKLER\u0130N\u00a0<\/strong><br \/><strong>UYMALARI GEREKEN KO\u015eULLAR VE \u0130LG\u0130L\u0130 D\u0130\u011eER KONULAR:<\/strong><br \/><strong>a-<\/strong>\u00dcretimde kullan\u0131lacak erkek ve di\u015fi k\u00f6pekler KIF soy k\u00fct\u00fc\u011f\u00fcne kay\u0131tl\u0131 olmal\u0131d\u0131r.<br \/>*KIF soy k\u00fct\u00fc\u011f\u00fcne kay\u0131tl\u0131 di\u015fi bir k\u00f6pe\u011fin FCI \u00fcyesi bir ba\u015fka \u00fclke federasyonu soy\u00a0 \u00a0k\u00fct\u00fc\u011f\u00fcne kay\u0131tl\u0131 bir erkek k\u00f6pekle \u00e7iftle\u015fmesi halinde veya, yurt d\u0131\u015f\u0131ndan export \u015fecere ile \u00e7iftle\u015fmi\u015f\/hamile olarak T\u00fcrkiye&#8217;ye gelen di\u015fi\u00a0\u00a0 k\u00f6pe\u011fin, \u00e7iftle\u015fti\u011fi erkek\u00a0k\u00f6pekten \u00a0istenecek belgeler a\u015fa\u011f\u0131da belirtilmi\u015ftir.\u00a0<br \/>\u00a0\u00a0\u00a0 -Erkek k\u00f6pe\u011fin \u015fecere fotokopisi<br \/>\u00a0\u00a0\u00a0 -Erkek ve di\u015fi k\u00f6pek sahiplerince imzalanan ve erkek k\u00f6pe\u011fin kay\u0131tl\u0131 oldu\u011fu \u00fclke \u00a0\u00a0<br \/>\u00a0\u00a0\u00a0\u00a0 federasyonunca kabul g\u00f6ren bir \u00e7iftle\u015fme anla\u015fmas\u0131 veya \u00e7iftle\u015fme protokol\u00fc\u00a0<br \/>\u00a0\u00a0\u00a0 -Erkek k\u00f6pe\u011fin bir \u0131rk standartlar\u0131 yar\u0131\u015fmas\u0131ndan ald\u0131\u011f\u0131 hakem de\u011ferlendirme \u00a0<br \/>\u00a0\u00a0\u00a0\u00a0 notu \u00a0(en az \u0130Y\u0130 notu olmal\u0131)<br \/>\u00a0 \u00a0 -\u00c7iftle\u015fen k\u00f6peklerin \u0131rk\u0131n\u0131 temsil eden KIF \u00fcyesi bir \u0131rk derne\u011fi olmas\u0131 halinde, erkek k\u00f6pe\u011fin s\u00f6z konusu \u0131rk derne\u011finin \u00fcretim kriterlerini yerine getirmi\u015f olmas\u0131 veya KIF Y\u00f6netim Kurulu taraf\u0131ndan onaylanm\u0131\u015f olmas\u0131 ve bunu belgelemesi gerekmektedir.<br \/>\u00a0\u00a0\u00a0\u00a0&#8211; Di\u015fi k\u00f6pek yurt d\u0131\u015f\u0131ndan \u00fcretim i\u00e7in kiralanm\u0131\u015f ise di\u015fi k\u00f6pe\u011fi kiralayan ki\u015fi\u00a0<br \/>\u00a0\u00a0\u00a0\u00a0\u00a0\u00a0 gerekli t\u00fcm belgeleri KIF\u2019a ibraz etmek zorundad\u0131r.\u00a0<br \/><strong>b<\/strong> \u00dcretimde kullan\u0131labilecek k\u00f6pekler, her bak\u0131mdan sa\u011fl\u0131kl\u0131 ve do\u011fru \u0131rk standard\u0131 \u00f6zelliklerini sonraki nesillere aktarabilecek yap\u0131da olmal\u0131d\u0131rlar. KIF \u00fcyesi K\u00f6pek Irk Dernekleri (Kinoloji Dernekleri) \u0131rk standartlar\u0131n\u0131 bozacak, bunlara uymayan \u00fcretim yap\u0131lmas\u0131n\u0131 engellemekle y\u00fck\u00fcml\u00fcd\u00fcrler.<br \/><strong>c <\/strong>Davran\u0131\u015f bozuklu\u011fu, sa\u011f\u0131rl\u0131k, k\u00f6rl\u00fck, tav\u015fan dudakl\u0131l\u0131k, \u00e7atal burunluluk, di\u015f bozukluklar\u0131 ve eksiklikleri, \u00e7ene bozukluklar\u0131, epilepsi (sara), tek ya da her iki testisinde keseye inmemi\u015f olmas\u0131, albinoluk, \u0131rka uygun olmayan t\u00fcy yap\u0131s\u0131 ve kal\u00e7a \u00e7\u0131k\u0131\u011f\u0131 gibi\u00a0\u0131rk standard\u0131nda diskalifiyeye sebep olan ve\/veya sa\u011fl\u0131\u011f\u0131 etki eden a\u011f\u0131r hatalar g\u00f6steren k\u00f6pekler\u00a0\u00dcRET\u0130MDE KULLANILAMAZ.<\/p><p style=\"font-weight: 400;\"><strong>d<\/strong>\u00a0\u00a0Genetik bozukluklar g\u00f6steren k\u00f6pekler ile ilgili olarak federasyona \u00fcye \u0131rk dernekleri kay\u0131t tutmal\u0131 ve federasyon ya da FCI istedi\u011finde bu kay\u0131tlar kendilerine iletilmelidir.<\/p><p style=\"font-weight: 400;\">Bu tip genetik bozukluklar ile m\u00fccadelede, federasyon \u00fcyesi \u0131rk dernekleri FCI Bilim Komisyonu\u2019nun deste\u011fini isteyebilir ve al\u0131r. Bu konu FCI Genel Kurulu taraf\u0131ndan onaylanm\u0131\u015f\u00a0 ve benimsenmi\u015ftir.Ayr\u0131ca, Federasyonumuz soy k\u00fct\u00fc\u011f\u00fcne kay\u0131tl\u0131 k\u00f6pekler i\u00e7in d\u00fczenledi\u011fimiz\u00a0SKB\u2019nin\u00a0arka sayfas\u0131nda belirtildi\u011fi gibi\u00a0\u00fcretimde kullan\u0131lacak t\u00fcm k\u00f6pekler\u00a0KIF Soy K\u00fct\u00fc\u011f\u00fcne\u00a0kay\u0131tl\u0131\u00a0olmal\u0131d\u0131rlar;<br \/>Irk standartlar\u0131 de\u011ferlendirmesine ya da bir \u0131rk standartlar\u0131 yar\u0131\u015fmas\u0131na girmi\u015f ve en az \u201c\u0130Y\u0130\u201d notunu alm\u0131\u015f olmal\u0131d\u0131r Ayr\u0131ca karakter testinde a\u015f\u0131r\u0131 \u00fcrkek veya sald\u0131rgan olmad\u0131klar\u0131 da bu etkinlikte \u00a0ya da bir FCI hakeminin y\u00f6netti\u011fi ba\u015fka bir organizasyonda, hakem taraf\u0131ndan tespit edilmi\u015f olmal\u0131d\u0131r.<br \/>FCI \u00fcyesi bir kinoloji organizasyonuna sahip ba\u015fka bir \u00fclkeden ithal edilen di\u015fi ya da erkek k\u00f6pekler i\u00e7in, bu \u00fclkede yap\u0131lm\u0131\u015f ve k\u00f6pe\u011fin SKB ya da \u2018\u2019Kariyer Defterine\u2019\u2019 sonucu\u00a0 yetkili bir hakem taraf\u0131ndan kaydedilmi\u015f \u0131rk standard\u0131 de\u011ferlendirmeleri, KIF taraf\u0131ndan oldu\u011fu gibi \/ aynen kabul edilir;<\/p><p style=\"font-weight: 400;\">E\u015fle\u015fecek k\u00f6peklerin bir nesil \u00fcst\u00fcnde ortak k\u00f6pek olmamaml\u0131d\u0131r.(Karde\u015f k\u00f6pek e\u015fle\u015fmesi yasakt\u0131r.) \u015eecere \u00fczerinde ortak k\u00f6pek ancak e\u015fle\u015fecek k\u00f6peklerin iki nesil \u00fcst\u00fcnde olabilir. Bu durum dahi e\u015fle\u015fmeyi ger\u00e7ekle\u015ftirecek k\u00f6pek sahipleri taraf\u0131ndan iyi d\u00fc\u015f\u00fcn\u00fclmeli ve karar verilmelidir.<\/p><p style=\"font-weight: 400;\">K\u00f6peklerin 12 ay\u0131 tamamlad\u0131ktan sonra sonra KIF taraf\u0131ndan yetkilendirilmi\u015f veterinerlerce \u00e7ekilen kal\u00e7a displazi r\u00f6ntgen sonucunun secere(ler)\u2019 ye i\u015flenebilmesi, i\u00e7in KIF taraf\u0131ndan kabul g\u00f6ren bir \u00fcst makamca (veteriner fak\u00fclteleri vb) onaylanmas\u0131 gereklidir.Erkek ve di\u015fi k\u00f6pekler en erken 15 ay ya\u015f s\u0131n\u0131r\u0131n\u0131 tamamlamadan \u00e7iftle\u015ftirilemezler.K\u00fc\u00e7\u00fck \u0131rklarda bu s\u0131n\u0131r 12 ayd\u0131r.\u00a0<br \/>Di\u015filerden\u00a0her takvim y\u0131l\u0131nda bir bat\u0131n yavru al\u0131nabilir,\u00a0erkek k\u00f6pekler\u00a0en son\u00a0\u00a09 (dokuz)\u00a0di\u015filer\u00a0en son 8 (sekiz)ya\u015f\u0131nda \u00e7iftle\u015ftirilebilirler.<\/p>\t\t\t\t\t\t\t\t<\/div>\n\t\t\t\t<\/div>\n\t\t\t\t<\/div>\n\t\t<div class=\"elementor-element elementor-element-1fad9a1 e-con-full e-flex e-con e-parent\" data-id=\"1fad9a1\" data-element_type=\"container\">\n\t\t<div class=\"elementor-element elementor-element-ad24dfe e-con-full e-flex e-con e-child\" data-id=\"ad24dfe\" data-element_type=\"container\">\n\t\t\t\t<div class=\"elementor-element elementor-element-80e6aca elementor-widget elementor-widget-image\" data-id=\"80e6aca\" data-element_type=\"widget\" data-widget_type=\"image.default\">\n\t\t\t\t<div class=\"elementor-widget-container\">\n\t\t\t\t\t\t\t\t\t\t\t\t\t\t\t<img decoding=\"async\" src=\"https:\/\/setterirkdernegi.com.tr\/wp-content\/uploads\/2024\/08\/yavru-kopek_1.tif\" title=\"yavru kopek_1\" alt=\"yavru kopek_1\" loading=\"lazy\" \/>\t\t\t\t\t\t\t\t\t\t\t\t\t\t\t<\/div>\n\t\t\t\t<\/div>\n\t\t\t\t<\/div>\n\t\t<div class=\"elementor-element elementor-element-8cf077f e-con-full e-flex e-con e-child\" data-id=\"8cf077f\" data-element_type=\"container\">\n\t\t\t\t<div class=\"elementor-element elementor-element-b66822c elementor-widget elementor-widget-image\" data-id=\"b66822c\" data-element_type=\"widget\" data-widget_type=\"image.default\">\n\t\t\t\t<div class=\"elementor-widget-container\">\n\t\t\t\t\t\t\t\t\t\t\t\t\t\t\t<img decoding=\"async\" src=\"https:\/\/setterirkdernegi.com.tr\/wp-content\/uploads\/2024\/08\/yavru-kopek_2.tif\" title=\"yavru kopek_2\" alt=\"yavru kopek_2\" loading=\"lazy\" \/>\t\t\t\t\t\t\t\t\t\t\t\t\t\t\t<\/div>\n\t\t\t\t<\/div>\n\t\t\t\t<\/div>\n\t\t\t\t<\/div>\n\t\t\t\t<\/div>\n\t\t","protected":false},"excerpt":{"rendered":"<p>Bu \u00fcretim izni y\u00f6nergesi, \u00fclkemizde KIF \u00dcyesi Dernekler ve KIF Soyk\u00fct\u00fc\u011f\u00fc\u2019ne kay\u0131tl\u0131 bulunan k\u00f6pekler i\u00e7in ge\u00e7erlidir.\u00a0 \u00dclkemizde k\u00f6pek \u00fcretimi, Federasyonumuz taraf\u0131ndan kabul edilebilmesi i\u00e7in, soy k\u00fct\u00fc\u011f\u00fcm\u00fcze kay\u0131tl\u0131, \u0131rk standard\u0131 de\u011ferlendirmesinden [&hellip;]<\/p>\n","protected":false},"author":1,"featured_media":0,"parent":0,"menu_order":0,"comment_status":"closed","ping_status":"closed","template":"elementor_header_footer","meta":{"_price":"","_stock":"","_tribe_ticket_header":"","_tribe_default_ticket_provider":"","_tribe_ticket_capacity":"0","_ticket_start_date":"","_ticket_end_date":"","_tribe_ticket_show_description":"","_tribe_ticket_show_not_going":false,"_tribe_ticket_use_global_stock":"","_tribe_ticket_global_stock_level":"","_global_stock_mode":"","_global_stock_cap":"","_tribe_rsvp_for_event":"","_tribe_ticket_going_count":"","_tribe_ticket_not_going_count":"","_tribe_tickets_list":"[]","_tribe_ticket_has_attendee_info_fields":false,"_mc_calendar":[],"footnotes":"","_tec_slr_enabled":"","_tec_slr_layout":""},"class_list":["post-1584","page","type-page","status-publish","hentry"],"ticketed":false,"_links":{"self":[{"href":"https:\/\/setterirkdernegi.com.tr\/index.php\/wp-json\/wp\/v2\/pages\/1584","targetHints":{"allow":["GET"]}}],"collection":[{"href":"https:\/\/setterirkdernegi.com.tr\/index.php\/wp-json\/wp\/v2\/pages"}],"about":[{"href":"https:\/\/setterirkdernegi.com.tr\/index.php\/wp-json\/wp\/v2\/types\/page"}],"author":[{"embeddable":true,"href":"https:\/\/setterirkdernegi.com.tr\/index.php\/wp-json\/wp\/v2\/users\/1"}],"replies":[{"embeddable":true,"href":"https:\/\/setterirkdernegi.com.tr\/index.php\/wp-json\/wp\/v2\/comments?post=1584"}],"version-history":[{"count":73,"href":"https:\/\/setterirkdernegi.com.tr\/index.php\/wp-json\/wp\/v2\/pages\/1584\/revisions"}],"predecessor-version":[{"id":2444,"href":"https:\/\/setterirkdernegi.com.tr\/index.php\/wp-json\/wp\/v2\/pages\/1584\/revisions\/2444"}],"wp:attachment":[{"href":"https:\/\/setterirkdernegi.com.tr\/index.php\/wp-json\/wp\/v2\/media?parent=1584"}],"curies":[{"name":"wp","href":"https:\/\/api.w.org\/{rel}","templated":true}]}}