{"id":1537,"date":"2024-08-22T15:32:45","date_gmt":"2024-08-22T12:32:45","guid":{"rendered":"https:\/\/setterirkdernegi.com.tr\/?page_id=1537"},"modified":"2025-03-05T13:33:04","modified_gmt":"2025-03-05T10:33:04","slug":"kirmizi-beyaz-irlanda-setter","status":"publish","type":"page","link":"https:\/\/setterirkdernegi.com.tr\/index.php\/kirmizi-beyaz-irlanda-setter\/","title":{"rendered":"K\u0131rm\u0131z\u0131 Beyaz \u0130rlanda Setter"},"content":{"rendered":"\t\t<div data-elementor-type=\"wp-page\" data-elementor-id=\"1537\" class=\"elementor elementor-1537\">\n\t\t\t\t<div class=\"elementor-element elementor-element-366751e e-con-full e-flex e-con e-parent\" data-id=\"366751e\" data-element_type=\"container\" data-settings=\"{&quot;background_background&quot;:&quot;classic&quot;}\">\n\t\t<div class=\"elementor-element elementor-element-8e745bb e-con-full e-flex e-con e-child\" data-id=\"8e745bb\" data-element_type=\"container\">\n\t\t\t\t<div class=\"elementor-element elementor-element-e7146e7 elementor-widget elementor-widget-image\" data-id=\"e7146e7\" data-element_type=\"widget\" data-widget_type=\"image.default\">\n\t\t\t\t<div class=\"elementor-widget-container\">\n\t\t\t\t\t\t\t\t\t\t\t\t\t\t\t<img decoding=\"async\" src=\"https:\/\/setterirkdernegi.com.tr\/wp-content\/uploads\/elementor\/thumbs\/turk_bayrak-1-ra8lmdu8dcp813in32dv3u69lkiur40xscp2bqukig.png\" title=\"turk_bayrak\" alt=\"turk_bayrak\" class=\"elementor-animation-pulse-shrink\" loading=\"lazy\" \/>\t\t\t\t\t\t\t\t\t\t\t\t\t\t\t<\/div>\n\t\t\t\t<\/div>\n\t\t\t\t<div class=\"elementor-element elementor-element-72a59f4 elementor-widget elementor-widget-image\" data-id=\"72a59f4\" data-element_type=\"widget\" data-widget_type=\"image.default\">\n\t\t\t\t<div class=\"elementor-widget-container\">\n\t\t\t\t\t\t\t\t\t\t\t\t\t\t\t\t<a href=\"https:\/\/www.kif.org.tr\" target=\"_blank\">\n\t\t\t\t\t\t\t<img decoding=\"async\" src=\"https:\/\/setterirkdernegi.com.tr\/wp-content\/uploads\/elementor\/thumbs\/kif_logo-1-ra8look12ruges6ho25179atvh75kh5bfq3sk3fxaw.png\" title=\"kif_logo\" alt=\"kif_logo\" class=\"elementor-animation-pulse-shrink\" loading=\"lazy\" \/>\t\t\t\t\t\t\t\t<\/a>\n\t\t\t\t\t\t\t\t\t\t\t\t\t\t\t<\/div>\n\t\t\t\t<\/div>\n\t\t\t\t<div class=\"elementor-element elementor-element-3659d86 elementor-widget elementor-widget-image\" data-id=\"3659d86\" data-element_type=\"widget\" data-widget_type=\"image.default\">\n\t\t\t\t<div class=\"elementor-widget-container\">\n\t\t\t\t\t\t\t\t\t\t\t\t\t\t\t\t<a href=\"https:\/\/www.fci.be\/en\/\" target=\"_blank\">\n\t\t\t\t\t\t\t<img decoding=\"async\" src=\"https:\/\/setterirkdernegi.com.tr\/wp-content\/uploads\/elementor\/thumbs\/fci-1-ra8llqc9mht1yugrwa86vi3qqxqoeofnd4dxbtteu0.png\" title=\"fci\" alt=\"fci\" class=\"elementor-animation-pulse-shrink\" loading=\"lazy\" \/>\t\t\t\t\t\t\t\t<\/a>\n\t\t\t\t\t\t\t\t\t\t\t\t\t\t\t<\/div>\n\t\t\t\t<\/div>\n\t\t\t\t<div class=\"elementor-element elementor-element-22e1a45 elementor-widget elementor-widget-image\" data-id=\"22e1a45\" data-element_type=\"widget\" data-widget_type=\"image.default\">\n\t\t\t\t<div class=\"elementor-widget-container\">\n\t\t\t\t\t\t\t\t\t\t\t\t\t\t\t\t<a href=\"https:\/\/www.facebook.com\/profile.php?id=100081815889256&#038;sk=about\" target=\"_blank\">\n\t\t\t\t\t\t\t<img decoding=\"async\" src=\"https:\/\/setterirkdernegi.com.tr\/wp-content\/uploads\/elementor\/thumbs\/engiliz_club-1-ra8locc4lxdq7uo8neuvsudu5gvdsest21mhbhy1js.png\" title=\"engiliz_club\" alt=\"engiliz_club\" class=\"elementor-animation-pulse-shrink\" loading=\"lazy\" \/>\t\t\t\t\t\t\t\t<\/a>\n\t\t\t\t\t\t\t\t\t\t\t\t\t\t\t<\/div>\n\t\t\t\t<\/div>\n\t\t\t\t<\/div>\n\t\t\t\t<\/div>\n\t\t<div class=\"elementor-element elementor-element-78d2403 e-flex e-con-boxed e-con e-parent\" data-id=\"78d2403\" data-element_type=\"container\">\n\t\t\t\t\t<div class=\"e-con-inner\">\n\t\t\t\t<div class=\"elementor-element elementor-element-c8e3d0d elementor-widget elementor-widget-spacer\" data-id=\"c8e3d0d\" data-element_type=\"widget\" data-widget_type=\"spacer.default\">\n\t\t\t\t<div class=\"elementor-widget-container\">\n\t\t\t\t\t\t\t<div class=\"elementor-spacer\">\n\t\t\t<div class=\"elementor-spacer-inner\"><\/div>\n\t\t<\/div>\n\t\t\t\t\t\t<\/div>\n\t\t\t\t<\/div>\n\t\t\t\t\t<\/div>\n\t\t\t\t<\/div>\n\t\t<div class=\"elementor-element elementor-element-fdaf8e6 e-flex e-con-boxed e-con e-parent\" data-id=\"fdaf8e6\" data-element_type=\"container\">\n\t\t\t\t\t<div class=\"e-con-inner\">\n\t\t\t\t<div class=\"elementor-element elementor-element-abe7f03 elementor-widget elementor-widget-heading\" data-id=\"abe7f03\" data-element_type=\"widget\" data-widget_type=\"heading.default\">\n\t\t\t\t<div class=\"elementor-widget-container\">\n\t\t\t\t\t<h2 class=\"elementor-heading-title elementor-size-default\">KIRMIZI BEYAZ \u0130RLANDA SETTER<\/h2>\t\t\t\t<\/div>\n\t\t\t\t<\/div>\n\t\t\t\t\t<\/div>\n\t\t\t\t<\/div>\n\t\t<div class=\"elementor-element elementor-element-6c0fc77 e-con-full e-flex e-con e-parent\" data-id=\"6c0fc77\" data-element_type=\"container\">\n\t\t<div class=\"elementor-element elementor-element-b2dc2b7 e-con-full e-flex e-con e-child\" data-id=\"b2dc2b7\" data-element_type=\"container\">\n\t\t\t\t<div class=\"elementor-element elementor-element-69489ff elementor-widget elementor-widget-image\" data-id=\"69489ff\" data-element_type=\"widget\" data-widget_type=\"image.default\">\n\t\t\t\t<div class=\"elementor-widget-container\">\n\t\t\t\t\t\t\t\t\t\t\t\t\t\t\t<img fetchpriority=\"high\" decoding=\"async\" width=\"1080\" height=\"885\" src=\"https:\/\/setterirkdernegi.com.tr\/wp-content\/uploads\/2024\/08\/kirmizi_beyaz_irlanda_1.jpg\" class=\"attachment-full size-full wp-image-1540\" alt=\"\" srcset=\"https:\/\/setterirkdernegi.com.tr\/wp-content\/uploads\/2024\/08\/kirmizi_beyaz_irlanda_1.jpg 1080w, https:\/\/setterirkdernegi.com.tr\/wp-content\/uploads\/2024\/08\/kirmizi_beyaz_irlanda_1-300x246.jpg 300w, https:\/\/setterirkdernegi.com.tr\/wp-content\/uploads\/2024\/08\/kirmizi_beyaz_irlanda_1-1024x839.jpg 1024w, https:\/\/setterirkdernegi.com.tr\/wp-content\/uploads\/2024\/08\/kirmizi_beyaz_irlanda_1-768x629.jpg 768w\" sizes=\"(max-width: 1080px) 100vw, 1080px\" \/>\t\t\t\t\t\t\t\t\t\t\t\t\t\t\t<\/div>\n\t\t\t\t<\/div>\n\t\t\t\t<div class=\"elementor-element elementor-element-68e62c6 elementor-widget elementor-widget-heading\" data-id=\"68e62c6\" data-element_type=\"widget\" data-widget_type=\"heading.default\">\n\t\t\t\t<div class=\"elementor-widget-container\">\n\t\t\t\t\t<h2 class=\"elementor-heading-title elementor-size-default\">Karakter ve Davran\u0131\u015f \u00d6zellikleri<\/h2>\t\t\t\t<\/div>\n\t\t\t\t<\/div>\n\t\t\t\t<div class=\"elementor-element elementor-element-9a92002 elementor-widget elementor-widget-text-editor\" data-id=\"9a92002\" data-element_type=\"widget\" data-widget_type=\"text-editor.default\">\n\t\t\t\t<div class=\"elementor-widget-container\">\n\t\t\t\t\t\t\t\t\t<p style=\"font-weight: 400;\">Bu \u0131rk, aristokratik, zeki ve dost canl\u0131s\u0131 bir mizaca sahiptir. Sahiplerine kar\u015f\u0131 sevgi dolu, sad\u0131k ve e\u011fitilebilirlikleri y\u00fcksektir. Av sahas\u0131nda enerjik, cesur ve kararl\u0131d\u0131rlar. Aile ortam\u0131nda ise nazik, oyuncu ve \u00e7ocuklarla iyi ge\u00e7inen bir yap\u0131ya sahiptirler. Y\u00fcksek enerji seviyeleri nedeniyle d\u00fczenli egzersiz ve zihinsel uyar\u0131ma ihtiya\u00e7 duyarlar.\u00a0<\/p>\t\t\t\t\t\t\t\t<\/div>\n\t\t\t\t<\/div>\n\t\t\t\t<\/div>\n\t\t<div class=\"elementor-element elementor-element-b6d9f0e e-con-full e-flex e-con e-child\" data-id=\"b6d9f0e\" data-element_type=\"container\">\n\t\t\t\t<div class=\"elementor-element elementor-element-ed10882 elementor-widget elementor-widget-heading\" data-id=\"ed10882\" data-element_type=\"widget\" data-widget_type=\"heading.default\">\n\t\t\t\t<div class=\"elementor-widget-container\">\n\t\t\t\t\t<h2 class=\"elementor-heading-title elementor-size-default\">Tarih\u00e7e ve Genel Bilgiler<\/h2>\t\t\t\t<\/div>\n\t\t\t\t<\/div>\n\t\t\t\t<div class=\"elementor-element elementor-element-2f6c7bf elementor-widget elementor-widget-text-editor\" data-id=\"2f6c7bf\" data-element_type=\"widget\" data-widget_type=\"text-editor.default\">\n\t\t\t\t<div class=\"elementor-widget-container\">\n\t\t\t\t\t\t\t\t\t<p style=\"font-weight: 400;\">Irish Red and White Setter, \u0130rlanda k\u00f6kenli bir av k\u00f6pe\u011fi \u0131rk\u0131d\u0131r ve k\u00f6kenleri 17. y\u00fczy\u0131la kadar uzan\u0131r. Ba\u015flang\u0131\u00e7ta k\u0131rm\u0131z\u0131 ve beyaz renkte olan bu setterlar, zamanla tamamen k\u0131rm\u0131z\u0131 olan Irish Setter&#8217;\u0131n geli\u015ftirilmesiyle arka planda kalm\u0131\u015flard\u0131r. Ancak 20. y\u00fczy\u0131l\u0131n ba\u015flar\u0131nda, bu nadir \u0131rk\u0131n yeniden canland\u0131r\u0131lmas\u0131 i\u00e7in \u00e7abalar ba\u015flam\u0131\u015f ve g\u00fcn\u00fcm\u00fczde hem av sahalar\u0131nda hem de g\u00f6steri alanlar\u0131nda kendine sa\u011flam bir yer edinmi\u015ftir.\u00a0<\/p>\t\t\t\t\t\t\t\t<\/div>\n\t\t\t\t<\/div>\n\t\t\t\t<div class=\"elementor-element elementor-element-c6ebfff elementor-widget elementor-widget-heading\" data-id=\"c6ebfff\" data-element_type=\"widget\" data-widget_type=\"heading.default\">\n\t\t\t\t<div class=\"elementor-widget-container\">\n\t\t\t\t\t<h2 class=\"elementor-heading-title elementor-size-default\">Fiziksel \u00d6zellikler ve Irk Standartlar\u0131<\/h2>\t\t\t\t<\/div>\n\t\t\t\t<\/div>\n\t\t\t\t<div class=\"elementor-element elementor-element-52d3914 elementor-widget elementor-widget-text-editor\" data-id=\"52d3914\" data-element_type=\"widget\" data-widget_type=\"text-editor.default\">\n\t\t\t\t<div class=\"elementor-widget-container\">\n\t\t\t\t\t\t\t\t\t<p style=\"font-weight: 400;\">Irish Red and White Setter, g\u00fc\u00e7l\u00fc, dengeli ve orant\u0131l\u0131 bir yap\u0131ya sahiptir. Atletik bir g\u00f6r\u00fcn\u00fcm\u00fc olup, ne \u00e7ok a\u011f\u0131r ne de a\u015f\u0131r\u0131 ince yap\u0131l\u0131d\u0131r. Erkeklerin omuz y\u00fcksekli\u011fi 62-66 cm, di\u015filerin ise 57-61 cm aras\u0131nda olmal\u0131d\u0131r. A\u011f\u0131rl\u0131klar\u0131 genellikle 25-34 kg aras\u0131nda de\u011fi\u015fir. Ba\u015flar\u0131 geni\u015f ve kubbeli olup, belirgin bir al\u0131n \u00e7\u0131k\u0131nt\u0131s\u0131na sahiptir. G\u00f6zleri koyu ela veya koyu kahverengi, hafif belirgin ve canl\u0131 bir ifadeye sahiptir. Kulaklar\u0131 g\u00f6z hizas\u0131nda, geriye do\u011fru yerle\u015fmi\u015f ve ba\u015fa yak\u0131n bir \u015fekilde durur. Kuyruklar\u0131 orta uzunlukta, g\u00fc\u00e7l\u00fc bir ba\u015flang\u0131ca sahip olup, uca do\u011fru incelir ve s\u0131rt hizas\u0131nda veya biraz alt\u0131nda ta\u015f\u0131n\u0131r. T\u00fcyleri uzun, ipeksi ve d\u00fczd\u00fcr; hafif dalgalanma kabul edilebilir. Renkleri ise beyaz zemin \u00fczerine belirgin k\u0131rm\u0131z\u0131 lekeler \u015feklindedir.\u00a0<\/p>\t\t\t\t\t\t\t\t<\/div>\n\t\t\t\t<\/div>\n\t\t<div class=\"elementor-element elementor-element-cb67bec e-grid e-con-full e-con e-child\" data-id=\"cb67bec\" data-element_type=\"container\">\n\t\t\t\t<div class=\"elementor-element elementor-element-1f1ee42 elementor-widget__width-inherit elementor-widget elementor-widget-image\" data-id=\"1f1ee42\" data-element_type=\"widget\" data-widget_type=\"image.default\">\n\t\t\t\t<div class=\"elementor-widget-container\">\n\t\t\t\t\t\t\t\t\t\t\t\t\t\t\t<img decoding=\"async\" width=\"564\" height=\"422\" src=\"https:\/\/setterirkdernegi.com.tr\/wp-content\/uploads\/2024\/08\/kirmizi_beyaz_irlanda_3.jpg\" class=\"attachment-large size-large wp-image-1547\" alt=\"\" srcset=\"https:\/\/setterirkdernegi.com.tr\/wp-content\/uploads\/2024\/08\/kirmizi_beyaz_irlanda_3.jpg 564w, https:\/\/setterirkdernegi.com.tr\/wp-content\/uploads\/2024\/08\/kirmizi_beyaz_irlanda_3-300x224.jpg 300w\" sizes=\"(max-width: 564px) 100vw, 564px\" \/>\t\t\t\t\t\t\t\t\t\t\t\t\t\t\t<\/div>\n\t\t\t\t<\/div>\n\t\t\t\t<div class=\"elementor-element elementor-element-2c4042a elementor-widget elementor-widget-image\" data-id=\"2c4042a\" data-element_type=\"widget\" data-widget_type=\"image.default\">\n\t\t\t\t<div class=\"elementor-widget-container\">\n\t\t\t\t\t\t\t\t\t\t\t\t\t\t\t<img decoding=\"async\" width=\"564\" height=\"422\" src=\"https:\/\/setterirkdernegi.com.tr\/wp-content\/uploads\/2024\/08\/kirmizi_beyaz_irlanda_2-1.jpg\" class=\"attachment-large size-large wp-image-1546\" alt=\"\" srcset=\"https:\/\/setterirkdernegi.com.tr\/wp-content\/uploads\/2024\/08\/kirmizi_beyaz_irlanda_2-1.jpg 564w, https:\/\/setterirkdernegi.com.tr\/wp-content\/uploads\/2024\/08\/kirmizi_beyaz_irlanda_2-1-300x224.jpg 300w\" sizes=\"(max-width: 564px) 100vw, 564px\" \/>\t\t\t\t\t\t\t\t\t\t\t\t\t\t\t<\/div>\n\t\t\t\t<\/div>\n\t\t\t\t<\/div>\n\t\t\t\t<\/div>\n\t\t\t\t<\/div>\n\t\t<div class=\"elementor-element elementor-element-2769acb e-con-full e-flex e-con e-parent\" data-id=\"2769acb\" data-element_type=\"container\">\n\t\t\t\t<div class=\"elementor-element elementor-element-71d6e00 elementor-widget elementor-widget-heading\" data-id=\"71d6e00\" data-element_type=\"widget\" data-widget_type=\"heading.default\">\n\t\t\t\t<div class=\"elementor-widget-container\">\n\t\t\t\t\t<h2 class=\"elementor-heading-title elementor-size-default\">Pozitif ve Negatif \u00d6zellikler<\/h2>\t\t\t\t<\/div>\n\t\t\t\t<\/div>\n\t\t\t\t<div class=\"elementor-element elementor-element-aaccb49 elementor-widget elementor-widget-text-editor\" data-id=\"aaccb49\" data-element_type=\"widget\" data-widget_type=\"text-editor.default\">\n\t\t\t\t<div class=\"elementor-widget-container\">\n\t\t\t\t\t\t\t\t\t<p style=\"font-weight: 400;\"><strong>Pozitif \u00d6zellikler:<\/strong><\/p><p style=\"font-weight: 400;\">\u00c7al\u0131\u015fkan ve Enerjik: Av sahas\u0131nda yorulmak bilmez bir performans sergilerler.<\/p><p style=\"font-weight: 400;\"><strong>Dost Canl\u0131s\u0131 ve Sad\u0131k:<\/strong> Aile \u00fcyeleriyle g\u00fc\u00e7l\u00fc ba\u011flar kurarlar ve \u00e7ocuklarla iyi anla\u015f\u0131rlar.<\/p><p style=\"font-weight: 400;\"><strong>Kolay E\u011fitilebilir:<\/strong> Zeki ve itaatkar yap\u0131lar\u0131 sayesinde e\u011fitim s\u00fcre\u00e7leri genellikle sorunsuz ilerler.<\/p><p style=\"font-weight: 400;\"><strong>Negatif \u00d6zellikler:<\/strong><\/p><p style=\"font-weight: 400;\">Y\u00fcksek Enerji Seviyesi: Yeterli egzersiz ve zihinsel uyar\u0131m sa\u011flanmazsa, s\u0131k\u0131labilir ve istenmeyen davran\u0131\u015flar sergileyebilirler.<\/p><p style=\"font-weight: 400;\"><strong>T\u00fcy Bak\u0131m\u0131:<\/strong> Uzun ve ipeksi t\u00fcyleri d\u00fczenli bak\u0131m gerektirir; aksi takdirde matla\u015fma ve d\u00fc\u011f\u00fcmlenme olabilir.<\/p><p style=\"font-weight: 400;\"><strong>Av \u0130\u00e7g\u00fcd\u00fcs\u00fc:<\/strong> G\u00fc\u00e7l\u00fc av i\u00e7g\u00fcd\u00fcleri nedeniyle k\u00fc\u00e7\u00fck hayvanlarla olan etkile\u015fimlerinde dikkatli olunmal\u0131d\u0131r.<\/p><p style=\"font-weight: 400;\">Sonu\u00e7 olarak, Irish Red and White Setter, hem avc\u0131lar hem de aileler i\u00e7in m\u00fckemmel bir dost ve \u00e7al\u0131\u015fma arkada\u015f\u0131d\u0131r. Do\u011fru e\u011fitim, sosyalle\u015fme ve bak\u0131m ile bu zarif ve enerjik \u0131rk, hayat\u0131n\u0131za ne\u015fe ve hareket katacakt\u0131r.<\/p><p style=\"font-weight: 400;\"><strong>Unutmay\u0131n, &#8220;Bir k\u00f6pe\u011fin dostlu\u011fu, paha bi\u00e7ilmez bir hazinedir.&#8221;\u00a0<\/strong><\/p><p style=\"font-weight: 400;\">\u00a0<\/p>\t\t\t\t\t\t\t\t<\/div>\n\t\t\t\t<\/div>\n\t\t\t\t<\/div>\n\t\t\t\t<\/div>\n\t\t","protected":false},"excerpt":{"rendered":"<p>KIRMIZI BEYAZ \u0130RLANDA SETTER Karakter ve Davran\u0131\u015f \u00d6zellikleri Bu \u0131rk, aristokratik, zeki ve dost canl\u0131s\u0131 bir mizaca sahiptir. Sahiplerine kar\u015f\u0131 sevgi dolu, sad\u0131k ve e\u011fitilebilirlikleri y\u00fcksektir. Av sahas\u0131nda enerjik, cesur [&hellip;]<\/p>\n","protected":false},"author":1,"featured_media":0,"parent":0,"menu_order":0,"comment_status":"closed","ping_status":"closed","template":"elementor_header_footer","meta":{"_price":"","_stock":"","_tribe_ticket_header":"","_tribe_default_ticket_provider":"","_tribe_ticket_capacity":"0","_ticket_start_date":"","_ticket_end_date":"","_tribe_ticket_show_description":"","_tribe_ticket_show_not_going":false,"_tribe_ticket_use_global_stock":"","_tribe_ticket_global_stock_level":"","_global_stock_mode":"","_global_stock_cap":"","_tribe_rsvp_for_event":"","_tribe_ticket_going_count":"","_tribe_ticket_not_going_count":"","_tribe_tickets_list":"[]","_tribe_ticket_has_attendee_info_fields":false,"_mc_calendar":[],"footnotes":"","_tec_slr_enabled":"","_tec_slr_layout":""},"class_list":["post-1537","page","type-page","status-publish","hentry"],"ticketed":false,"_links":{"self":[{"href":"https:\/\/setterirkdernegi.com.tr\/index.php\/wp-json\/wp\/v2\/pages\/1537","targetHints":{"allow":["GET"]}}],"collection":[{"href":"https:\/\/setterirkdernegi.com.tr\/index.php\/wp-json\/wp\/v2\/pages"}],"about":[{"href":"https:\/\/setterirkdernegi.com.tr\/index.php\/wp-json\/wp\/v2\/types\/page"}],"author":[{"embeddable":true,"href":"https:\/\/setterirkdernegi.com.tr\/index.php\/wp-json\/wp\/v2\/users\/1"}],"replies":[{"embeddable":true,"href":"https:\/\/setterirkdernegi.com.tr\/index.php\/wp-json\/wp\/v2\/comments?post=1537"}],"version-history":[{"count":43,"href":"https:\/\/setterirkdernegi.com.tr\/index.php\/wp-json\/wp\/v2\/pages\/1537\/revisions"}],"predecessor-version":[{"id":2554,"href":"https:\/\/setterirkdernegi.com.tr\/index.php\/wp-json\/wp\/v2\/pages\/1537\/revisions\/2554"}],"wp:attachment":[{"href":"https:\/\/setterirkdernegi.com.tr\/index.php\/wp-json\/wp\/v2\/media?parent=1537"}],"curies":[{"name":"wp","href":"https:\/\/api.w.org\/{rel}","templated":true}]}}