{"id":1526,"date":"2024-08-22T15:20:31","date_gmt":"2024-08-22T12:20:31","guid":{"rendered":"https:\/\/setterirkdernegi.com.tr\/?page_id=1526"},"modified":"2025-03-05T13:02:45","modified_gmt":"2025-03-05T10:02:45","slug":"gordon-setter","status":"publish","type":"page","link":"https:\/\/setterirkdernegi.com.tr\/index.php\/gordon-setter\/","title":{"rendered":"Gordon Setter"},"content":{"rendered":"\t\t<div data-elementor-type=\"wp-page\" data-elementor-id=\"1526\" class=\"elementor elementor-1526\">\n\t\t\t\t<div class=\"elementor-element elementor-element-366751e e-con-full e-flex e-con e-parent\" data-id=\"366751e\" data-element_type=\"container\" data-settings=\"{&quot;background_background&quot;:&quot;classic&quot;}\">\n\t\t<div class=\"elementor-element elementor-element-943dfa5 e-con-full e-flex e-con e-child\" data-id=\"943dfa5\" data-element_type=\"container\">\n\t\t\t\t<div class=\"elementor-element elementor-element-a85b762 elementor-widget elementor-widget-image\" data-id=\"a85b762\" data-element_type=\"widget\" data-widget_type=\"image.default\">\n\t\t\t\t<div class=\"elementor-widget-container\">\n\t\t\t\t\t\t\t\t\t\t\t\t\t\t\t<img decoding=\"async\" src=\"https:\/\/setterirkdernegi.com.tr\/wp-content\/uploads\/elementor\/thumbs\/turk_bayrak-1-ra8lmdu8dcp813in32dv3u69lkiur40xscp2bqukig.png\" title=\"turk_bayrak\" alt=\"turk_bayrak\" class=\"elementor-animation-pulse-shrink\" loading=\"lazy\" \/>\t\t\t\t\t\t\t\t\t\t\t\t\t\t\t<\/div>\n\t\t\t\t<\/div>\n\t\t\t\t<div class=\"elementor-element elementor-element-eda1e83 elementor-widget elementor-widget-image\" data-id=\"eda1e83\" data-element_type=\"widget\" data-widget_type=\"image.default\">\n\t\t\t\t<div class=\"elementor-widget-container\">\n\t\t\t\t\t\t\t\t\t\t\t\t\t\t\t\t<a href=\"https:\/\/www.kif.org.tr\" target=\"_blank\">\n\t\t\t\t\t\t\t<img decoding=\"async\" src=\"https:\/\/setterirkdernegi.com.tr\/wp-content\/uploads\/elementor\/thumbs\/kif_logo-1-ra8look12ruges6ho25179atvh75kh5bfq3sk3fxaw.png\" title=\"kif_logo\" alt=\"kif_logo\" class=\"elementor-animation-pulse-shrink\" loading=\"lazy\" \/>\t\t\t\t\t\t\t\t<\/a>\n\t\t\t\t\t\t\t\t\t\t\t\t\t\t\t<\/div>\n\t\t\t\t<\/div>\n\t\t\t\t<div class=\"elementor-element elementor-element-8f4f2c4 elementor-widget elementor-widget-image\" data-id=\"8f4f2c4\" data-element_type=\"widget\" data-widget_type=\"image.default\">\n\t\t\t\t<div class=\"elementor-widget-container\">\n\t\t\t\t\t\t\t\t\t\t\t\t\t\t\t\t<a href=\"https:\/\/www.fci.be\/en\/\" target=\"_blank\">\n\t\t\t\t\t\t\t<img decoding=\"async\" src=\"https:\/\/setterirkdernegi.com.tr\/wp-content\/uploads\/elementor\/thumbs\/fci-1-ra8llqc9mht1yugrwa86vi3qqxqoeofnd4dxbtteu0.png\" title=\"fci\" alt=\"fci\" class=\"elementor-animation-pulse-shrink\" loading=\"lazy\" \/>\t\t\t\t\t\t\t\t<\/a>\n\t\t\t\t\t\t\t\t\t\t\t\t\t\t\t<\/div>\n\t\t\t\t<\/div>\n\t\t\t\t<div class=\"elementor-element elementor-element-c1fc159 elementor-widget elementor-widget-image\" data-id=\"c1fc159\" data-element_type=\"widget\" data-widget_type=\"image.default\">\n\t\t\t\t<div class=\"elementor-widget-container\">\n\t\t\t\t\t\t\t\t\t\t\t\t\t\t\t\t<a href=\"https:\/\/www.facebook.com\/profile.php?id=100081815889256&#038;sk=about\" target=\"_blank\">\n\t\t\t\t\t\t\t<img decoding=\"async\" src=\"https:\/\/setterirkdernegi.com.tr\/wp-content\/uploads\/elementor\/thumbs\/engiliz_club-1-ra8locc4lxdq7uo8neuvsudu5gvdsest21mhbhy1js.png\" title=\"engiliz_club\" alt=\"engiliz_club\" class=\"elementor-animation-pulse-shrink\" loading=\"lazy\" \/>\t\t\t\t\t\t\t\t<\/a>\n\t\t\t\t\t\t\t\t\t\t\t\t\t\t\t<\/div>\n\t\t\t\t<\/div>\n\t\t\t\t<\/div>\n\t\t\t\t<\/div>\n\t\t<div class=\"elementor-element elementor-element-fdaf8e6 e-flex e-con-boxed e-con e-parent\" data-id=\"fdaf8e6\" data-element_type=\"container\">\n\t\t\t\t\t<div class=\"e-con-inner\">\n\t\t\t\t<div class=\"elementor-element elementor-element-abe7f03 elementor-widget elementor-widget-heading\" data-id=\"abe7f03\" data-element_type=\"widget\" data-widget_type=\"heading.default\">\n\t\t\t\t<div class=\"elementor-widget-container\">\n\t\t\t\t\t<h2 class=\"elementor-heading-title elementor-size-default\">GORDON SETTER<\/h2>\t\t\t\t<\/div>\n\t\t\t\t<\/div>\n\t\t\t\t\t<\/div>\n\t\t\t\t<\/div>\n\t\t<div class=\"elementor-element elementor-element-5c0c2a8 e-con-full e-flex e-con e-parent\" data-id=\"5c0c2a8\" data-element_type=\"container\">\n\t\t<div class=\"elementor-element elementor-element-4ad2e75 e-con-full e-flex e-con e-child\" data-id=\"4ad2e75\" data-element_type=\"container\">\n\t\t\t\t<div class=\"elementor-element elementor-element-f9037cc yapiskan elementor-widget elementor-widget-image\" data-id=\"f9037cc\" data-element_type=\"widget\" data-widget_type=\"image.default\">\n\t\t\t\t<div class=\"elementor-widget-container\">\n\t\t\t\t\t\t\t\t\t\t\t\t\t\t\t<img decoding=\"async\" src=\"https:\/\/setterirkdernegi.com.tr\/wp-content\/uploads\/2024\/08\/gordon-1.jpg\" title=\"gordon\" alt=\"gordon\" loading=\"lazy\" \/>\t\t\t\t\t\t\t\t\t\t\t\t\t\t\t<\/div>\n\t\t\t\t<\/div>\n\t\t\t\t<\/div>\n\t\t<div class=\"elementor-element elementor-element-b74d9d1 e-con-full e-flex e-con e-child\" data-id=\"b74d9d1\" data-element_type=\"container\">\n\t\t\t\t<div class=\"elementor-element elementor-element-f9ab191 elementor-widget elementor-widget-text-editor\" data-id=\"f9ab191\" data-element_type=\"widget\" data-widget_type=\"text-editor.default\">\n\t\t\t\t<div class=\"elementor-widget-container\">\n\t\t\t\t\t\t\t\t\t<p style=\"font-weight: 400;\">Gordon Setter, asaletli duru\u015fu ve etkileyici av yetenekleriyle tan\u0131nan, \u0130sko\u00e7ya k\u00f6kenli bir av k\u00f6pe\u011fi \u0131rk\u0131d\u0131r. Siyah ve k\u0131z\u0131l kahverengi t\u00fcyleriyle dikkat \u00e7eken bu \u0131rk, dayan\u0131kl\u0131l\u0131\u011f\u0131 ve sadakatiyle de bilinir.<\/p>\t\t\t\t\t\t\t\t<\/div>\n\t\t\t\t<\/div>\n\t\t\t\t<div class=\"elementor-element elementor-element-df7d229 elementor-widget elementor-widget-heading\" data-id=\"df7d229\" data-element_type=\"widget\" data-widget_type=\"heading.default\">\n\t\t\t\t<div class=\"elementor-widget-container\">\n\t\t\t\t\t<h2 class=\"elementor-heading-title elementor-size-default\">Tarih\u00e7e<\/h2>\t\t\t\t<\/div>\n\t\t\t\t<\/div>\n\t\t\t\t<div class=\"elementor-element elementor-element-a3e2d81 elementor-widget elementor-widget-text-editor\" data-id=\"a3e2d81\" data-element_type=\"widget\" data-widget_type=\"text-editor.default\">\n\t\t\t\t<div class=\"elementor-widget-container\">\n\t\t\t\t\t\t\t\t\t<p style=\"font-weight: 400;\">Gordon Setter&#8217;\u0131n k\u00f6kenleri 17. y\u00fczy\u0131la kadar uzan\u0131r. \u0130sko\u00e7ya&#8217;da avc\u0131l\u0131k i\u00e7in geli\u015ftirilen bu \u0131rk, \u00f6zellikle ku\u015f av\u0131nda \u00fcst\u00fcn performans sergiler. Ad\u0131n\u0131, 1820&#8217;lerde bu k\u00f6pekleri yeti\u015ftiren ve geli\u015ftiren Alexander Gordon, 4. Gordon D\u00fck\u00fc&#8217;nden alm\u0131\u015ft\u0131r. Gordon Setter, dayan\u0131kl\u0131l\u0131\u011f\u0131 ve koku alma yetene\u011fiyle avc\u0131lar\u0131n vazge\u00e7ilmez partneri olmu\u015ftur.<\/p>\t\t\t\t\t\t\t\t<\/div>\n\t\t\t\t<\/div>\n\t\t<div class=\"elementor-element elementor-element-cbdc2c3 e-grid e-con-full e-con e-child\" data-id=\"cbdc2c3\" data-element_type=\"container\">\n\t\t\t\t<div class=\"elementor-element elementor-element-7473c85 elementor-widget elementor-widget-image\" data-id=\"7473c85\" data-element_type=\"widget\" data-widget_type=\"image.default\">\n\t\t\t\t<div class=\"elementor-widget-container\">\n\t\t\t\t\t\t\t\t\t\t\t\t\t\t\t<img fetchpriority=\"high\" decoding=\"async\" width=\"564\" height=\"538\" src=\"https:\/\/setterirkdernegi.com.tr\/wp-content\/uploads\/2024\/08\/Gorden_2.jpg\" class=\"attachment-large size-large wp-image-1530\" alt=\"\" srcset=\"https:\/\/setterirkdernegi.com.tr\/wp-content\/uploads\/2024\/08\/Gorden_2.jpg 564w, https:\/\/setterirkdernegi.com.tr\/wp-content\/uploads\/2024\/08\/Gorden_2-300x286.jpg 300w\" sizes=\"(max-width: 564px) 100vw, 564px\" \/>\t\t\t\t\t\t\t\t\t\t\t\t\t\t\t<\/div>\n\t\t\t\t<\/div>\n\t\t\t\t<div class=\"elementor-element elementor-element-6e7ac7f elementor-widget__width-inherit elementor-widget elementor-widget-image\" data-id=\"6e7ac7f\" data-element_type=\"widget\" data-widget_type=\"image.default\">\n\t\t\t\t<div class=\"elementor-widget-container\">\n\t\t\t\t\t\t\t\t\t\t\t\t\t\t\t<img decoding=\"async\" width=\"564\" height=\"538\" src=\"https:\/\/setterirkdernegi.com.tr\/wp-content\/uploads\/2024\/08\/Gorden_2-1.jpg\" class=\"attachment-full size-full wp-image-1533\" alt=\"\" srcset=\"https:\/\/setterirkdernegi.com.tr\/wp-content\/uploads\/2024\/08\/Gorden_2-1.jpg 564w, https:\/\/setterirkdernegi.com.tr\/wp-content\/uploads\/2024\/08\/Gorden_2-1-300x286.jpg 300w\" sizes=\"(max-width: 564px) 100vw, 564px\" \/>\t\t\t\t\t\t\t\t\t\t\t\t\t\t\t<\/div>\n\t\t\t\t<\/div>\n\t\t\t\t<\/div>\n\t\t\t\t<div class=\"elementor-element elementor-element-1c14352 elementor-widget elementor-widget-heading\" data-id=\"1c14352\" data-element_type=\"widget\" data-widget_type=\"heading.default\">\n\t\t\t\t<div class=\"elementor-widget-container\">\n\t\t\t\t\t<h2 class=\"elementor-heading-title elementor-size-default\">Irk Standartlar\u0131<\/h2>\t\t\t\t<\/div>\n\t\t\t\t<\/div>\n\t\t\t\t<div class=\"elementor-element elementor-element-f1cf2ef elementor-widget elementor-widget-text-editor\" data-id=\"f1cf2ef\" data-element_type=\"widget\" data-widget_type=\"text-editor.default\">\n\t\t\t\t<div class=\"elementor-widget-container\">\n\t\t\t\t\t\t\t\t\t<p style=\"font-weight: 400;\">Gordon Setter&#8217;\u0131n resmi \u0131rk standartlar\u0131, American Kennel Club (AKC) ve F\u00e9d\u00e9ration Cynologique Internationale (FCI) gibi kurulu\u015flar taraf\u0131ndan belirlenmi\u015ftir. Bu standartlar, k\u00f6pe\u011fin fiziksel \u00f6zellikleri ve davran\u0131\u015fsal niteliklerini kapsar.<\/p><p style=\"font-weight: 400;\"><strong>Boyut ve A\u011f\u0131rl\u0131k:<\/strong> Erkekler omuzda 61-69 cm y\u00fckseklikte ve 25-36 kg a\u011f\u0131rl\u0131\u011f\u0131nda; di\u015filer ise 58-66 cm y\u00fckseklikte ve 20-32 kg a\u011f\u0131rl\u0131\u011f\u0131ndad\u0131r.<\/p><p style=\"font-weight: 400;\"><strong>Ba\u015f ve Y\u00fcz:<\/strong> Ba\u015f derin ve geni\u015f, g\u00f6zler koyu kahverengi ve zeki bir ifadeye sahiptir. Kulaklar d\u00fc\u015f\u00fck konumda, ince ve ba\u015fa yak\u0131n ta\u015f\u0131n\u0131r.<\/p><p style=\"font-weight: 400;\"><strong>G\u00f6vde:<\/strong> S\u0131rt k\u0131sa ve g\u00fc\u00e7l\u00fc, g\u00f6\u011f\u00fcs derin ve kaburgalar iyi yaylanm\u0131\u015ft\u0131r.<\/p><p style=\"font-weight: 400;\"><strong>Kuyruk:<\/strong> K\u0131sa, kal\u0131n bir ba\u015flang\u0131ca sahip olup uca do\u011fru incelir ve yatay veya hafif yukar\u0131da ta\u015f\u0131n\u0131r.<\/p><p style=\"font-weight: 400;\"><strong>T\u00fcy Yap\u0131s\u0131 ve Renk<\/strong>: T\u00fcyler yumu\u015fak, parlak ve d\u00fcz veya hafif dalgal\u0131d\u0131r. Renk siyah \u00fczerine zengin kestane veya maun rengi i\u015faretlemelerle karakterizedir.<\/p>\t\t\t\t\t\t\t\t<\/div>\n\t\t\t\t<\/div>\n\t\t\t\t<div class=\"elementor-element elementor-element-1439fd0 elementor-widget elementor-widget-heading\" data-id=\"1439fd0\" data-element_type=\"widget\" data-widget_type=\"heading.default\">\n\t\t\t\t<div class=\"elementor-widget-container\">\n\t\t\t\t\t<h2 class=\"elementor-heading-title elementor-size-default\">Karakter ve Davran\u0131\u015f<\/h2>\t\t\t\t<\/div>\n\t\t\t\t<\/div>\n\t\t\t\t<div class=\"elementor-element elementor-element-6601d5a elementor-widget elementor-widget-text-editor\" data-id=\"6601d5a\" data-element_type=\"widget\" data-widget_type=\"text-editor.default\">\n\t\t\t\t<div class=\"elementor-widget-container\">\n\t\t\t\t\t\t\t\t\t<p style=\"font-weight: 400;\">Gordon Setter, zeki, cesur ve sad\u0131k bir yap\u0131ya sahiptir. Ailesine ba\u011fl\u0131d\u0131r ve \u00e7ocuklarla iyi anla\u015f\u0131r. Enerjik ve \u00e7al\u0131\u015fkan olan bu \u0131rk, d\u00fczenli egzersiz ve zihinsel uyar\u0131ma ihtiya\u00e7 duyar. Avc\u0131lar i\u00e7in m\u00fckemmel bir partner olup, koku alma yetene\u011fi ve dayan\u0131kl\u0131l\u0131\u011f\u0131yla bilinir.<\/p>\t\t\t\t\t\t\t\t<\/div>\n\t\t\t\t<\/div>\n\t\t\t\t<div class=\"elementor-element elementor-element-c905945 elementor-widget elementor-widget-heading\" data-id=\"c905945\" data-element_type=\"widget\" data-widget_type=\"heading.default\">\n\t\t\t\t<div class=\"elementor-widget-container\">\n\t\t\t\t\t<h2 class=\"elementor-heading-title elementor-size-default\">Olumlu \u00d6zellikler<\/h2>\t\t\t\t<\/div>\n\t\t\t\t<\/div>\n\t\t\t\t<div class=\"elementor-element elementor-element-c8d2389 elementor-widget elementor-widget-text-editor\" data-id=\"c8d2389\" data-element_type=\"widget\" data-widget_type=\"text-editor.default\">\n\t\t\t\t<div class=\"elementor-widget-container\">\n\t\t\t\t\t\t\t\t\t<p style=\"font-weight: 400;\"><strong>Sadakat ve Ba\u011fl\u0131l\u0131k:<\/strong> Sahibine ve ailesine derin bir ba\u011fl\u0131l\u0131k g\u00f6sterir.<\/p><p style=\"font-weight: 400;\"><strong>Zeka ve \u00d6\u011frenme Yetene\u011fi:<\/strong> Kolay e\u011fitilebilir ve yeni komutlar\u0131 h\u0131zl\u0131ca \u00f6\u011frenir.<\/p><p style=\"font-weight: 400;\"><strong>Dayan\u0131kl\u0131l\u0131k:<\/strong> Uzun s\u00fcreli avlarda ve aktivitelerde y\u00fcksek performans sergiler.<\/p><p style=\"font-weight: 400;\"><strong>Sosyal Uyum:<\/strong> Di\u011fer evcil hayvanlar ve \u00e7ocuklarla iyi ge\u00e7inir.<\/p>\t\t\t\t\t\t\t\t<\/div>\n\t\t\t\t<\/div>\n\t\t\t\t<\/div>\n\t\t\t\t<\/div>\n\t\t<div class=\"elementor-element elementor-element-e109cfe e-flex e-con-boxed e-con e-parent\" data-id=\"e109cfe\" data-element_type=\"container\">\n\t\t\t\t\t<div class=\"e-con-inner\">\n\t\t<div class=\"elementor-element elementor-element-4e63dc8 e-con-full e-flex e-con e-child\" data-id=\"4e63dc8\" data-element_type=\"container\">\n\t\t\t\t<div class=\"elementor-element elementor-element-f7fd5d5 elementor-widget elementor-widget-heading\" data-id=\"f7fd5d5\" data-element_type=\"widget\" data-widget_type=\"heading.default\">\n\t\t\t\t<div class=\"elementor-widget-container\">\n\t\t\t\t\t<h2 class=\"elementor-heading-title elementor-size-default\">Av Yetene\u011fi ve Uzmanl\u0131k Alanlar\u0131<\/h2>\t\t\t\t<\/div>\n\t\t\t\t<\/div>\n\t\t\t\t<div class=\"elementor-element elementor-element-23b1269 elementor-widget elementor-widget-text-editor\" data-id=\"23b1269\" data-element_type=\"widget\" data-widget_type=\"text-editor.default\">\n\t\t\t\t<div class=\"elementor-widget-container\">\n\t\t\t\t\t\t\t\t\t<p style=\"font-weight: 400;\">Gordon setter, \u00f6zellikle keklik, s\u00fcl\u00fcn, b\u0131ld\u0131rc\u0131n ve \u00fcveyik gibi ku\u015f avlar\u0131nda \u00fcst\u00fcn yetenekleriyle tan\u0131n\u0131r. Geni\u015f alanlar\u0131 kapsayan h\u0131zl\u0131 hareketleri, keskin burnu ve sahip oldu\u011fu do\u011fal fermas\u0131yla, avc\u0131lar\u0131n en \u00e7ok tercih etti\u011fi k\u00f6pek \u0131rklar\u0131ndan biridir.<\/p><p style=\"font-weight: 400;\"><strong>Kanatl\u0131 Avlar\u0131:<\/strong> Gordon Setterleri, \u00f6zellikle\u00a0 \u00e7ulluk, s\u00fcl\u00fcn, keklik ve b\u0131ld\u0131rc\u0131n avlar\u0131nda b\u00fcy\u00fck ba\u015far\u0131 g\u00f6sterir. H\u0131zl\u0131 ve geni\u015f alan taramalar\u0131 sayesinde av\u0131 bulup fermaya yatmalar\u0131yla bilinirler.<\/p><p style=\"font-weight: 400;\"><strong>Sulak Alan Avlar\u0131:<\/strong> Retriever&#8217;lar kadar suya d\u00fc\u015fk\u00fcn olmasalar da, \u00f6rdek avlar\u0131nda da kullan\u0131labilirler. Ancak bu alanda \u0130ngiliz Setter veya Labrador Retriever kadar dominant de\u011fillerdir.<\/p><p style=\"font-weight: 400;\"><strong>A\u00e7\u0131k Arazi ve Mera Avlar\u0131:<\/strong> Geni\u015f mera ve d\u00fczl\u00fcklerde \u00e7al\u0131\u015fan av k\u00f6pekleri aras\u0131nda \u00f6zel bir yere sahiptirler. Uzun bacaklar\u0131 sayesinde b\u00fcy\u00fck arazileri h\u0131zla tarayabilirler, bu da onlar\u0131 avc\u0131lar i\u00e7in m\u00fckemmel bir yard\u0131mc\u0131 yapar.<\/p>\t\t\t\t\t\t\t\t<\/div>\n\t\t\t\t<\/div>\n\t\t\t\t<div class=\"elementor-element elementor-element-893c669 elementor-widget elementor-widget-heading\" data-id=\"893c669\" data-element_type=\"widget\" data-widget_type=\"heading.default\">\n\t\t\t\t<div class=\"elementor-widget-container\">\n\t\t\t\t\t<h2 class=\"elementor-heading-title elementor-size-default\">Mera Yar\u0131\u015fmalar\u0131nda (Field Trials) Ba\u015far\u0131lar\u0131<\/h2>\t\t\t\t<\/div>\n\t\t\t\t<\/div>\n\t\t\t\t<div class=\"elementor-element elementor-element-5540cb0 elementor-widget elementor-widget-text-editor\" data-id=\"5540cb0\" data-element_type=\"widget\" data-widget_type=\"text-editor.default\">\n\t\t\t\t<div class=\"elementor-widget-container\">\n\t\t\t\t\t\t\t\t\t<p style=\"font-weight: 400;\">Gordon setter , \u00f6zellikle Field Trial yar\u0131\u015fmalar\u0131nda h\u0131zlar\u0131, \u00e7eviklikleri ve y\u00fcksek av i\u00e7g\u00fcd\u00fcleriyle ba\u015far\u0131 g\u00f6sterirler. Avrupa ve ABD\u2019de d\u00fczenlenen \u00e7e\u015fitli yar\u0131\u015fmalarda boy g\u00f6sterirler.<\/p><p style=\"font-weight: 400;\">\u0130ngiltere de\u00a0 Kennel Club ve British Field Trial Society taraf\u0131ndan d\u00fczenlenen yar\u0131\u015fmalarda s\u0131k\u00e7a \u00f6d\u00fcller al\u0131r.<\/p><p style=\"font-weight: 400;\">ABD\u2019deki Field Trials: AKC (American Kennel Club) ve NAVHDA (North American Versatile Hunting Dog Association) gibi organizasyonlar\u0131n yar\u0131\u015fmalar\u0131nda ba\u015far\u0131l\u0131 olan bir\u00e7ok Gordon setter vard\u0131r.<\/p><p style=\"font-weight: 400;\">Fransa ve \u0130talya\u2019da Pop\u00fclerlik: Avrupa\u2019da, \u00f6zellikle Fransa ve \u0130talya\u2019daki a\u00e7\u0131k alan yar\u0131\u015fmalar\u0131nda y\u00fcksek performanslar\u0131yla tan\u0131n\u0131rlar.<\/p><p style=\"font-weight: 400;\">Gordon setter hem av sahas\u0131nda hem de yar\u0131\u015fmalarda kendine has zarif ve \u00e7al\u0131\u015fkan tarzlar\u0131yla fark yarat\u0131r. E\u011fer bir av k\u00f6pe\u011fi ar\u0131yorsan\u0131z, e\u011fitimi ve enerjisini do\u011fru y\u00f6nlendirdi\u011finizde size sad\u0131k ve yetenekli bir partner olacakt\u0131r.<\/p>\t\t\t\t\t\t\t\t<\/div>\n\t\t\t\t<\/div>\n\t\t\t\t<div class=\"elementor-element elementor-element-e4b7713 elementor-widget elementor-widget-heading\" data-id=\"e4b7713\" data-element_type=\"widget\" data-widget_type=\"heading.default\">\n\t\t\t\t<div class=\"elementor-widget-container\">\n\t\t\t\t\t<h2 class=\"elementor-heading-title elementor-size-default\">Dikkat Edilmesi Gerekenler<\/h2>\t\t\t\t<\/div>\n\t\t\t\t<\/div>\n\t\t\t\t<div class=\"elementor-element elementor-element-aa83cbb elementor-widget elementor-widget-text-editor\" data-id=\"aa83cbb\" data-element_type=\"widget\" data-widget_type=\"text-editor.default\">\n\t\t\t\t<div class=\"elementor-widget-container\">\n\t\t\t\t\t\t\t\t\t<p style=\"font-weight: 400;\"><strong>Egzersiz \u0130htiyac\u0131:<\/strong> Yeterli fiziksel ve zihinsel aktivite sa\u011flanmazsa, s\u0131k\u0131labilir ve istenmeyen davran\u0131\u015flar sergileyebilir.<\/p><p style=\"font-weight: 400;\"><strong>T\u00fcy Bak\u0131m\u0131:<\/strong> D\u00fczenli f\u0131r\u00e7alama ve bak\u0131m gerektirir; aksi takdirde t\u00fcylerde matla\u015fma ve d\u00fc\u011f\u00fcmlenme olabilir.<\/p>\t\t\t\t\t\t\t\t<\/div>\n\t\t\t\t<\/div>\n\t\t\t\t<div class=\"elementor-element elementor-element-2c997b4 elementor-widget elementor-widget-heading\" data-id=\"2c997b4\" data-element_type=\"widget\" data-widget_type=\"heading.default\">\n\t\t\t\t<div class=\"elementor-widget-container\">\n\t\t\t\t\t<h2 class=\"elementor-heading-title elementor-size-default\">Sa\u011fl\u0131k<\/h2>\t\t\t\t<\/div>\n\t\t\t\t<\/div>\n\t\t\t\t<div class=\"elementor-element elementor-element-80f95bf elementor-widget elementor-widget-text-editor\" data-id=\"80f95bf\" data-element_type=\"widget\" data-widget_type=\"text-editor.default\">\n\t\t\t\t<div class=\"elementor-widget-container\">\n\t\t\t\t\t\t\t\t\t<p style=\"font-weight: 400;\">Kal\u00e7a displazisi ve progresif retinal atrofi gibi genetik rahats\u0131zl\u0131klara yatk\u0131n olabilirler; bu nedenle d\u00fczenli veteriner kontrolleri \u00f6nemlidir.<\/p><p style=\"font-weight: 400;\">Sonu\u00e7 olarak, Gordon Setter, avc\u0131lar, k\u00f6pek e\u011fitmenleri ve aktif ya\u015fam tarz\u0131na sahip aileler i\u00e7in m\u00fckemmel bir dost ve \u00e7al\u0131\u015fma arkada\u015f\u0131d\u0131r. Do\u011fru e\u011fitim ve ilgiyle, bu asil ve enerjik \u0131rk, sahibine sad\u0131k bir yolda\u015f olacakt\u0131r<\/p>\t\t\t\t\t\t\t\t<\/div>\n\t\t\t\t<\/div>\n\t\t\t\t<\/div>\n\t\t\t\t\t<\/div>\n\t\t\t\t<\/div>\n\t\t\t\t<\/div>\n\t\t","protected":false},"excerpt":{"rendered":"<p>GORDON SETTER Gordon Setter, asaletli duru\u015fu ve etkileyici av yetenekleriyle tan\u0131nan, \u0130sko\u00e7ya k\u00f6kenli bir av k\u00f6pe\u011fi \u0131rk\u0131d\u0131r. Siyah ve k\u0131z\u0131l kahverengi t\u00fcyleriyle dikkat \u00e7eken bu \u0131rk, dayan\u0131kl\u0131l\u0131\u011f\u0131 ve sadakatiyle de [&hellip;]<\/p>\n","protected":false},"author":1,"featured_media":0,"parent":0,"menu_order":0,"comment_status":"closed","ping_status":"closed","template":"elementor_header_footer","meta":{"_price":"","_stock":"","_tribe_ticket_header":"","_tribe_default_ticket_provider":"","_tribe_ticket_capacity":"0","_ticket_start_date":"","_ticket_end_date":"","_tribe_ticket_show_description":"","_tribe_ticket_show_not_going":false,"_tribe_ticket_use_global_stock":"","_tribe_ticket_global_stock_level":"","_global_stock_mode":"","_global_stock_cap":"","_tribe_rsvp_for_event":"","_tribe_ticket_going_count":"","_tribe_ticket_not_going_count":"","_tribe_tickets_list":"[]","_tribe_ticket_has_attendee_info_fields":false,"_mc_calendar":[],"footnotes":"","_tec_slr_enabled":"","_tec_slr_layout":""},"class_list":["post-1526","page","type-page","status-publish","hentry"],"ticketed":false,"_links":{"self":[{"href":"https:\/\/setterirkdernegi.com.tr\/index.php\/wp-json\/wp\/v2\/pages\/1526","targetHints":{"allow":["GET"]}}],"collection":[{"href":"https:\/\/setterirkdernegi.com.tr\/index.php\/wp-json\/wp\/v2\/pages"}],"about":[{"href":"https:\/\/setterirkdernegi.com.tr\/index.php\/wp-json\/wp\/v2\/types\/page"}],"author":[{"embeddable":true,"href":"https:\/\/setterirkdernegi.com.tr\/index.php\/wp-json\/wp\/v2\/users\/1"}],"replies":[{"embeddable":true,"href":"https:\/\/setterirkdernegi.com.tr\/index.php\/wp-json\/wp\/v2\/comments?post=1526"}],"version-history":[{"count":43,"href":"https:\/\/setterirkdernegi.com.tr\/index.php\/wp-json\/wp\/v2\/pages\/1526\/revisions"}],"predecessor-version":[{"id":2533,"href":"https:\/\/setterirkdernegi.com.tr\/index.php\/wp-json\/wp\/v2\/pages\/1526\/revisions\/2533"}],"wp:attachment":[{"href":"https:\/\/setterirkdernegi.com.tr\/index.php\/wp-json\/wp\/v2\/media?parent=1526"}],"curies":[{"name":"wp","href":"https:\/\/api.w.org\/{rel}","templated":true}]}}