{"id":1349,"date":"2024-08-20T16:45:15","date_gmt":"2024-08-20T13:45:15","guid":{"rendered":"https:\/\/setterirkdernegi.com.tr\/?page_id=1349"},"modified":"2025-03-05T13:43:24","modified_gmt":"2025-03-05T10:43:24","slug":"irlanda-setter","status":"publish","type":"page","link":"https:\/\/setterirkdernegi.com.tr\/index.php\/irlanda-setter\/","title":{"rendered":"\u0130rlanda Setter"},"content":{"rendered":"\t\t<div data-elementor-type=\"wp-page\" data-elementor-id=\"1349\" class=\"elementor elementor-1349\">\n\t\t\t\t<div class=\"elementor-element elementor-element-366751e e-con-full e-flex e-con e-parent\" data-id=\"366751e\" data-element_type=\"container\" data-settings=\"{&quot;background_background&quot;:&quot;classic&quot;}\">\n\t\t<div class=\"elementor-element elementor-element-733c241 e-con-full e-flex e-con e-child\" data-id=\"733c241\" data-element_type=\"container\">\n\t\t\t\t<div class=\"elementor-element elementor-element-1c58098 elementor-widget elementor-widget-image\" data-id=\"1c58098\" data-element_type=\"widget\" data-widget_type=\"image.default\">\n\t\t\t\t<div class=\"elementor-widget-container\">\n\t\t\t\t\t\t\t\t\t\t\t\t\t\t\t<img decoding=\"async\" src=\"https:\/\/setterirkdernegi.com.tr\/wp-content\/uploads\/elementor\/thumbs\/turk_bayrak-1-ra8lmdu8dcp813in32dv3u69lkiur40xscp2bqukig.png\" title=\"turk_bayrak\" alt=\"turk_bayrak\" class=\"elementor-animation-pulse-shrink\" loading=\"lazy\" \/>\t\t\t\t\t\t\t\t\t\t\t\t\t\t\t<\/div>\n\t\t\t\t<\/div>\n\t\t\t\t<div class=\"elementor-element elementor-element-ad26b3f elementor-widget elementor-widget-image\" data-id=\"ad26b3f\" data-element_type=\"widget\" data-widget_type=\"image.default\">\n\t\t\t\t<div class=\"elementor-widget-container\">\n\t\t\t\t\t\t\t\t\t\t\t\t\t\t\t\t<a href=\"https:\/\/www.kif.org.tr\" target=\"_blank\">\n\t\t\t\t\t\t\t<img decoding=\"async\" src=\"https:\/\/setterirkdernegi.com.tr\/wp-content\/uploads\/elementor\/thumbs\/kif_logo-1-ra8look12ruges6ho25179atvh75kh5bfq3sk3fxaw.png\" title=\"kif_logo\" alt=\"kif_logo\" class=\"elementor-animation-pulse-shrink\" loading=\"lazy\" \/>\t\t\t\t\t\t\t\t<\/a>\n\t\t\t\t\t\t\t\t\t\t\t\t\t\t\t<\/div>\n\t\t\t\t<\/div>\n\t\t\t\t<div class=\"elementor-element elementor-element-adfcfec elementor-widget elementor-widget-image\" data-id=\"adfcfec\" data-element_type=\"widget\" data-widget_type=\"image.default\">\n\t\t\t\t<div class=\"elementor-widget-container\">\n\t\t\t\t\t\t\t\t\t\t\t\t\t\t\t\t<a href=\"https:\/\/www.fci.be\/en\/\" target=\"_blank\">\n\t\t\t\t\t\t\t<img decoding=\"async\" src=\"https:\/\/setterirkdernegi.com.tr\/wp-content\/uploads\/elementor\/thumbs\/fci-1-ra8llqc9mht1yugrwa86vi3qqxqoeofnd4dxbtteu0.png\" title=\"fci\" alt=\"fci\" class=\"elementor-animation-pulse-shrink\" loading=\"lazy\" \/>\t\t\t\t\t\t\t\t<\/a>\n\t\t\t\t\t\t\t\t\t\t\t\t\t\t\t<\/div>\n\t\t\t\t<\/div>\n\t\t\t\t<div class=\"elementor-element elementor-element-072e1f4 elementor-widget elementor-widget-image\" data-id=\"072e1f4\" data-element_type=\"widget\" data-widget_type=\"image.default\">\n\t\t\t\t<div class=\"elementor-widget-container\">\n\t\t\t\t\t\t\t\t\t\t\t\t\t\t\t\t<a href=\"https:\/\/www.facebook.com\/profile.php?id=100081815889256&#038;sk=about\" target=\"_blank\">\n\t\t\t\t\t\t\t<img decoding=\"async\" src=\"https:\/\/setterirkdernegi.com.tr\/wp-content\/uploads\/elementor\/thumbs\/engiliz_club-1-ra8locc4lxdq7uo8neuvsudu5gvdsest21mhbhy1js.png\" title=\"engiliz_club\" alt=\"engiliz_club\" class=\"elementor-animation-pulse-shrink\" loading=\"lazy\" \/>\t\t\t\t\t\t\t\t<\/a>\n\t\t\t\t\t\t\t\t\t\t\t\t\t\t\t<\/div>\n\t\t\t\t<\/div>\n\t\t\t\t<\/div>\n\t\t\t\t<\/div>\n\t\t<div class=\"elementor-element elementor-element-78d2403 e-flex e-con-boxed e-con e-parent\" data-id=\"78d2403\" data-element_type=\"container\">\n\t\t\t\t\t<div class=\"e-con-inner\">\n\t\t\t\t<div class=\"elementor-element elementor-element-c8e3d0d elementor-widget elementor-widget-spacer\" data-id=\"c8e3d0d\" data-element_type=\"widget\" data-widget_type=\"spacer.default\">\n\t\t\t\t<div class=\"elementor-widget-container\">\n\t\t\t\t\t\t\t<div class=\"elementor-spacer\">\n\t\t\t<div class=\"elementor-spacer-inner\"><\/div>\n\t\t<\/div>\n\t\t\t\t\t\t<\/div>\n\t\t\t\t<\/div>\n\t\t\t\t\t<\/div>\n\t\t\t\t<\/div>\n\t\t<div class=\"elementor-element elementor-element-fdaf8e6 e-flex e-con-boxed e-con e-parent\" data-id=\"fdaf8e6\" data-element_type=\"container\">\n\t\t\t\t\t<div class=\"e-con-inner\">\n\t\t\t\t<div class=\"elementor-element elementor-element-abe7f03 elementor-widget elementor-widget-heading\" data-id=\"abe7f03\" data-element_type=\"widget\" data-widget_type=\"heading.default\">\n\t\t\t\t<div class=\"elementor-widget-container\">\n\t\t\t\t\t<h2 class=\"elementor-heading-title elementor-size-default\">\u0130RLANDA SETTER<\/h2>\t\t\t\t<\/div>\n\t\t\t\t<\/div>\n\t\t\t\t\t<\/div>\n\t\t\t\t<\/div>\n\t\t<div class=\"elementor-element elementor-element-fcdbc92 e-flex e-con-boxed e-con e-parent\" data-id=\"fcdbc92\" data-element_type=\"container\">\n\t\t\t\t\t<div class=\"e-con-inner\">\n\t\t\t\t\t<\/div>\n\t\t\t\t<\/div>\n\t\t<div class=\"elementor-element elementor-element-5c0c2a8 e-con-full e-flex e-con e-parent\" data-id=\"5c0c2a8\" data-element_type=\"container\">\n\t\t<div class=\"elementor-element elementor-element-4ad2e75 e-con-full e-flex e-con e-child\" data-id=\"4ad2e75\" data-element_type=\"container\">\n\t\t\t\t<div class=\"elementor-element elementor-element-f9037cc yapiskan elementor-widget elementor-widget-image\" data-id=\"f9037cc\" data-element_type=\"widget\" data-widget_type=\"image.default\">\n\t\t\t\t<div class=\"elementor-widget-container\">\n\t\t\t\t\t\t\t\t\t\t\t\t\t\t\t<img fetchpriority=\"high\" decoding=\"async\" width=\"800\" height=\"1014\" src=\"https:\/\/setterirkdernegi.com.tr\/wp-content\/uploads\/2024\/08\/irlanda_1-808x1024.jpg\" class=\"attachment-large size-large wp-image-1354\" alt=\"\" srcset=\"https:\/\/setterirkdernegi.com.tr\/wp-content\/uploads\/2024\/08\/irlanda_1-808x1024.jpg 808w, https:\/\/setterirkdernegi.com.tr\/wp-content\/uploads\/2024\/08\/irlanda_1-237x300.jpg 237w, https:\/\/setterirkdernegi.com.tr\/wp-content\/uploads\/2024\/08\/irlanda_1-768x973.jpg 768w, https:\/\/setterirkdernegi.com.tr\/wp-content\/uploads\/2024\/08\/irlanda_1-1212x1536.jpg 1212w, https:\/\/setterirkdernegi.com.tr\/wp-content\/uploads\/2024\/08\/irlanda_1-1616x2048.jpg 1616w, https:\/\/setterirkdernegi.com.tr\/wp-content\/uploads\/2024\/08\/irlanda_1.jpg 2000w\" sizes=\"(max-width: 800px) 100vw, 800px\" \/>\t\t\t\t\t\t\t\t\t\t\t\t\t\t\t<\/div>\n\t\t\t\t<\/div>\n\t\t\t\t<\/div>\n\t\t<div class=\"elementor-element elementor-element-b74d9d1 e-con-full e-flex e-con e-child\" data-id=\"b74d9d1\" data-element_type=\"container\">\n\t\t\t\t<div class=\"elementor-element elementor-element-0e1ac61 elementor-widget elementor-widget-text-editor\" data-id=\"0e1ac61\" data-element_type=\"widget\" data-widget_type=\"text-editor.default\">\n\t\t\t\t<div class=\"elementor-widget-container\">\n\t\t\t\t\t\t\t\t\t<p style=\"font-weight: 400;\">Setterleri, \u0130rlanda&#8217;daki zarif ve atletik yap\u0131lar\u0131yla tan\u0131mlanan, avc\u0131l\u0131k ve aile dostu olarak pop\u00fcler bir k\u00f6pek \u0131rk\u0131d\u0131r. K\u0131z\u0131l t\u00fcyleri ve enerjik do\u011falar\u0131yla dikkat \u00e7ekerler.<\/p>\t\t\t\t\t\t\t\t<\/div>\n\t\t\t\t<\/div>\n\t\t\t\t<div class=\"elementor-element elementor-element-da5a959 elementor-widget elementor-widget-heading\" data-id=\"da5a959\" data-element_type=\"widget\" data-widget_type=\"heading.default\">\n\t\t\t\t<div class=\"elementor-widget-container\">\n\t\t\t\t\t<h2 class=\"elementor-heading-title elementor-size-default\">Tarih\u00e7e<\/h2>\t\t\t\t<\/div>\n\t\t\t\t<\/div>\n\t\t\t\t<div class=\"elementor-element elementor-element-f1cf2ef elementor-widget elementor-widget-text-editor\" data-id=\"f1cf2ef\" data-element_type=\"widget\" data-widget_type=\"text-editor.default\">\n\t\t\t\t<div class=\"elementor-widget-container\">\n\t\t\t\t\t\t\t\t\t<p style=\"font-weight: 400;\">\u0130rlanda Setterlerinin k\u00f6keni, 18. y\u00fczy\u0131l \u0130rlanda&#8217;s\u0131na dayan\u0131r. y\u0131llardan k\u0131rm\u0131z\u0131 ve beyaz renkte olan bu \u0131rk, zamanla tamamen k\u0131z\u0131l renkte evrilmi\u015ftir. Avc\u0131l\u0131k yetene\u011fi ve estetik g\u00f6r\u00fcn\u00fcmleri sayesinde k\u0131sa s\u00fcrede pop\u00fclerlik kazanm\u0131\u015flard\u0131r.<\/p>\t\t\t\t\t\t\t\t<\/div>\n\t\t\t\t<\/div>\n\t\t\t\t<div class=\"elementor-element elementor-element-1439fd0 elementor-widget elementor-widget-heading\" data-id=\"1439fd0\" data-element_type=\"widget\" data-widget_type=\"heading.default\">\n\t\t\t\t<div class=\"elementor-widget-container\">\n\t\t\t\t\t<h2 class=\"elementor-heading-title elementor-size-default\">Irk Standartlar\u0131<\/h2>\t\t\t\t<\/div>\n\t\t\t\t<\/div>\n\t\t\t\t<div class=\"elementor-element elementor-element-6601d5a elementor-widget elementor-widget-text-editor\" data-id=\"6601d5a\" data-element_type=\"widget\" data-widget_type=\"text-editor.default\">\n\t\t\t\t<div class=\"elementor-widget-container\">\n\t\t\t\t\t\t\t\t\t<p style=\"font-weight: 400;\">Uluslararas\u0131 Kinoloji Federasyonu (FCI) taraf\u0131ndan kaydedilen \u0130rlanda Setter \u0131rk\u0131 standartlar\u0131 \u015fu \u015fekildedir:<\/p><ul style=\"font-weight: 400;\"><li><strong>Genel G\u00f6r\u00fcn\u00fcm<\/strong> : Zarif, atletik ve dengeli bir yap\u0131.<\/li><li><strong>Boyutlar<\/strong> : Erkekler i\u00e7in 58-67 cm, di\u015filer i\u00e7in 55-62 cm omuza al\u0131n\u0131r.<\/li><li><strong>A\u011f\u0131rl\u0131k<\/strong> : Erkekler 27-32 kg, di\u015filer 24-29 kg.<\/li><li><strong>T\u00fcy Yap\u0131s\u0131<\/strong> : Orta uzunlukta, d\u00fcz ve ipeksi t\u00fcyler; kulaklar, g\u00f6\u011f\u00fcsler, dolgunlar ve g\u00f6r\u00fcn\u00fcrde belirgin markalar.<\/li><li><strong>Renk<\/strong> : Parlak kestane veya k\u0131z\u0131l; g\u00f6\u011f\u00fcs, bo\u011faz, \u00e7ene veya parmaklarda k\u00fc\u00e7\u00fck beyaz i\u015faretler kabul edilebilir.<\/li><li><strong>Ba\u015f<\/strong> : Uzun ve kuru; belirgin bireysi ve g\u00fc\u00e7l\u00fc \u00e7ene yap\u0131s\u0131.<\/li><li><strong>G\u00f6zler<\/strong> : F\u0131nd\u0131k kabu\u011fu veya koyu kahverengi; canl\u0131 ve zeki bir ifade.<\/li><li><strong>Kulaklar<\/strong> : Orta b\u00fcy\u00fckl\u00fckte, ince yap\u0131l\u0131, al\u00e7ak ve geriye do\u011fru yerle\u015fimli; ba\u015fa yak\u0131n sark\u0131k.<\/li><li><strong>Kuyruk<\/strong> : Orta yap\u0131l\u0131, v\u00fccutla uyumlu; tabanda kal\u0131n, uca do\u011fru incelen ve s\u0131rt hizas\u0131nda veya daha a\u015fa\u011f\u0131ya ta\u015f\u0131nd\u0131.<\/li><\/ul>\t\t\t\t\t\t\t\t<\/div>\n\t\t\t\t<\/div>\n\t\t\t\t<div class=\"elementor-element elementor-element-c905945 elementor-widget elementor-widget-heading\" data-id=\"c905945\" data-element_type=\"widget\" data-widget_type=\"heading.default\">\n\t\t\t\t<div class=\"elementor-widget-container\">\n\t\t\t\t\t<h2 class=\"elementor-heading-title elementor-size-default\">Karakter ve Davran\u0131\u015f<\/h2>\t\t\t\t<\/div>\n\t\t\t\t<\/div>\n\t\t\t\t<div class=\"elementor-element elementor-element-c8d2389 elementor-widget elementor-widget-text-editor\" data-id=\"c8d2389\" data-element_type=\"widget\" data-widget_type=\"text-editor.default\">\n\t\t\t\t<div class=\"elementor-widget-container\">\n\t\t\t\t\t\t\t\t\t<p style=\"font-weight: 400;\">\u0130rlanda Setterleri, ne\u015feli, zeki ve enerjik yap\u0131lar\u0131yla tan\u0131n\u0131rlar. Sahiplerine ve ailelerine kar\u015f\u0131 son derece sevgi dolu ve sad\u0131kt\u0131rlar. Y\u00fcksek enerjileri nedeniyle d\u00fczenli egzersiz ve zihinsel uyar\u0131lmaya ihtiya\u00e7 duyarlar. Avc\u0131l\u0131k vatanda\u015flar\u0131 g\u00fc\u00e7l\u00fcd\u00fcr; Bu nedenle avc\u0131lar ve k\u00f6pek e\u011fitmenleri i\u00e7in m\u00fckemmel bir ortak olabilirler.<\/p><p style=\"font-weight: 400;\"><strong>\u00d6zellikler<\/strong><\/p><ul style=\"font-weight: 400;\"><li><strong>Aile Dostu<\/strong> : \u00c7ocuklarla ve di\u011fer evcil hayvanlarla iyi ge\u00e7inirler.<\/li><li><strong>E\u011fitilebilirlik<\/strong> : Zeki ve \u00fcreme heveslidirler; olumlu peki\u015ftirmeyle h\u0131zl\u0131 \u00f6\u011frenirler.<\/li><li><strong>\u00c7al\u0131\u015fkanl\u0131k<\/strong> : Avc\u0131l\u0131k ve alan m\u00fcsabakalar\u0131 (saha denemesi) gibi etkinliklerde y\u00fcksek performans sergiler.<\/li><\/ul><p style=\"font-weight: 400;\"><strong>Dikkat Edilmesi Gerekenler<\/strong><\/p><ul style=\"font-weight: 400;\"><li><strong>Enerji Seviyesi<\/strong> : Y\u00fcksek enerjiye sahipler; Yeterli egzersiz yap\u0131lmazsa s\u0131k\u0131labilir ve istenmeyen davran\u0131\u015flar sergilenebilirler.<\/li><li><strong>Bak\u0131m<\/strong> : Uzun t\u00fcyleri d\u00fczenli f\u0131r\u00e7alama ve bak\u0131ma ihtiya\u00e7 duyar.<\/li><li><strong>Sa\u011fl\u0131k<\/strong> : Genetik olarak baz\u0131 sa\u011fl\u0131k sorunlar\u0131na yatk\u0131n olabilirler; bu nedenle d\u00fczenli veteriner kontrolleri \u00f6nemlidir.<\/li><\/ul>\t\t\t\t\t\t\t\t<\/div>\n\t\t\t\t<\/div>\n\t\t\t\t<\/div>\n\t\t\t\t<\/div>\n\t\t<div class=\"elementor-element elementor-element-f73992e e-flex e-con-boxed e-con e-parent\" data-id=\"f73992e\" data-element_type=\"container\">\n\t\t\t\t\t<div class=\"e-con-inner\">\n\t\t\t\t<div class=\"elementor-element elementor-element-7856915 elementor-widget elementor-widget-heading\" data-id=\"7856915\" data-element_type=\"widget\" data-widget_type=\"heading.default\">\n\t\t\t\t<div class=\"elementor-widget-container\">\n\t\t\t\t\t<h2 class=\"elementor-heading-title elementor-size-default\">Av Yetene\u011fi ve Uzmanl\u0131k Alanlar\u0131<\/h2>\t\t\t\t<\/div>\n\t\t\t\t<\/div>\n\t\t\t\t<div class=\"elementor-element elementor-element-81124e7 elementor-widget elementor-widget-text-editor\" data-id=\"81124e7\" data-element_type=\"widget\" data-widget_type=\"text-editor.default\">\n\t\t\t\t<div class=\"elementor-widget-container\">\n\t\t\t\t\t\t\t\t\t<p style=\"font-weight: 400;\">\u0130rlanda Setterleri, \u00f6zellikle <strong>keklik, s\u00fcl\u00fcn, b\u0131ld\u0131rc\u0131n ve \u00fcveyik<\/strong> gibi ku\u015f avlar\u0131nda \u00fcst\u00fcn kapasitesiyle tan\u0131n\u0131r. Geni\u015f alanlar\u0131 kapsayan h\u0131zl\u0131 hareketleri, keskin yanmas\u0131 ve sahip oldu\u011fu do\u011fal \u00fcremesiyle, avc\u0131lar\u0131n en \u00e7ok tercih etti\u011fi k\u00f6pek \u0131rklar\u0131ndan biridir.<\/p><p style=\"font-weight: 400;\"><strong>\u00a0<\/strong><\/p><ul style=\"font-weight: 400;\"><li><strong>Kanatl\u0131 Avlar\u0131<\/strong> : \u0130rlanda Setterleri, \u00f6zellikle <strong>s\u00fcl\u00fcn, keklik ve b\u0131ld\u0131rc\u0131n avlar\u0131nda<\/strong> b\u00fcy\u00fck ba\u015far\u0131 g\u00f6steriyor. H\u0131zl\u0131 ve geni\u015f alan taramalar\u0131 sayesinde av\u0131 bulup fermaya yatmalar\u0131yla bilinirler.<\/li><li><strong>Sulak Alan Avlar\u0131<\/strong> : Retriever&#8217;lar kadar suya d\u00fc\u015fk\u00fcn olmasalar da, <strong>\u00f6rdek avlar\u0131nda<\/strong> da kullan\u0131labilirler. Ancak bu alanda \u0130ngiliz Setter veya Labrador Retriever kadar bask\u0131n de\u011fildirler.<\/li><li><strong>A\u00e7\u0131k Arazi ve Mera Avlar\u0131<\/strong> : Geni\u015f mera ve d\u00fczl\u00fcklerde \u00e7al\u0131\u015fan av k\u00f6pekleri aras\u0131nda \u00f6zel bir yere sahiptirler. Uzun mesafeler sayesinde <strong>b\u00fcy\u00fck araziler h\u0131zla tarayabilir<\/strong> , bu da onlar\u0131 avc\u0131lar i\u00e7in m\u00fckemmel bir yard\u0131mc\u0131 yapar.<\/li><\/ul>\t\t\t\t\t\t\t\t<\/div>\n\t\t\t\t<\/div>\n\t\t\t\t<div class=\"elementor-element elementor-element-0941f6e elementor-widget elementor-widget-heading\" data-id=\"0941f6e\" data-element_type=\"widget\" data-widget_type=\"heading.default\">\n\t\t\t\t<div class=\"elementor-widget-container\">\n\t\t\t\t\t<h2 class=\"elementor-heading-title elementor-size-default\">Mera Yar\u0131\u015fmalar\u0131nda (Saha Denemeleri) Ba\u015far\u0131lar\u0131<\/h2>\t\t\t\t<\/div>\n\t\t\t\t<\/div>\n\t\t\t\t<div class=\"elementor-element elementor-element-9ec620d elementor-widget elementor-widget-text-editor\" data-id=\"9ec620d\" data-element_type=\"widget\" data-widget_type=\"text-editor.default\">\n\t\t\t\t<div class=\"elementor-widget-container\">\n\t\t\t\t\t\t\t\t\t<p style=\"font-weight: 400;\">\u0130rlanda Setterleri, \u00f6zellikle <strong>Field Trial yar\u0131\u015fmalar\u0131nda<\/strong> h\u0131zlar\u0131, \u00e7eviklikleri ve y\u00fcksek av h\u0131zlar\u0131yla ba\u015far\u0131 g\u00f6sterirler. Avrupa ve ABD&#8217;de d\u00fczenlenen \u00e7e\u015fitli yar\u0131\u015fmalarda boy g\u00f6sterirler.<\/p><ul style=\"font-weight: 400;\"><li><strong>\u0130ngiltere ve \u0130rlanda&#8217;daki Mera Yar\u0131\u015fmalar\u0131<\/strong> : \u0130rlanda Setterleri, <strong>Irish Kennel Club ve British Field Trial Society taraf\u0131ndan d\u00fczenlenen yar\u0131\u015fmalarda<\/strong> s\u0131k s\u0131k \u00f6d\u00fcller al\u0131r. \u00d6zellikle Su \u00c7ullu\u011fu ihtisas yar\u0131\u015fmalar\u0131nda favoridirler.<\/li><li><strong>ABD&#8217;deki Saha Denemeleri<\/strong> : AKC (American Kennel Club) ve NAVHDA (North American Versatile Hunting Dog Association) gibi organizasyonlar\u0131n yar\u0131\u015fmalar\u0131nda ba\u015far\u0131l\u0131 olan bir\u00e7ok \u0130rlanda Setter&#8217;i vard\u0131r.<\/li><li><strong>Fransa ve \u0130talya&#8217;da Pop\u00fclerlik<\/strong> : Avrupa&#8217;da, \u00f6zellikle <strong>Fransa ve \u0130talya&#8217;daki a\u00e7\u0131k alan yar\u0131\u015fmalar\u0131nda<\/strong> y\u00fcksek performanslar\u0131yla tan\u0131n\u0131rlar.<\/li><\/ul><p style=\"font-weight: 400;\">\u0130rlanda Setterleri, hem av sahas\u0131nda hem de yar\u0131\u015fmalarda kendine has zarif ve \u00e7al\u0131\u015fkan tarzlar\u0131yla farkl\u0131 yarat\u0131r. E\u011fer bir av k\u00f6pe\u011fi varsa, e\u011fitim ve enerjisini do\u011fru y\u00f6nlendiriyorsan\u0131z size sad\u0131k ve yetenekli bir ortak olacakt\u0131r.<\/p><p style=\"font-weight: 400;\">Sonu\u00e7 olarak \u0130rlanda Setterleri, do\u011fru bak\u0131m ve e\u011fitimle harika bir arkada\u015f ve arkada\u015f olabilirler. Enerjileri ve sevgileriyle hayat\u0131n\u0131za renk katacaklar.<\/p>\t\t\t\t\t\t\t\t<\/div>\n\t\t\t\t<\/div>\n\t\t\t\t\t<\/div>\n\t\t\t\t<\/div>\n\t\t\t\t<\/div>\n\t\t","protected":false},"excerpt":{"rendered":"<p>\u0130RLANDA SETTER Setterleri, \u0130rlanda&#8217;daki zarif ve atletik yap\u0131lar\u0131yla tan\u0131mlanan, avc\u0131l\u0131k ve aile dostu olarak pop\u00fcler bir k\u00f6pek \u0131rk\u0131d\u0131r. K\u0131z\u0131l t\u00fcyleri ve enerjik do\u011falar\u0131yla dikkat \u00e7ekerler. Tarih\u00e7e \u0130rlanda Setterlerinin k\u00f6keni, 18. [&hellip;]<\/p>\n","protected":false},"author":1,"featured_media":0,"parent":0,"menu_order":0,"comment_status":"closed","ping_status":"closed","template":"elementor_header_footer","meta":{"_price":"","_stock":"","_tribe_ticket_header":"","_tribe_default_ticket_provider":"","_tribe_ticket_capacity":"0","_ticket_start_date":"","_ticket_end_date":"","_tribe_ticket_show_description":"","_tribe_ticket_show_not_going":false,"_tribe_ticket_use_global_stock":"","_tribe_ticket_global_stock_level":"","_global_stock_mode":"","_global_stock_cap":"","_tribe_rsvp_for_event":"","_tribe_ticket_going_count":"","_tribe_ticket_not_going_count":"","_tribe_tickets_list":"[]","_tribe_ticket_has_attendee_info_fields":false,"_mc_calendar":[],"footnotes":"","_tec_slr_enabled":"","_tec_slr_layout":""},"class_list":["post-1349","page","type-page","status-publish","hentry"],"ticketed":false,"_links":{"self":[{"href":"https:\/\/setterirkdernegi.com.tr\/index.php\/wp-json\/wp\/v2\/pages\/1349","targetHints":{"allow":["GET"]}}],"collection":[{"href":"https:\/\/setterirkdernegi.com.tr\/index.php\/wp-json\/wp\/v2\/pages"}],"about":[{"href":"https:\/\/setterirkdernegi.com.tr\/index.php\/wp-json\/wp\/v2\/types\/page"}],"author":[{"embeddable":true,"href":"https:\/\/setterirkdernegi.com.tr\/index.php\/wp-json\/wp\/v2\/users\/1"}],"replies":[{"embeddable":true,"href":"https:\/\/setterirkdernegi.com.tr\/index.php\/wp-json\/wp\/v2\/comments?post=1349"}],"version-history":[{"count":70,"href":"https:\/\/setterirkdernegi.com.tr\/index.php\/wp-json\/wp\/v2\/pages\/1349\/revisions"}],"predecessor-version":[{"id":2561,"href":"https:\/\/setterirkdernegi.com.tr\/index.php\/wp-json\/wp\/v2\/pages\/1349\/revisions\/2561"}],"wp:attachment":[{"href":"https:\/\/setterirkdernegi.com.tr\/index.php\/wp-json\/wp\/v2\/media?parent=1349"}],"curies":[{"name":"wp","href":"https:\/\/api.w.org\/{rel}","templated":true}]}}