{"id":1200,"date":"2024-08-20T14:21:58","date_gmt":"2024-08-20T11:21:58","guid":{"rendered":"https:\/\/setterirkdernegi.com.tr\/?page_id=1200"},"modified":"2025-03-05T13:08:27","modified_gmt":"2025-03-05T10:08:27","slug":"ingiliz-setter","status":"publish","type":"page","link":"https:\/\/setterirkdernegi.com.tr\/index.php\/ingiliz-setter\/","title":{"rendered":"\u0130ngiliz Setter"},"content":{"rendered":"\t\t<div data-elementor-type=\"wp-page\" data-elementor-id=\"1200\" class=\"elementor elementor-1200\">\n\t\t\t\t<div class=\"elementor-element elementor-element-366751e e-con-full e-flex e-con e-parent\" data-id=\"366751e\" data-element_type=\"container\" data-settings=\"{&quot;background_background&quot;:&quot;classic&quot;}\">\n\t\t<div class=\"elementor-element elementor-element-043d7f3 e-con-full e-flex e-con e-child\" data-id=\"043d7f3\" data-element_type=\"container\">\n\t\t\t\t<div class=\"elementor-element elementor-element-851a502 elementor-widget elementor-widget-image\" data-id=\"851a502\" data-element_type=\"widget\" data-widget_type=\"image.default\">\n\t\t\t\t<div class=\"elementor-widget-container\">\n\t\t\t\t\t\t\t\t\t\t\t\t\t\t\t<img decoding=\"async\" src=\"https:\/\/setterirkdernegi.com.tr\/wp-content\/uploads\/elementor\/thumbs\/turk_bayrak-1-ra8lmdu8dcp813in32dv3u69lkiur40xscp2bqukig.png\" title=\"turk_bayrak\" alt=\"turk_bayrak\" class=\"elementor-animation-pulse-shrink\" loading=\"lazy\" \/>\t\t\t\t\t\t\t\t\t\t\t\t\t\t\t<\/div>\n\t\t\t\t<\/div>\n\t\t\t\t<div class=\"elementor-element elementor-element-8246b23 elementor-widget elementor-widget-image\" data-id=\"8246b23\" data-element_type=\"widget\" data-widget_type=\"image.default\">\n\t\t\t\t<div class=\"elementor-widget-container\">\n\t\t\t\t\t\t\t\t\t\t\t\t\t\t\t\t<a href=\"https:\/\/www.kif.org.tr\" target=\"_blank\">\n\t\t\t\t\t\t\t<img decoding=\"async\" src=\"https:\/\/setterirkdernegi.com.tr\/wp-content\/uploads\/elementor\/thumbs\/kif_logo-1-ra8look12ruges6ho25179atvh75kh5bfq3sk3fxaw.png\" title=\"kif_logo\" alt=\"kif_logo\" class=\"elementor-animation-pulse-shrink\" loading=\"lazy\" \/>\t\t\t\t\t\t\t\t<\/a>\n\t\t\t\t\t\t\t\t\t\t\t\t\t\t\t<\/div>\n\t\t\t\t<\/div>\n\t\t\t\t<div class=\"elementor-element elementor-element-0f9716c elementor-widget elementor-widget-image\" data-id=\"0f9716c\" data-element_type=\"widget\" data-widget_type=\"image.default\">\n\t\t\t\t<div class=\"elementor-widget-container\">\n\t\t\t\t\t\t\t\t\t\t\t\t\t\t\t\t<a href=\"https:\/\/www.fci.be\/en\/\" target=\"_blank\">\n\t\t\t\t\t\t\t<img decoding=\"async\" src=\"https:\/\/setterirkdernegi.com.tr\/wp-content\/uploads\/elementor\/thumbs\/fci-1-ra8llqc9mht1yugrwa86vi3qqxqoeofnd4dxbtteu0.png\" title=\"fci\" alt=\"fci\" class=\"elementor-animation-pulse-shrink\" loading=\"lazy\" \/>\t\t\t\t\t\t\t\t<\/a>\n\t\t\t\t\t\t\t\t\t\t\t\t\t\t\t<\/div>\n\t\t\t\t<\/div>\n\t\t\t\t<div class=\"elementor-element elementor-element-1ad7c64 elementor-widget elementor-widget-image\" data-id=\"1ad7c64\" data-element_type=\"widget\" data-widget_type=\"image.default\">\n\t\t\t\t<div class=\"elementor-widget-container\">\n\t\t\t\t\t\t\t\t\t\t\t\t\t\t\t\t<a href=\"https:\/\/www.facebook.com\/profile.php?id=100081815889256&#038;sk=about\" target=\"_blank\">\n\t\t\t\t\t\t\t<img decoding=\"async\" src=\"https:\/\/setterirkdernegi.com.tr\/wp-content\/uploads\/elementor\/thumbs\/engiliz_club-1-ra8locc4lxdq7uo8neuvsudu5gvdsest21mhbhy1js.png\" title=\"engiliz_club\" alt=\"engiliz_club\" class=\"elementor-animation-pulse-shrink\" loading=\"lazy\" \/>\t\t\t\t\t\t\t\t<\/a>\n\t\t\t\t\t\t\t\t\t\t\t\t\t\t\t<\/div>\n\t\t\t\t<\/div>\n\t\t\t\t<\/div>\n\t\t\t\t<\/div>\n\t\t<div class=\"elementor-element elementor-element-529a255 e-flex e-con-boxed e-con e-parent\" data-id=\"529a255\" data-element_type=\"container\">\n\t\t\t\t\t<div class=\"e-con-inner\">\n\t\t\t\t<div class=\"elementor-element elementor-element-65b52ab elementor-widget elementor-widget-spacer\" data-id=\"65b52ab\" data-element_type=\"widget\" data-widget_type=\"spacer.default\">\n\t\t\t\t<div class=\"elementor-widget-container\">\n\t\t\t\t\t\t\t<div class=\"elementor-spacer\">\n\t\t\t<div class=\"elementor-spacer-inner\"><\/div>\n\t\t<\/div>\n\t\t\t\t\t\t<\/div>\n\t\t\t\t<\/div>\n\t\t\t\t\t<\/div>\n\t\t\t\t<\/div>\n\t\t<div class=\"elementor-element elementor-element-fdaf8e6 e-flex e-con-boxed e-con e-parent\" data-id=\"fdaf8e6\" data-element_type=\"container\">\n\t\t\t\t\t<div class=\"e-con-inner\">\n\t\t\t\t<div class=\"elementor-element elementor-element-abe7f03 elementor-widget elementor-widget-heading\" data-id=\"abe7f03\" data-element_type=\"widget\" data-widget_type=\"heading.default\">\n\t\t\t\t<div class=\"elementor-widget-container\">\n\t\t\t\t\t<h2 class=\"elementor-heading-title elementor-size-default\">\u0130NG\u0130L\u0130Z SETTER<\/h2>\t\t\t\t<\/div>\n\t\t\t\t<\/div>\n\t\t\t\t\t<\/div>\n\t\t\t\t<\/div>\n\t\t<div class=\"elementor-element elementor-element-1536e16 e-con-full e-flex e-con e-parent\" data-id=\"1536e16\" data-element_type=\"container\">\n\t\t<div class=\"elementor-element elementor-element-8840479 e-con-full e-flex e-con e-child\" data-id=\"8840479\" data-element_type=\"container\">\n\t\t\t\t<div class=\"elementor-element elementor-element-31c0842 yapiskan elementor-widget elementor-widget-image\" data-id=\"31c0842\" data-element_type=\"widget\" data-widget_type=\"image.default\">\n\t\t\t\t<div class=\"elementor-widget-container\">\n\t\t\t\t\t\t\t\t\t\t\t\t\t\t\t<img fetchpriority=\"high\" decoding=\"async\" width=\"642\" height=\"1024\" src=\"https:\/\/setterirkdernegi.com.tr\/wp-content\/uploads\/2024\/08\/setter_topli-642x1024.jpg\" class=\"attachment-large size-large wp-image-1519\" alt=\"\" srcset=\"https:\/\/setterirkdernegi.com.tr\/wp-content\/uploads\/2024\/08\/setter_topli-642x1024.jpg 642w, https:\/\/setterirkdernegi.com.tr\/wp-content\/uploads\/2024\/08\/setter_topli-188x300.jpg 188w, https:\/\/setterirkdernegi.com.tr\/wp-content\/uploads\/2024\/08\/setter_topli.jpg 744w\" sizes=\"(max-width: 642px) 100vw, 642px\" \/>\t\t\t\t\t\t\t\t\t\t\t\t\t\t\t<\/div>\n\t\t\t\t<\/div>\n\t\t\t\t<\/div>\n\t\t<div class=\"elementor-element elementor-element-1f73966 e-con-full e-flex e-con e-child\" data-id=\"1f73966\" data-element_type=\"container\">\n\t\t\t\t<div class=\"elementor-element elementor-element-994a688 elementor-widget elementor-widget-heading\" data-id=\"994a688\" data-element_type=\"widget\" data-widget_type=\"heading.default\">\n\t\t\t\t<div class=\"elementor-widget-container\">\n\t\t\t\t\t<h2 class=\"elementor-heading-title elementor-size-default\">Zarafet ve Avc\u0131l\u0131\u011f\u0131n Elegant bir  Dengesi <\/h2>\t\t\t\t<\/div>\n\t\t\t\t<\/div>\n\t\t\t\t<div class=\"elementor-element elementor-element-bcbb929 elementor-widget elementor-widget-text-editor\" data-id=\"bcbb929\" data-element_type=\"widget\" data-widget_type=\"text-editor.default\">\n\t\t\t\t<div class=\"elementor-widget-container\">\n\t\t\t\t\t\t\t\t\t<p style=\"font-weight: 400;\">\u0130ngiliz Setter, avc\u0131 ruhu ile aristokrat bir zarafeti harmanlayan, enerjik ve dost canl\u0131s\u0131 bir k\u00f6pek \u0131rk\u0131d\u0131r. Hem av sahas\u0131nda hem de ev ortam\u0131nda m\u00fckemmel bir dost olabilen bu k\u00f6pekler, as\u0131rlard\u0131r yetenekleri ve karakterleriyle g\u00f6z dolduruyor. \u0130\u015fte bu muhte\u015fem \u0131rk\u0131n detaylar\u0131!<\/p>\t\t\t\t\t\t\t\t<\/div>\n\t\t\t\t<\/div>\n\t\t\t\t<div class=\"elementor-element elementor-element-2b74655 elementor-widget elementor-widget-heading\" data-id=\"2b74655\" data-element_type=\"widget\" data-widget_type=\"heading.default\">\n\t\t\t\t<div class=\"elementor-widget-container\">\n\t\t\t\t\t<h2 class=\"elementor-heading-title elementor-size-default\">Tarih\u00e7e<\/h2>\t\t\t\t<\/div>\n\t\t\t\t<\/div>\n\t\t\t\t<div class=\"elementor-element elementor-element-c413dfb elementor-widget elementor-widget-text-editor\" data-id=\"c413dfb\" data-element_type=\"widget\" data-widget_type=\"text-editor.default\">\n\t\t\t\t<div class=\"elementor-widget-container\">\n\t\t\t\t\t\t\t\t\t<p style=\"font-weight: 400;\">\u0130ngiliz Setter\u2019\u0131n k\u00f6keni 14. y\u00fczy\u0131la kadar uzan\u0131r. Avrupa&#8217;daki spaniellerden t\u00fcredi\u011fi d\u00fc\u015f\u00fcn\u00fclen bu \u0131rk, \u00f6zellikle 19. y\u00fczy\u0131lda Edward Laverack ve R. Purcell Llewellin gibi isimlerin katk\u0131lar\u0131yla g\u00fcn\u00fcm\u00fczdeki ideal formuna ula\u015fm\u0131\u015ft\u0131r. Laverack Setteri daha zarif ve g\u00f6steri\u015fli bir forma sahipken, Llewellin Setteri daha \u00e7ok saha performans\u0131na odaklanm\u0131\u015ft\u0131r. G\u00fcn\u00fcm\u00fczde \u0130ngiliz Setter\u2019ler, hem g\u00f6steri ringlerinde hem de av sahalar\u0131nda kendilerine has stilleriyle tan\u0131n\u0131r.<\/p>\t\t\t\t\t\t\t\t<\/div>\n\t\t\t\t<\/div>\n\t\t\t\t<div class=\"elementor-element elementor-element-8d71194 elementor-widget elementor-widget-heading\" data-id=\"8d71194\" data-element_type=\"widget\" data-widget_type=\"heading.default\">\n\t\t\t\t<div class=\"elementor-widget-container\">\n\t\t\t\t\t<h2 class=\"elementor-heading-title elementor-size-default\">Irk Standartlar\u0131<\/h2>\t\t\t\t<\/div>\n\t\t\t\t<\/div>\n\t\t\t\t<div class=\"elementor-element elementor-element-29dd1bb elementor-widget elementor-widget-text-editor\" data-id=\"29dd1bb\" data-element_type=\"widget\" data-widget_type=\"text-editor.default\">\n\t\t\t\t<div class=\"elementor-widget-container\">\n\t\t\t\t\t\t\t\t\t<p style=\"font-weight: 400;\"><strong>Fiziksel \u00d6zellikler<\/strong><\/p><ul style=\"font-weight: 400;\"><li><strong>Boyut:<\/strong> Erkekler 63-68 cm, di\u015filer 58-63 cm<\/li><li><strong>A\u011f\u0131rl\u0131k:<\/strong> Erkekler 25-36 kg, di\u015filer 20-32 kg<\/li><li><strong>V\u00fccut Yap\u0131s\u0131:<\/strong> Atletik, zarif ve dengeli<\/li><li><strong>T\u00fcy Yap\u0131s\u0131:<\/strong> Orta uzunlukta, ipeksi ve hafif dalgal\u0131<\/li><li><strong>Renkler:<\/strong> Belton deseniyle birlikte beyaz \u00fczerine siyah (blue belton), kahverengi (liver belton), sar\u0131 (lemon belton) veya turuncu (orange belton) lekeler ile bunlar\u0131n \u00fc\u00e7l\u00fc kombinasyonlar\u0131 ile Tri-Colorlard\u0131r.<\/li><\/ul>\t\t\t\t\t\t\t\t<\/div>\n\t\t\t\t<\/div>\n\t\t\t\t<div class=\"elementor-element elementor-element-4806dcb elementor-widget elementor-widget-heading\" data-id=\"4806dcb\" data-element_type=\"widget\" data-widget_type=\"heading.default\">\n\t\t\t\t<div class=\"elementor-widget-container\">\n\t\t\t\t\t<h2 class=\"elementor-heading-title elementor-size-default\">Karakter ve Davran\u0131\u015f<\/h2>\t\t\t\t<\/div>\n\t\t\t\t<\/div>\n\t\t\t\t<div class=\"elementor-element elementor-element-b587c24 elementor-widget elementor-widget-text-editor\" data-id=\"b587c24\" data-element_type=\"widget\" data-widget_type=\"text-editor.default\">\n\t\t\t\t<div class=\"elementor-widget-container\">\n\t\t\t\t\t\t\t\t\t<p style=\"font-weight: 400;\">\u0130ngiliz Setter\u2019ler, dost canl\u0131s\u0131 ve uysal do\u011falar\u0131yla bilinir. \u0130nsanlarla ve di\u011fer hayvanlarla kolayca uyum sa\u011flarlar. Sahada ise enerjik, odaklanm\u0131\u015f ve muazzam bir koku alma yetene\u011fine sahiptirler. Av s\u0131ras\u0131nda k\u0131p\u0131r k\u0131p\u0131r, evde ise bir koltuk k\u00f6pe\u011fi gibi rahat olabilirler.<\/p>\t\t\t\t\t\t\t\t<\/div>\n\t\t\t\t<\/div>\n\t\t\t\t<div class=\"elementor-element elementor-element-3718635 elementor-widget elementor-widget-heading\" data-id=\"3718635\" data-element_type=\"widget\" data-widget_type=\"heading.default\">\n\t\t\t\t<div class=\"elementor-widget-container\">\n\t\t\t\t\t<h2 class=\"elementor-heading-title elementor-size-default\">E\u011fitim ve Av Yetene\u011fi<\/h2>\t\t\t\t<\/div>\n\t\t\t\t<\/div>\n\t\t\t\t<div class=\"elementor-element elementor-element-f6fdb3c elementor-widget elementor-widget-text-editor\" data-id=\"f6fdb3c\" data-element_type=\"widget\" data-widget_type=\"text-editor.default\">\n\t\t\t\t<div class=\"elementor-widget-container\">\n\t\t\t\t\t\t\t\t\t<p style=\"font-weight: 400;\">\u0130ngiliz Setter\u2019ler, sab\u0131rl\u0131 ve pozitif yakla\u015f\u0131mla e\u011fitildi\u011finde harika sonu\u00e7lar verirler. Do\u011fal av i\u00e7g\u00fcd\u00fcleri , harika ko\u015fu stili ve temposu sayesinde Mera yar\u0131\u015fmalar\u0131 \u00a0ve avc\u0131l\u0131k alan\u0131nda \u00fcst\u00fcn performans g\u00f6sterirler. Ancak, e\u011fitimde inat\u00e7\u0131 ve \u00f6zg\u00fcr ruhlu yap\u0131lar\u0131 nedeniyle tutarl\u0131 olmak gerekir.<\/p>\t\t\t\t\t\t\t\t<\/div>\n\t\t\t\t<\/div>\n\t\t\t\t<div class=\"elementor-element elementor-element-4f282b6 elementor-widget elementor-widget-heading\" data-id=\"4f282b6\" data-element_type=\"widget\" data-widget_type=\"heading.default\">\n\t\t\t\t<div class=\"elementor-widget-container\">\n\t\t\t\t\t<h2 class=\"elementor-heading-title elementor-size-default\">Av Performans\u0131 ve Uzmanla\u015ft\u0131\u011f\u0131 Av T\u00fcrleri<\/h2>\t\t\t\t<\/div>\n\t\t\t\t<\/div>\n\t\t\t\t<div class=\"elementor-element elementor-element-5ed2f57 elementor-widget elementor-widget-text-editor\" data-id=\"5ed2f57\" data-element_type=\"widget\" data-widget_type=\"text-editor.default\">\n\t\t\t\t<div class=\"elementor-widget-container\">\n\t\t\t\t\t\t\t\t\t<p style=\"font-weight: 400;\">\u0130ngiliz Setter, \u00f6zellikle \u00e7ulluk, b\u0131ld\u0131rc\u0131n Keklik ve s\u00fcl\u00fcn avlar\u0131nda \u00fcst\u00fcn performans g\u00f6sterir. \u00c7ulluk av\u0131nda, s\u0131k orman , \u00e7al\u0131, diken ve karma\u015f\u0131k bitki \u00f6rt\u00fcs\u00fcne uyum sa\u011flama yetene\u011fi ile \u00a0hassas burnu sayesinde rakipsizdir. Uzun mesafeden kokuyu al\u0131p, elegan bir ferma yaparak sabr\u0131 ve komut ile son finalde ku\u015fa dalmas\u0131 sayesinde avc\u0131ya m\u00fckemmel bir y\u00f6nlendirme sa\u011flar. A\u00e7\u0131k arazilerde, \u00a0da\u011fda, ormanda ve yo\u011fun bitki \u00f6rt\u00fcs\u00fcnde sert iklimlerdc bile \u00e7al\u0131\u015fabilme kabiliyeti sayesinde, en zorlu av ortamlar\u0131nda dahi ba\u015far\u0131l\u0131 olur.<\/p>\t\t\t\t\t\t\t\t<\/div>\n\t\t\t\t<\/div>\n\t\t\t\t<\/div>\n\t\t\t\t<\/div>\n\t\t<div class=\"elementor-element elementor-element-9cd40bb e-flex e-con-boxed e-con e-parent\" data-id=\"9cd40bb\" data-element_type=\"container\">\n\t\t\t\t\t<div class=\"e-con-inner\">\n\t\t\t\t<div class=\"elementor-element elementor-element-8550885 elementor-widget elementor-widget-heading\" data-id=\"8550885\" data-element_type=\"widget\" data-widget_type=\"heading.default\">\n\t\t\t\t<div class=\"elementor-widget-container\">\n\t\t\t\t\t<h2 class=\"elementor-heading-title elementor-size-default\">Field Trial ve Yar\u0131\u015fmalardaki Ba\u015far\u0131lar\u0131<\/h2>\t\t\t\t<\/div>\n\t\t\t\t<\/div>\n\t\t\t\t<div class=\"elementor-element elementor-element-f83802b elementor-widget elementor-widget-text-editor\" data-id=\"f83802b\" data-element_type=\"widget\" data-widget_type=\"text-editor.default\">\n\t\t\t\t<div class=\"elementor-widget-container\">\n\t\t\t\t\t\t\t\t\t<p style=\"font-weight: 400;\">\u0130ngiliz Setter, \u00f6zellikle <strong>Grande Cerca<\/strong> ve <strong>Caccia Starne<\/strong> gibi prestijli saha yar\u0131\u015fmalar\u0131nda b\u00fcy\u00fck ba\u015far\u0131lar elde etmi\u015ftir. Bu yar\u0131\u015fmalarda geni\u015f alanlar\u0131 tarayarak y\u00fcksek h\u0131z ve hassas fermas\u0131 ile fark yarat\u0131r. Grande Cerca gibi a\u00e7\u0131k arazilerde uzun mesafe arama yetene\u011fi ve keskin sezgileri sayesinde \u00fcst\u00fcn bir performans sergilerken, Caccia Starne\u2019de ise sistemsel bir kurgu ile y\u00fcksek temposu,\u00a0 \u00a0koku takibi, fermas\u0131 ve avc\u0131 ile uyumu \u00f6n plana \u00e7\u0131kar. Setter\u2019ler, \u0130talya, Fransa ve \u0130spanya gibi \u00fclkelerde d\u00fczenlenen yar\u0131\u015fmalarda s\u0131k\u00e7a birincilik elde ederler ve bir\u00e7ok avc\u0131n\u0131n ilk tercihi olurlar.<\/p>\t\t\t\t\t\t\t\t<\/div>\n\t\t\t\t<\/div>\n\t\t\t\t<div class=\"elementor-element elementor-element-4d8e8aa elementor-widget elementor-widget-heading\" data-id=\"4d8e8aa\" data-element_type=\"widget\" data-widget_type=\"heading.default\">\n\t\t\t\t<div class=\"elementor-widget-container\">\n\t\t\t\t\t<h2 class=\"elementor-heading-title elementor-size-default\">Olumlu ve Olumsuz Y\u00f6nleri<\/h2>\t\t\t\t<\/div>\n\t\t\t\t<\/div>\n\t\t\t\t<div class=\"elementor-element elementor-element-0984ff4 elementor-widget elementor-widget-text-editor\" data-id=\"0984ff4\" data-element_type=\"widget\" data-widget_type=\"text-editor.default\">\n\t\t\t\t<div class=\"elementor-widget-container\">\n\t\t\t\t\t\t\t\t\t<p style=\"font-weight: 400;\"><strong>Olumlu Y\u00f6nleri<\/strong><\/p><p style=\"font-weight: 400;\">\u2705 Sad\u0131k ve sevgi dolu bir dost \u2705 \u00c7ocuklar ve di\u011fer evcil hayvanlarla uyumlu \u2705 Enerjik ve hareketli, a\u00e7\u0131k arazide \u00f6zg\u00fcrce ko\u015fmay\u0131 sever \u2705 Harika bir avc\u0131 ve m\u00fckemmel bir koku alma yetene\u011fi \u2705 Estetik g\u00f6r\u00fcn\u00fcm\u00fcyle g\u00f6z al\u0131c\u0131 bir k\u00f6pek \u2705 \u00c7ulluk ve b\u0131ld\u0131rc\u0131n av\u0131nda \u00fcst\u00fcn performans g\u00f6sterir \u2705 Grande Cerca ve Caccia Starne yar\u0131\u015fmalar\u0131nda y\u00fcksek ba\u015far\u0131 g\u00f6sterir<\/p><p style=\"font-weight: 400;\"><strong>\u00a0<\/strong><\/p><p style=\"font-weight: 400;\"><strong>Olumsuz Y\u00f6nleri<\/strong><\/p><p style=\"font-weight: 400;\">\u274c Yo\u011fun egzersiz ihtiyac\u0131 nedeniyle hareketsiz bir ya\u015fama uygun de\u011fildir \u274c T\u00fcy bak\u0131m\u0131 d\u00fczenli yap\u0131lmazsa d\u00fc\u011f\u00fcmlenebilir \u274c \u0130nat\u00e7\u0131 olabilir, e\u011fitimde sab\u0131r gerektirir \u274c Hassas bir ruhu oldu\u011fu i\u00e7in sert disipline uygun de\u011fildir<\/p><p style=\"font-weight: 400;\"><strong>Sonu\u00e7<\/strong><\/p><p style=\"font-weight: 400;\">\u0130ngiliz Setter, hem avc\u0131lar hem de aileler i\u00e7in harika bir se\u00e7imdir. E\u011fer do\u011fayla i\u00e7 i\u00e7e ya\u015famaktan ho\u015flan\u0131yorsan\u0131z ve enerjik bir dost ar\u0131yorsan\u0131z, bu \u0131rk tam size g\u00f6re! Ancak, enerjisini atmas\u0131 i\u00e7in yeterli alan ve egzersiz sunabilece\u011finizden emin olun.<\/p><p style=\"font-weight: 400;\">Unutmay\u0131n, mutlu bir \u0130ngiliz Setter, \u00f6zg\u00fcrce ko\u015fan ve sevgiyle e\u011fitilen bir Setter&#8217;dir!<\/p>\t\t\t\t\t\t\t\t<\/div>\n\t\t\t\t<\/div>\n\t\t\t\t\t<\/div>\n\t\t\t\t<\/div>\n\t\t\t\t<\/div>\n\t\t","protected":false},"excerpt":{"rendered":"<p>\u0130NG\u0130L\u0130Z SETTER Zarafet ve Avc\u0131l\u0131\u011f\u0131n Elegant bir Dengesi \u0130ngiliz Setter, avc\u0131 ruhu ile aristokrat bir zarafeti harmanlayan, enerjik ve dost canl\u0131s\u0131 bir k\u00f6pek \u0131rk\u0131d\u0131r. Hem av sahas\u0131nda hem de ev [&hellip;]<\/p>\n","protected":false},"author":1,"featured_media":0,"parent":0,"menu_order":0,"comment_status":"closed","ping_status":"closed","template":"elementor_header_footer","meta":{"_price":"","_stock":"","_tribe_ticket_header":"","_tribe_default_ticket_provider":"","_tribe_ticket_capacity":"0","_ticket_start_date":"","_ticket_end_date":"","_tribe_ticket_show_description":"","_tribe_ticket_show_not_going":false,"_tribe_ticket_use_global_stock":"","_tribe_ticket_global_stock_level":"","_global_stock_mode":"","_global_stock_cap":"","_tribe_rsvp_for_event":"","_tribe_ticket_going_count":"","_tribe_ticket_not_going_count":"","_tribe_tickets_list":"[]","_tribe_ticket_has_attendee_info_fields":false,"_mc_calendar":[],"footnotes":"","_tec_slr_enabled":"","_tec_slr_layout":""},"class_list":["post-1200","page","type-page","status-publish","hentry"],"ticketed":false,"_links":{"self":[{"href":"https:\/\/setterirkdernegi.com.tr\/index.php\/wp-json\/wp\/v2\/pages\/1200","targetHints":{"allow":["GET"]}}],"collection":[{"href":"https:\/\/setterirkdernegi.com.tr\/index.php\/wp-json\/wp\/v2\/pages"}],"about":[{"href":"https:\/\/setterirkdernegi.com.tr\/index.php\/wp-json\/wp\/v2\/types\/page"}],"author":[{"embeddable":true,"href":"https:\/\/setterirkdernegi.com.tr\/index.php\/wp-json\/wp\/v2\/users\/1"}],"replies":[{"embeddable":true,"href":"https:\/\/setterirkdernegi.com.tr\/index.php\/wp-json\/wp\/v2\/comments?post=1200"}],"version-history":[{"count":107,"href":"https:\/\/setterirkdernegi.com.tr\/index.php\/wp-json\/wp\/v2\/pages\/1200\/revisions"}],"predecessor-version":[{"id":2618,"href":"https:\/\/setterirkdernegi.com.tr\/index.php\/wp-json\/wp\/v2\/pages\/1200\/revisions\/2618"}],"wp:attachment":[{"href":"https:\/\/setterirkdernegi.com.tr\/index.php\/wp-json\/wp\/v2\/media?parent=1200"}],"curies":[{"name":"wp","href":"https:\/\/api.w.org\/{rel}","templated":true}]}}